{"id":2669,"date":"2025-11-21T12:39:16","date_gmt":"2025-11-21T11:39:16","guid":{"rendered":"https:\/\/www.27-215.pl\/?post_type=product&#038;p=2669"},"modified":"2026-04-17T08:09:59","modified_gmt":"2026-04-17T06:09:59","slug":"palacio-konopno-rozmarynowa-piana-do-kapieli-500-ml","status":"publish","type":"product","link":"https:\/\/27-215.pl\/index.php\/produkt\/palacio-konopno-rozmarynowa-piana-do-kapieli-500-ml\/","title":{"rendered":"Piana do k\u0105pieli Palacio o zapachu konopno-rozmarynowym, 500 ml"},"content":{"rendered":"<p data-start=\"0\" data-end=\"101\"><strong data-start=\"0\" data-end=\"101\">PALACIO Cannabis Rosmarinus Bath Foam 500 ml \u2013 relaksuj\u0105ca k\u0105piel z kremow\u0105 pian\u0105 i aromatem rozmarynu \ud83c\udf3f\ud83d\udec1\u2728<\/strong><\/p>\n<p data-start=\"103\" data-end=\"442\">Do\u015bwiadcz relaksuj\u0105cej k\u0105pieli, kt\u00f3ra \u0142\u0105czy w sobie kremow\u0105 pian\u0119 i zio\u0142owy aromat! Ta unikalna mieszanka \u0142\u0105czy wysokiej jako\u015bci olej konopny z koj\u0105cym zapachem rozmarynu, tworz\u0105c idealny rytua\u0142 dla cia\u0142a i zmys\u0142\u00f3w. Sk\u00f3ra zostaje delikatnie oczyszczona, zmi\u0119kczona i zabezpieczona przed przesuszeniem, pozostawiaj\u0105c uczucie g\u0142\u0119bokiego relaksu, komfortu i \u015bwie\u017co\u015bci.<\/p>\n<p data-start=\"444\" data-end=\"761\"><strong data-start=\"444\" data-end=\"465\">\u2728 Dlaczego jest to dobry wyb\u00f3r?<\/strong><br data-start=\"465\" data-end=\"468\" \/>\u2022 delikatnie rozgrzewa i odpr\u0119\u017ca sk\u00f3r\u0119<br data-start=\"504\" data-end=\"507\" \/>\u2022 wyg\u0142adza i zmi\u0119kcza sk\u00f3r\u0119 ca\u0142ego cia\u0142a<br data-start=\"547\" data-end=\"550\" \/>\u2022 uspokaja, koi i przywraca r\u00f3wnowag\u0119<br data-start=\"587\" data-end=\"590\" \/>\u2022 oczyszcza delikatnie, bez wysuszania<br data-start=\"627\" data-end=\"630\" \/>\u2022 od\u015bwie\u017ca zmys\u0142y i pobudza umys\u0142<br data-start=\"663\" data-end=\"666\" \/>\u2022 ma przyjemny, rozmarynowy zapach<br data-start=\"694\" data-end=\"697\" \/>\u2022 tworzy g\u0119st\u0105, otulaj\u0105c\u0105 pian\u0119<br data-start=\"728\" data-end=\"731\" \/>\u2022 przesz\u0142a testy dermatologiczne<\/p>\n<p data-start=\"763\" data-end=\"1039\"><strong data-start=\"763\" data-end=\"781\">\ud83c\udf3f Jak to dzia\u0142a?<\/strong><br data-start=\"781\" data-end=\"784\" \/>Olej konopny pe\u0142ni rol\u0119 naturalnego emolientu \u2013 chroni sk\u00f3r\u0119, od\u017cywia j\u0105 i zapobiega podra\u017cnieniom. Delikatne substancje myj\u0105ce zapewniaj\u0105 skuteczne i delikatne oczyszczenie. Zapach rozmarynu dodaje k\u0105pieli aromaterapeutyczny charakter, relaksuj\u0105c i pobudzaj\u0105c.<\/p>\n<p data-start=\"1041\" data-end=\"1201\"><strong data-start=\"1041\" data-end=\"1062\">\ud83d\udec1 Jak u\u017cywa\u0107:<\/strong><br data-start=\"1062\" data-end=\"1065\" \/>Wlej odpowiedni\u0105 ilo\u015b\u0107 p\u0142ynu pod strumie\u0144 ciep\u0142ej wody, aby uzyska\u0107 po\u017c\u0105dan\u0105 ilo\u015b\u0107 piany, i ciesz si\u0119 relaksuj\u0105c\u0105 k\u0105piel\u0105.<\/p>\n<p data-start=\"1203\" data-end=\"1281\"><strong data-start=\"1203\" data-end=\"1220\">\ud83e\uddfe Sk\u0142ad:<\/strong><br data-start=\"1220\" data-end=\"1223\" \/>olej konopny, delikatne tensydy, s\u00f3l, kompozycja zapachowa<\/p>\n<p data-start=\"1283\" data-end=\"1307\" data-is-last-node=\"\" data-is-only-node=\"\"><strong data-start=\"1283\" data-end=\"1300\">\ud83d\udce6 Pojemno\u015b\u0107:<\/strong> 500 ml<\/p>\n","protected":false},"excerpt":{"rendered":"<p>PALACIO Cannabis Rosmarinus Bath Foam 500 ml \u2013 relaksuj\u0105ca k\u0105piel z kremow\u0105 pian\u0105 i aromatem rozmarynu \ud83c\udf3f\ud83d\udec1\u2728 Do\u015bwiadcz relaksuj\u0105cej k\u0105pieli, kt\u00f3ra \u0142\u0105czy w sobie kremow\u0105 pian\u0119 i zio\u0142owy aromat! Ta unikalna mieszanka \u0142\u0105czy wysokiej jako\u015bci olej konopny z koj\u0105cym zapachem rozmarynu, tworz\u0105c idealny rytua\u0142 dla cia\u0142a i zmys\u0142\u00f3w. Sk\u00f3ra zostaje delikatnie oczyszczona, zmi\u0119kczona i zabezpieczona [&hellip;]<\/p>\n","protected":false},"featured_media":33551,"template":"","meta":[],"product_brand":[22],"product_cat":[21],"product_tag":[],"class_list":{"0":"post-2669","1":"product","2":"type-product","3":"status-publish","4":"has-post-thumbnail","6":"product_brand-palacio","7":"product_cat-palacio","9":"first","10":"instock","11":"taxable","12":"shipping-taxable","13":"purchasable","14":"product-type-simple"},"_links":{"self":[{"href":"https:\/\/27-215.pl\/index.php\/wp-json\/wp\/v2\/product\/2669","targetHints":{"allow":["GET"]}}],"collection":[{"href":"https:\/\/27-215.pl\/index.php\/wp-json\/wp\/v2\/product"}],"about":[{"href":"https:\/\/27-215.pl\/index.php\/wp-json\/wp\/v2\/types\/product"}],"wp:featuredmedia":[{"embeddable":true,"href":"https:\/\/27-215.pl\/index.php\/wp-json\/wp\/v2\/media\/33551"}],"wp:attachment":[{"href":"https:\/\/27-215.pl\/index.php\/wp-json\/wp\/v2\/media?parent=2669"}],"wp:term":[{"taxonomy":"product_brand","embeddable":true,"href":"https:\/\/27-215.pl\/index.php\/wp-json\/wp\/v2\/product_brand?post=2669"},{"taxonomy":"product_cat","embeddable":true,"href":"https:\/\/27-215.pl\/index.php\/wp-json\/wp\/v2\/product_cat?post=2669"},{"taxonomy":"product_tag","embeddable":true,"href":"https:\/\/27-215.pl\/index.php\/wp-json\/wp\/v2\/product_tag?post=2669"}],"curies":[{"name":"wp","href":"https:\/\/api.w.org\/{rel}","templated":true}]}}