{"id":2678,"date":"2025-11-23T14:25:46","date_gmt":"2025-11-23T13:25:46","guid":{"rendered":"https:\/\/www.27-215.pl\/?post_type=product&#038;p=2678"},"modified":"2026-04-17T08:09:51","modified_gmt":"2026-04-17T06:09:51","slug":"masc-propolisowa-3-z-cholesterolem-20-g","status":"publish","type":"product","link":"https:\/\/27-215.pl\/index.php\/produkt\/masc-propolisowa-3-z-cholesterolem-20-g\/","title":{"rendered":"Ma\u015b\u0107 z propolisem 3% i cholesterolem, 20g"},"content":{"rendered":"<h3 data-start=\"0\" data-end=\"30\">Ma\u015b\u0107 Propolisowa 3% z cholesterolem \u2013 20 g<\/h3>\n<p data-start=\"32\" data-end=\"359\">Preparat piel\u0119gnacyjny Ma\u015b\u0107 Propolisowa 3% zawiera naturalny propolis, dzi\u0119ki czemu jest idealny dla sk\u00f3ry, kt\u00f3ra wymaga ukojenia i wsparcia. Ma\u015b\u0107 ta pomaga zredukowa\u0107 drobne podra\u017cnienia i zaczerwienienia, wspiera proces regeneracji oraz tworzy delikatn\u0105 ochron\u0119 sk\u00f3ry. Doskonale nadaje si\u0119 do stosowania miejscowego, zw\u0142aszcza w sytuacjach, gdy sk\u00f3ra potrzebuje dodatkowego wsparcia.<\/p>\n<h4 data-start=\"361\" data-end=\"383\">\u2728 Spos\u00f3b u\u017cycia<\/h4>\n<p data-start=\"384\" data-end=\"581\">Aplikuj cienk\u0105 warstw\u0119 ma\u015bci na sk\u00f3r\u0119 oczyszczon\u0105 2-3 razy dziennie.<br data-start=\"450\" data-end=\"453\" \/>Zalecane jest unikanie stosowania w przypadku uczulenia na produkty pszczelarskie. Przechowywa\u0107 w temperaturze do 25\u00b0C, w miejscu niedost\u0119pnym dla dzieci.<\/p>\n<h4 data-start=\"583\" data-end=\"608\">\ud83c\udf3f Dlaczego warto?<\/h4>\n<ul data-start=\"609\" data-end=\"736\">\n<li data-start=\"609\" data-end=\"633\">\n<p data-start=\"611\" data-end=\"633\">Zawiera a\u017c 3% propolisu<\/p>\n<\/li>\n<li data-start=\"634\" data-end=\"664\">\n<p data-start=\"636\" data-end=\"664\">Wspiera naturalny proces regeneracji sk\u00f3ry<\/p>\n<\/li>\n<li data-start=\"665\" data-end=\"702\">\n<p data-start=\"667\" data-end=\"702\">Przynosi ulg\u0119 i ukojenie sk\u00f3rze podra\u017cnionej<\/p>\n<\/li>\n<li data-start=\"703\" data-end=\"736\">\n<p data-start=\"705\" data-end=\"736\">Charakteryzuje si\u0119 prost\u0105, ale skuteczn\u0105 formu\u0142\u0105<\/p>\n<\/li>\n<\/ul>\n<h4 data-start=\"738\" data-end=\"753\">\ud83e\uddf4 Sk\u0142ad<\/h4>\n<p data-start=\"754\" data-end=\"835\">Sk\u0142adniki: Petrolatum, Propylene Glycol, Aqua, Propolis Extract, Cetyl Alcohol, Cholesterol.<\/p>\n<h4 data-start=\"837\" data-end=\"860\" data-is-last-node=\"\" data-is-only-node=\"\">\ud83d\udce6 Pojemno\u015b\u0107: 20 g<\/h4>\n","protected":false},"excerpt":{"rendered":"<p>Ma\u015b\u0107 Propolisowa 3% z cholesterolem \u2013 20 g Preparat piel\u0119gnacyjny Ma\u015b\u0107 Propolisowa 3% zawiera naturalny propolis, dzi\u0119ki czemu jest idealny dla sk\u00f3ry, kt\u00f3ra wymaga ukojenia i wsparcia. Ma\u015b\u0107 ta pomaga zredukowa\u0107 drobne podra\u017cnienia i zaczerwienienia, wspiera proces regeneracji oraz tworzy delikatn\u0105 ochron\u0119 sk\u00f3ry. Doskonale nadaje si\u0119 do stosowania miejscowego, zw\u0142aszcza w sytuacjach, gdy sk\u00f3ra potrzebuje [&hellip;]<\/p>\n","protected":false},"featured_media":33549,"template":"","meta":[],"product_brand":[70],"product_cat":[69],"product_tag":[],"class_list":{"0":"post-2678","1":"product","2":"type-product","3":"status-publish","4":"has-post-thumbnail","6":"product_brand-apipolfarma","7":"product_cat-apipolfarma","9":"first","10":"outofstock","11":"taxable","12":"shipping-taxable","13":"purchasable","14":"product-type-simple"},"_links":{"self":[{"href":"https:\/\/27-215.pl\/index.php\/wp-json\/wp\/v2\/product\/2678","targetHints":{"allow":["GET"]}}],"collection":[{"href":"https:\/\/27-215.pl\/index.php\/wp-json\/wp\/v2\/product"}],"about":[{"href":"https:\/\/27-215.pl\/index.php\/wp-json\/wp\/v2\/types\/product"}],"wp:featuredmedia":[{"embeddable":true,"href":"https:\/\/27-215.pl\/index.php\/wp-json\/wp\/v2\/media\/33549"}],"wp:attachment":[{"href":"https:\/\/27-215.pl\/index.php\/wp-json\/wp\/v2\/media?parent=2678"}],"wp:term":[{"taxonomy":"product_brand","embeddable":true,"href":"https:\/\/27-215.pl\/index.php\/wp-json\/wp\/v2\/product_brand?post=2678"},{"taxonomy":"product_cat","embeddable":true,"href":"https:\/\/27-215.pl\/index.php\/wp-json\/wp\/v2\/product_cat?post=2678"},{"taxonomy":"product_tag","embeddable":true,"href":"https:\/\/27-215.pl\/index.php\/wp-json\/wp\/v2\/product_tag?post=2678"}],"curies":[{"name":"wp","href":"https:\/\/api.w.org\/{rel}","templated":true}]}}