{"id":2680,"date":"2025-11-23T14:29:05","date_gmt":"2025-11-23T13:29:05","guid":{"rendered":"https:\/\/www.27-215.pl\/?post_type=product&#038;p=2680"},"modified":"2026-04-17T08:09:44","modified_gmt":"2026-04-17T06:09:44","slug":"masc-propolisowa-20-forte-20-g","status":"publish","type":"product","link":"https:\/\/27-215.pl\/index.php\/produkt\/masc-propolisowa-20-forte-20-g\/","title":{"rendered":"Propolisowa ma\u015b\u0107 20% forte, 20 gram"},"content":{"rendered":"<h3 data-start=\"0\" data-end=\"31\">Ma\u015b\u0107 Propolisowa 20% \u2013 20 g<\/h3>\n<p data-start=\"33\" data-end=\"340\">Preparat Ma\u015b\u0107 Propolisowa 20% charakteryzuje si\u0119 wysok\u0105 zawarto\u015bci\u0105 naturalnego propolisu, co sprawia, \u017ce jest on idealny dla sk\u00f3r suchych, kt\u00f3re s\u0105 podatne na otarcia i podra\u017cnienia. Dzi\u0119ki temu, \u017ce wspiera proces regeneracji, koi uczucie dyskomfortu oraz tworzy warstw\u0119 ochronn\u0105, sk\u00f3ra mo\u017ce szybko wr\u00f3ci\u0107 do dobrej kondycji.<\/p>\n<h4 data-start=\"342\" data-end=\"364\">\u2728 Spos\u00f3b u\u017cycia<\/h4>\n<p data-start=\"365\" data-end=\"600\">Aplikuj niewielk\u0105 ilo\u015b\u0107 ma\u015bci miejscowo na oczyszczon\u0105 i osuszon\u0105 sk\u00f3r\u0119, 2\u20133 razy dziennie.<br data-start=\"454\" data-end=\"457\" \/>Nie zaleca si\u0119 stosowania przy nadwra\u017cliwo\u015bci na produkty pszczele lub kt\u00f3rykolwiek sk\u0142adnik. Nale\u017cy r\u00f3wnie\u017c pami\u0119ta\u0107, \u017ce ma\u015b\u0107 mo\u017ce powodowa\u0107 zabarwienie w\u0142os\u00f3w i tkanin.<\/p>\n<h4 data-start=\"602\" data-end=\"627\">\ud83c\udf3f Dlaczego warto?<\/h4>\n<ul data-start=\"628\" data-end=\"853\">\n<li data-start=\"628\" data-end=\"671\">\n<p data-start=\"630\" data-end=\"671\">Wyr\u00f3\u017cnia si\u0119 wysok\u0105 zawarto\u015bci\u0105 propolisu, si\u0119gaj\u0105c\u0105 20%<\/p>\n<\/li>\n<li data-start=\"672\" data-end=\"736\">\n<p data-start=\"674\" data-end=\"736\">Stworzona z my\u015bl\u0105 o sk\u00f3rach suchych, kt\u00f3re cz\u0119sto s\u0105 nara\u017cone na otarcia i podra\u017cnienia<\/p>\n<\/li>\n<li data-start=\"737\" data-end=\"798\">\n<p data-start=\"739\" data-end=\"798\">Dzi\u0119ki swoim w\u0142a\u015bciwo\u015bciom, tworzy ochronn\u0105 warstw\u0119, wspieraj\u0105c naturalny proces regeneracji sk\u00f3ry<\/p>\n<\/li>\n<li data-start=\"799\" data-end=\"853\">\n<p data-start=\"801\" data-end=\"853\">Ma\u015b\u0107 jest wygodna w u\u017cyciu, dzi\u0119ki czemu aplikacja miejscowa jest \u0142atwa i prosta<\/p>\n<\/li>\n<\/ul>\n<h4 data-start=\"855\" data-end=\"870\">\ud83e\uddf4 Sk\u0142ad<\/h4>\n<p data-start=\"871\" data-end=\"918\">Petrolatum, Lanolin, Propolis Extract, Alcohol.<\/p>\n<h4 data-start=\"920\" data-end=\"943\">\ud83d\udce6 Pojemno\u015b\u0107: 20 g<\/h4>\n","protected":false},"excerpt":{"rendered":"<p>Ma\u015b\u0107 Propolisowa 20% \u2013 20 g Preparat Ma\u015b\u0107 Propolisowa 20% charakteryzuje si\u0119 wysok\u0105 zawarto\u015bci\u0105 naturalnego propolisu, co sprawia, \u017ce jest on idealny dla sk\u00f3r suchych, kt\u00f3re s\u0105 podatne na otarcia i podra\u017cnienia. Dzi\u0119ki temu, \u017ce wspiera proces regeneracji, koi uczucie dyskomfortu oraz tworzy warstw\u0119 ochronn\u0105, sk\u00f3ra mo\u017ce szybko wr\u00f3ci\u0107 do dobrej kondycji. \u2728 Spos\u00f3b u\u017cycia [&hellip;]<\/p>\n","protected":false},"featured_media":33547,"template":"","meta":[],"product_brand":[70],"product_cat":[69],"product_tag":[],"class_list":{"0":"post-2680","1":"product","2":"type-product","3":"status-publish","4":"has-post-thumbnail","6":"product_brand-apipolfarma","7":"product_cat-apipolfarma","9":"first","10":"outofstock","11":"taxable","12":"shipping-taxable","13":"purchasable","14":"product-type-simple"},"_links":{"self":[{"href":"https:\/\/27-215.pl\/index.php\/wp-json\/wp\/v2\/product\/2680","targetHints":{"allow":["GET"]}}],"collection":[{"href":"https:\/\/27-215.pl\/index.php\/wp-json\/wp\/v2\/product"}],"about":[{"href":"https:\/\/27-215.pl\/index.php\/wp-json\/wp\/v2\/types\/product"}],"wp:featuredmedia":[{"embeddable":true,"href":"https:\/\/27-215.pl\/index.php\/wp-json\/wp\/v2\/media\/33547"}],"wp:attachment":[{"href":"https:\/\/27-215.pl\/index.php\/wp-json\/wp\/v2\/media?parent=2680"}],"wp:term":[{"taxonomy":"product_brand","embeddable":true,"href":"https:\/\/27-215.pl\/index.php\/wp-json\/wp\/v2\/product_brand?post=2680"},{"taxonomy":"product_cat","embeddable":true,"href":"https:\/\/27-215.pl\/index.php\/wp-json\/wp\/v2\/product_cat?post=2680"},{"taxonomy":"product_tag","embeddable":true,"href":"https:\/\/27-215.pl\/index.php\/wp-json\/wp\/v2\/product_tag?post=2680"}],"curies":[{"name":"wp","href":"https:\/\/api.w.org\/{rel}","templated":true}]}}