{"id":2684,"date":"2025-11-23T14:39:15","date_gmt":"2025-11-23T13:39:15","guid":{"rendered":"https:\/\/www.27-215.pl\/?post_type=product&#038;p=2684"},"modified":"2026-04-17T08:09:29","modified_gmt":"2026-04-17T06:09:29","slug":"mleczko-pszczele-royal-jelly-150-45-tabletek","status":"publish","type":"product","link":"https:\/\/27-215.pl\/index.php\/produkt\/mleczko-pszczele-royal-jelly-150-45-tabletek\/","title":{"rendered":"Royal Jelly 150 &#8211; Mleczko Pszczele w 45 tabletkach"},"content":{"rendered":"<h3 data-start=\"0\" data-end=\"50\">Mleczko Pszczele Royal Jelly 150 \u2013 45 tabletek<\/h3>\n<p data-start=\"52\" data-end=\"434\">Suplement diety Mleczko Pszczele Royal Jelly 150 jest przeznaczony dla os\u00f3b, kt\u00f3re chc\u0105 poprawi\u0107 swoj\u0105 witalno\u015b\u0107, kondycj\u0119 fizyczn\u0105 i psychiczn\u0105. Produkt zawiera wyj\u0105tkow\u0105 substancj\u0119 od\u017cywcz\u0105, jak\u0105 jest mleczko pszczele, wytwarzane przez pszczo\u0142y specjalnie dla kr\u00f3lowej matki. Mleczko to jest bogate w cenne sk\u0142adniki, takie jak aminokwasy, witaminy z grupy B, biopierwiastki, enzymy, wolne kwasy t\u0142uszczowe, fosfolipidy, sterole i woski.<\/p>\n<h4 data-start=\"436\" data-end=\"458\">\u2728 Spos\u00f3b u\u017cycia<\/h4>\n<p data-start=\"459\" data-end=\"639\">Zalecane dzienne spo\u017cycie wynosi 1-2 tabletki, kt\u00f3re najlepiej przyjmowa\u0107 na czczo. Tabletk\u0119 nale\u017cy ssa\u0107 powoli. Mo\u017cna stosowa\u0107 produkt przez trzy miesi\u0105ce, po czym zalecana jest miesi\u0119czna przerwa, po kt\u00f3rej kuracj\u0119 mo\u017cna wznowi\u0107.<\/p>\n<h4 data-start=\"641\" data-end=\"666\">\ud83c\udf3f Dlaczego warto?<\/h4>\n<ul data-start=\"667\" data-end=\"881\">\n<li data-start=\"667\" data-end=\"733\">\n<p data-start=\"669\" data-end=\"733\">Zawiera 150 mg \u015bwie\u017cego mleczka pszczelego, w tym 50 mg liofilizatu<\/p>\n<\/li>\n<li data-start=\"734\" data-end=\"786\">\n<p data-start=\"736\" data-end=\"786\">Wspomaga naturaln\u0105 witalno\u015b\u0107 i kondycj\u0119 organizmu<\/p>\n<\/li>\n<li data-start=\"787\" data-end=\"844\">\n<p data-start=\"789\" data-end=\"844\">Przyczynia si\u0119 do prawid\u0142owego funkcjonowania przemiany materii<\/p>\n<\/li>\n<li data-start=\"845\" data-end=\"881\">\n<p data-start=\"847\" data-end=\"881\">Dost\u0119pne w wygodnej formie tabletek do ssania<\/p>\n<\/li>\n<\/ul>\n<h4 data-start=\"883\" data-end=\"913\">\u2139\ufe0f Dodatkowe informacje<\/h4>\n<p data-start=\"914\" data-end=\"1206\">Produktu nie powinny stosowa\u0107 osoby uczulone na produkty pszczele.<br data-start=\"970\" data-end=\"973\" \/>Nale\u017cy przechowywa\u0107 go w suchym miejscu, w temperaturze poni\u017cej 25\u00b0C i poza zasi\u0119giem dzieci.<br data-start=\"1056\" data-end=\"1059\" \/>Pami\u0119taj, \u017ce suplement diety nie mo\u017ce zast\u0105pi\u0107 zr\u00f3\u017cnicowanej diety, dlatego wa\u017cne jest prowadzenie zdrowego trybu \u017cycia i stosowanie zr\u00f3wnowa\u017conej diety.<\/p>\n<h4 data-start=\"1208\" data-end=\"1223\">\ud83e\uddf4 Sk\u0142ad<\/h4>\n<p data-start=\"1224\" data-end=\"1468\">Sk\u0142ad produktu obejmuje 150 mg \u015bwie\u017cego mleczka pszczelego, w tym 50 mg liofilizatu, sorbitol jako substancj\u0119 s\u0142odz\u0105c\u0105, liofilizowane mleczko pszczele, dwutlenek krzemu i sole magnezowe kwas\u00f3w t\u0142uszczowych (stearynian magnezu) jako substancje przeciwzbrylaj\u0105ce, a tak\u017ce aromat pomara\u0144czowy.<\/p>\n<h4 data-start=\"1470\" data-end=\"1500\" data-is-last-node=\"\" data-is-only-node=\"\">\ud83d\udce6 Pojemno\u015b\u0107: 45 tabletek<\/h4>\n","protected":false},"excerpt":{"rendered":"<p>Mleczko Pszczele Royal Jelly 150 \u2013 45 tabletek Suplement diety Mleczko Pszczele Royal Jelly 150 jest przeznaczony dla os\u00f3b, kt\u00f3re chc\u0105 poprawi\u0107 swoj\u0105 witalno\u015b\u0107, kondycj\u0119 fizyczn\u0105 i psychiczn\u0105. Produkt zawiera wyj\u0105tkow\u0105 substancj\u0119 od\u017cywcz\u0105, jak\u0105 jest mleczko pszczele, wytwarzane przez pszczo\u0142y specjalnie dla kr\u00f3lowej matki. Mleczko to jest bogate w cenne sk\u0142adniki, takie jak aminokwasy, witaminy [&hellip;]<\/p>\n","protected":false},"featured_media":33543,"template":"","meta":[],"product_brand":[70],"product_cat":[69],"product_tag":[],"class_list":{"0":"post-2684","1":"product","2":"type-product","3":"status-publish","4":"has-post-thumbnail","6":"product_brand-apipolfarma","7":"product_cat-apipolfarma","9":"first","10":"outofstock","11":"taxable","12":"shipping-taxable","13":"purchasable","14":"product-type-simple"},"_links":{"self":[{"href":"https:\/\/27-215.pl\/index.php\/wp-json\/wp\/v2\/product\/2684","targetHints":{"allow":["GET"]}}],"collection":[{"href":"https:\/\/27-215.pl\/index.php\/wp-json\/wp\/v2\/product"}],"about":[{"href":"https:\/\/27-215.pl\/index.php\/wp-json\/wp\/v2\/types\/product"}],"wp:featuredmedia":[{"embeddable":true,"href":"https:\/\/27-215.pl\/index.php\/wp-json\/wp\/v2\/media\/33543"}],"wp:attachment":[{"href":"https:\/\/27-215.pl\/index.php\/wp-json\/wp\/v2\/media?parent=2684"}],"wp:term":[{"taxonomy":"product_brand","embeddable":true,"href":"https:\/\/27-215.pl\/index.php\/wp-json\/wp\/v2\/product_brand?post=2684"},{"taxonomy":"product_cat","embeddable":true,"href":"https:\/\/27-215.pl\/index.php\/wp-json\/wp\/v2\/product_cat?post=2684"},{"taxonomy":"product_tag","embeddable":true,"href":"https:\/\/27-215.pl\/index.php\/wp-json\/wp\/v2\/product_tag?post=2684"}],"curies":[{"name":"wp","href":"https:\/\/api.w.org\/{rel}","templated":true}]}}