{"id":2686,"date":"2025-11-23T14:46:30","date_gmt":"2025-11-23T13:46:30","guid":{"rendered":"https:\/\/www.27-215.pl\/?post_type=product&#038;p=2686"},"modified":"2026-04-17T08:09:21","modified_gmt":"2026-04-17T06:09:21","slug":"mleczko-pszczele-royal-jelly-300-45-tabletek","status":"publish","type":"product","link":"https:\/\/27-215.pl\/index.php\/produkt\/mleczko-pszczele-royal-jelly-300-45-tabletek\/","title":{"rendered":"Royal Jelly 300 &#8211; Mleczko Pszczele w postaci 45 tabletek"},"content":{"rendered":"<h3 data-start=\"0\" data-end=\"50\">Suplement diety Mleczko Pszczele Royal Jelly 300 \u2013 pakiet zawiera 45 tabletek<\/h3>\n<p data-start=\"52\" data-end=\"416\">Dla os\u00f3b, kt\u00f3re chc\u0105 poprawi\u0107 swoj\u0105 witalno\u015b\u0107, sprawno\u015b\u0107 fizyczn\u0105 i psychiczn\u0105, suplement diety Mleczko Pszczele Royal Jelly 300 jest idealnym wyborem. Bogactwo aminokwas\u00f3w, witamin z grupy B, w tym kwasu pantotenowego, biopierwiastk\u00f3w, enzym\u00f3w, wolnych kwas\u00f3w t\u0142uszczowych, fosfolipid\u00f3w, steroli oraz wosk\u00f3w sprawia, \u017ce jest to naturalny i cenny sk\u0142adnik od\u017cywczy dla organizmu.<\/p>\n<h4 data-start=\"418\" data-end=\"440\">\u2728 Jak stosowa\u0107<\/h4>\n<p data-start=\"441\" data-end=\"628\">Zalecane jest przyjmowanie 1-2 tabletek dziennie, najlepiej na czczo, ss\u0105c je powoli. Mo\u017cna stosowa\u0107 ten preparat przez okres do trzech miesi\u0119cy, po czym nale\u017cy zrobi\u0107 miesi\u0119czn\u0105 przerw\u0119.<\/p>\n<h4 data-start=\"630\" data-end=\"655\">\ud83c\udf3f Dlaczego jest to dobry wyb\u00f3r?<\/h4>\n<ul data-start=\"656\" data-end=\"893\">\n<li data-start=\"656\" data-end=\"723\">\n<p data-start=\"658\" data-end=\"723\">Zawiera 300 mg \u015bwie\u017cego mleczka pszczelego, w tym 100 mg liofilizatu<\/p>\n<\/li>\n<li data-start=\"724\" data-end=\"773\">\n<p data-start=\"726\" data-end=\"773\">Przyczynia si\u0119 do poprawy witalno\u015bci i kondycji organizmu<\/p>\n<\/li>\n<li data-start=\"774\" data-end=\"820\">\n<p data-start=\"776\" data-end=\"820\">Mo\u017ce wspomaga\u0107 regulacj\u0119 przemiany materii<\/p>\n<\/li>\n<li data-start=\"821\" data-end=\"893\">\n<p data-start=\"823\" data-end=\"893\">Wygodna forma tabletek do ssania, z pomara\u0144czowym smakiem, bez cukru<\/p>\n<\/li>\n<\/ul>\n<h4 data-start=\"895\" data-end=\"925\">\u2139\ufe0f Wa\u017cne informacje<\/h4>\n<p data-start=\"926\" data-end=\"1218\">Nale\u017cy unika\u0107 stosowania w przypadku uczulenia na produkty pszczele.<br data-start=\"982\" data-end=\"985\" \/>Przechowywa\u0107 w suchym miejscu, w temperaturze poni\u017cej 25\u00b0C, poza zasi\u0119giem dzieci.<br data-start=\"1068\" data-end=\"1071\" \/>Pami\u0119taj, \u017ce suplement diety nie powinien by\u0107 traktowany jako zamiennik zr\u00f3\u017cnicowanej diety. Zdrowy tryb \u017cycia i zr\u00f3wnowa\u017cone od\u017cywianie s\u0105 niezwykle wa\u017cne.<\/p>\n<h4 data-start=\"1220\" data-end=\"1235\">\ud83e\uddf4 Sk\u0142adniki<\/h4>\n<p data-start=\"1236\" data-end=\"1481\">Sk\u0142ad: 300 mg \u015bwie\u017cego mleczka pszczelego (100 mg liofilizatu), sorbitol jako substancja s\u0142odz\u0105ca, liofilizowane mleczko pszczele, dwutlenek krzemu i sole magnezowe kwas\u00f3w t\u0142uszczowych (stearynian magnezu) jako substancje przeciwzbrylaj\u0105ce, oraz aromat pomara\u0144czowy.<\/p>\n<h4 data-start=\"1483\" data-end=\"1513\" data-is-last-node=\"\" data-is-only-node=\"\">\ud83d\udce6 Ilo\u015b\u0107 tabletek w opakowaniu: 45<\/h4>\n","protected":false},"excerpt":{"rendered":"<p>Suplement diety Mleczko Pszczele Royal Jelly 300 \u2013 pakiet zawiera 45 tabletek Dla os\u00f3b, kt\u00f3re chc\u0105 poprawi\u0107 swoj\u0105 witalno\u015b\u0107, sprawno\u015b\u0107 fizyczn\u0105 i psychiczn\u0105, suplement diety Mleczko Pszczele Royal Jelly 300 jest idealnym wyborem. Bogactwo aminokwas\u00f3w, witamin z grupy B, w tym kwasu pantotenowego, biopierwiastk\u00f3w, enzym\u00f3w, wolnych kwas\u00f3w t\u0142uszczowych, fosfolipid\u00f3w, steroli oraz wosk\u00f3w sprawia, \u017ce jest [&hellip;]<\/p>\n","protected":false},"featured_media":33541,"template":"","meta":[],"product_brand":[70],"product_cat":[69],"product_tag":[],"class_list":{"0":"post-2686","1":"product","2":"type-product","3":"status-publish","4":"has-post-thumbnail","6":"product_brand-apipolfarma","7":"product_cat-apipolfarma","9":"first","10":"outofstock","11":"taxable","12":"shipping-taxable","13":"purchasable","14":"product-type-simple"},"_links":{"self":[{"href":"https:\/\/27-215.pl\/index.php\/wp-json\/wp\/v2\/product\/2686","targetHints":{"allow":["GET"]}}],"collection":[{"href":"https:\/\/27-215.pl\/index.php\/wp-json\/wp\/v2\/product"}],"about":[{"href":"https:\/\/27-215.pl\/index.php\/wp-json\/wp\/v2\/types\/product"}],"wp:featuredmedia":[{"embeddable":true,"href":"https:\/\/27-215.pl\/index.php\/wp-json\/wp\/v2\/media\/33541"}],"wp:attachment":[{"href":"https:\/\/27-215.pl\/index.php\/wp-json\/wp\/v2\/media?parent=2686"}],"wp:term":[{"taxonomy":"product_brand","embeddable":true,"href":"https:\/\/27-215.pl\/index.php\/wp-json\/wp\/v2\/product_brand?post=2686"},{"taxonomy":"product_cat","embeddable":true,"href":"https:\/\/27-215.pl\/index.php\/wp-json\/wp\/v2\/product_cat?post=2686"},{"taxonomy":"product_tag","embeddable":true,"href":"https:\/\/27-215.pl\/index.php\/wp-json\/wp\/v2\/product_tag?post=2686"}],"curies":[{"name":"wp","href":"https:\/\/api.w.org\/{rel}","templated":true}]}}