{"id":2694,"date":"2025-11-25T12:39:38","date_gmt":"2025-11-25T11:39:38","guid":{"rendered":"https:\/\/www.27-215.pl\/?post_type=product&#038;p=2694"},"modified":"2026-04-04T08:53:52","modified_gmt":"2026-04-04T06:53:52","slug":"propolis-krople-7-20-ml","status":"publish","type":"product","link":"https:\/\/27-215.pl\/index.php\/produkt\/propolis-krople-7-20-ml\/","title":{"rendered":"Krople z Propolisem 7% &#8211; butelka 20 ml"},"content":{"rendered":"<h3 data-start=\"0\" data-end=\"30\">Propolis Krople 7% \u2013 20 ml<\/h3>\n<p data-start=\"32\" data-end=\"380\">Suplement diety Propolis Krople 7% zawiera wyci\u0105g z propolisu, kitu pszczelego, kt\u00f3ry jest bogaty w ponad 250 r\u00f3\u017cnych zwi\u0105zk\u00f3w, w tym flawonoidy, zwi\u0105zki fenolowe i alkoholowe. Produkt ten jest przeznaczony dla os\u00f3b, kt\u00f3re chc\u0105 wspiera\u0107 naturaln\u0105 odporno\u015b\u0107 organizmu, szczeg\u00f3lnie w okresach, gdy s\u0105 bardziej nara\u017cone na infekcje.<\/p>\n<h4 data-start=\"382\" data-end=\"404\">\u2728 Spos\u00f3b stosowania<\/h4>\n<p data-start=\"405\" data-end=\"579\">Aby u\u017cy\u0107 preparatu, nale\u017cy rozpu\u015bci\u0107 \u00bd \u0142y\u017ceczki (oko\u0142o 30 kropli) w \u00bc szklanki wody lub soku owocowego o kwa\u015bnym odczynie, lub nanie\u015b\u0107 na \u0142y\u017ceczk\u0119 cukru. Zalecane jest stosowanie 3 razy dziennie przed posi\u0142kiem.<\/p>\n<h4 data-start=\"581\" data-end=\"606\">\ud83c\udf3f Dlaczego warto wybra\u0107 Propolis Krople 7%?<\/h4>\n<ul data-start=\"607\" data-end=\"797\">\n<li data-start=\"607\" data-end=\"648\">\n<p data-start=\"609\" data-end=\"648\">Zawarto\u015b\u0107 propolisu wynosi 7% (oko\u0142o 64 mg\/ml)<\/p>\n<\/li>\n<li data-start=\"649\" data-end=\"690\">\n<p data-start=\"651\" data-end=\"690\">Wspiera naturaln\u0105 obronno\u015b\u0107 organizmu<\/p>\n<\/li>\n<li data-start=\"691\" data-end=\"741\">\n<p data-start=\"693\" data-end=\"741\">Preparat w formie kropli jest \u0142atwy w stosowaniu i dozowaniu<\/p>\n<\/li>\n<li data-start=\"742\" data-end=\"797\">\n<p data-start=\"744\" data-end=\"797\">Idealny w okresach, gdy organizm jest bardziej podatny na infekcje<\/p>\n<\/li>\n<\/ul>\n<h4 data-start=\"799\" data-end=\"829\">\u2139\ufe0f Informacje dodatkowe<\/h4>\n<p data-start=\"830\" data-end=\"1137\">Przeciwwskazaniem do stosowania jest uczulenie na produkty pochodzenia pszczelego.<br data-start=\"900\" data-end=\"903\" \/>Zalecane jest przechowywanie w suchym miejscu, w temperaturze poni\u017cej 25 \u00b0C, z dala od \u015bwiat\u0142a.<br data-start=\"987\" data-end=\"990\" \/>Pami\u0119taj, \u017ce suplement diety nie powinien by\u0107 traktowany jako zamiennik zr\u00f3wnowa\u017conej diety i zdrowego trybu \u017cycia.<\/p>\n<h4 data-start=\"1139\" data-end=\"1154\">\ud83e\uddf4 Sk\u0142adniki<\/h4>\n<p data-start=\"1155\" data-end=\"1263\">Sk\u0142ad preparatu obejmuje: alkohol etylowy, wod\u0119, propolis (7%), z zawarto\u015bci\u0105 oko\u0142o 64 mg\/ml propolisu i 65% obj\u0119to\u015bci alkoholu.<\/p>\n<h4 data-start=\"1265\" data-end=\"1289\">\ud83d\udce6 Pojemno\u015b\u0107 butelki: 20 ml<\/h4>\n","protected":false},"excerpt":{"rendered":"<p>Propolis Krople 7% \u2013 20 ml Suplement diety Propolis Krople 7% zawiera wyci\u0105g z propolisu, kitu pszczelego, kt\u00f3ry jest bogaty w ponad 250 r\u00f3\u017cnych zwi\u0105zk\u00f3w, w tym flawonoidy, zwi\u0105zki fenolowe i alkoholowe. Produkt ten jest przeznaczony dla os\u00f3b, kt\u00f3re chc\u0105 wspiera\u0107 naturaln\u0105 odporno\u015b\u0107 organizmu, szczeg\u00f3lnie w okresach, gdy s\u0105 bardziej nara\u017cone na infekcje. \u2728 Spos\u00f3b [&hellip;]<\/p>\n","protected":false},"featured_media":33509,"template":"","meta":[],"product_brand":[70],"product_cat":[69],"product_tag":[],"class_list":{"0":"post-2694","1":"product","2":"type-product","3":"status-publish","4":"has-post-thumbnail","6":"product_brand-apipolfarma","7":"product_cat-apipolfarma","9":"first","10":"outofstock","11":"taxable","12":"shipping-taxable","13":"purchasable","14":"product-type-simple"},"_links":{"self":[{"href":"https:\/\/27-215.pl\/index.php\/wp-json\/wp\/v2\/product\/2694","targetHints":{"allow":["GET"]}}],"collection":[{"href":"https:\/\/27-215.pl\/index.php\/wp-json\/wp\/v2\/product"}],"about":[{"href":"https:\/\/27-215.pl\/index.php\/wp-json\/wp\/v2\/types\/product"}],"wp:featuredmedia":[{"embeddable":true,"href":"https:\/\/27-215.pl\/index.php\/wp-json\/wp\/v2\/media\/33509"}],"wp:attachment":[{"href":"https:\/\/27-215.pl\/index.php\/wp-json\/wp\/v2\/media?parent=2694"}],"wp:term":[{"taxonomy":"product_brand","embeddable":true,"href":"https:\/\/27-215.pl\/index.php\/wp-json\/wp\/v2\/product_brand?post=2694"},{"taxonomy":"product_cat","embeddable":true,"href":"https:\/\/27-215.pl\/index.php\/wp-json\/wp\/v2\/product_cat?post=2694"},{"taxonomy":"product_tag","embeddable":true,"href":"https:\/\/27-215.pl\/index.php\/wp-json\/wp\/v2\/product_tag?post=2694"}],"curies":[{"name":"wp","href":"https:\/\/api.w.org\/{rel}","templated":true}]}}