{"id":2702,"date":"2025-11-25T12:53:45","date_gmt":"2025-11-25T11:53:45","guid":{"rendered":"https:\/\/www.27-215.pl\/?post_type=product&#038;p=2702"},"modified":"2026-04-04T08:53:56","modified_gmt":"2026-04-04T06:53:56","slug":"propolis-plus-syrop-120-ml","status":"publish","type":"product","link":"https:\/\/27-215.pl\/index.php\/produkt\/propolis-plus-syrop-120-ml\/","title":{"rendered":"Syrop Propolis Plus 120 ml"},"content":{"rendered":"<h3 data-start=\"0\" data-end=\"41\"><span class=\"entity-underline hover:entity-accent inline cursor-pointer align-baseline\"><span class=\"whitespace-normal\">Propolis Plus Syrop<\/span><\/span><\/h3>\n<p data-start=\"43\" data-end=\"342\">Syrop Propolis Plus ma smak owocowy, a jego sk\u0142ad jest unikalny \u2014 zawiera mi\u00f3d, ekstrakt z czarnego bzu, sok malinowy, sok czarnej porzeczki i banana, standardyowany wyci\u0105g propolisu oraz cynk i witaminy z grupy B i C \ud83d\udc1d\ud83c\udf47. Zalecany jest dla dzieci powy\u017cej 3. roku \u017cycia.<\/p>\n<h4 data-start=\"344\" data-end=\"366\">\u2728 Jak stosowa\u0107<\/h4>\n<p data-start=\"367\" data-end=\"455\">Zalecana dawka to 1 \u0142y\u017ceczka (5 ml) raz dziennie. Przed podaniem nale\u017cy <strong data-start=\"428\" data-end=\"454\">dobrze wstrz\u0105sn\u0105\u0107<\/strong> butelk\u0119.<\/p>\n<h4 data-start=\"457\" data-end=\"482\">\ud83c\udf3f Dlaczego warto wybra\u0107 Propolis Plus?<\/h4>\n<ul data-start=\"483\" data-end=\"878\">\n<li data-start=\"483\" data-end=\"581\">\n<p data-start=\"485\" data-end=\"581\">Naturalne sk\u0142adniki, takie jak mi\u00f3d, sok i owoce czarnego bzu, wspieraj\u0105 codziennie odporno\u015b\u0107<\/p>\n<\/li>\n<li data-start=\"582\" data-end=\"655\">\n<p data-start=\"584\" data-end=\"655\">Dodatek propolisu pomaga organizmowi w okresach zwi\u0119kszonego stresu<\/p>\n<\/li>\n<li data-start=\"656\" data-end=\"792\">\n<p data-start=\"658\" data-end=\"792\">Wzbogacenie cynkiem oraz witaminami z grupy B i C pomaga w utrzymaniu prawid\u0142owego funkcjonowania uk\u0142adu odporno\u015bciowego i redukuje zm\u0119czenie<\/p>\n<\/li>\n<li data-start=\"793\" data-end=\"878\">\n<p data-start=\"795\" data-end=\"878\">Przyjazna forma syropu u\u0142atwia podawanie go dzieciom i jest odpowiednia dla ca\u0142ej rodziny<\/p>\n<\/li>\n<\/ul>\n<h4 data-start=\"880\" data-end=\"910\">\u2139\ufe0f Wa\u017cne informacje<\/h4>\n<p data-start=\"911\" data-end=\"1204\">Nie zaleca si\u0119 stosowania u os\u00f3b z alergi\u0105 na produkty pszczele.<br data-start=\"977\" data-end=\"980\" \/>Butelk\u0119 nale\u017cy przechowywa\u0107 w suchym miejscu, w temperaturze poni\u017cej 25 \u00b0C, poza zasi\u0119giem dzieci.<br data-start=\"1064\" data-end=\"1067\" \/>Pami\u0119taj, \u017ce suplement diety nie zast\u0119puje zr\u00f3\u017cnicowanej diety. Zr\u00f3wnowa\u017cony spos\u00f3b \u017cywienia i zdrowy tryb \u017cycia s\u0105 niezwykle wa\u017cne.<\/p>\n<h4 data-start=\"1206\" data-end=\"1221\">\ud83e\uddf4 Sk\u0142adniki<\/h4>\n<p data-start=\"1222\" data-end=\"1822\">Sk\u0142ad syropu obejmuje: mi\u00f3d, wod\u0119 oczyszczon\u0105, ekstrakt z owoc\u00f3w czarnego bzu, witamin\u0119 C (kwas L-askorbinowy), niacyn\u0119 (amid kwasu nikotynowego), witamin\u0119 E (octan DL-alfa-tokoferylu), kwas pantotenowy (D-pantotenian wapnia), witamin\u0119 B2 (ryboflawin\u0119), witamin\u0119 B6 (chlorowodorek pirydoksyny), tiamin\u0119 (monoazotan tiaminy), kwas foliowy (kwas pteroilomonoglutaminowy), biotyn\u0119 (D-biotyn\u0119), witamin\u0119 B12 (cyjanokobalamin\u0119), koncentraty sok\u00f3w malinowego, bananowego i czarnej porzeczki, glukonian cynku, ekstrakt z propolisu (0,6% polifenoli), aromat oraz substancj\u0119 konserwuj\u0105c\u0105 \u2013 benzoesan sodu.<\/p>\n<h4 data-start=\"1824\" data-end=\"1851\">\ud83d\udce6 Obj\u0119to\u015b\u0107: 120 ml<\/h4>\n","protected":false},"excerpt":{"rendered":"<p>Propolis Plus Syrop Syrop Propolis Plus ma smak owocowy, a jego sk\u0142ad jest unikalny \u2014 zawiera mi\u00f3d, ekstrakt z czarnego bzu, sok malinowy, sok czarnej porzeczki i banana, standardyowany wyci\u0105g propolisu oraz cynk i witaminy z grupy B i C \ud83d\udc1d\ud83c\udf47. Zalecany jest dla dzieci powy\u017cej 3. roku \u017cycia. \u2728 Jak stosowa\u0107 Zalecana dawka to [&hellip;]<\/p>\n","protected":false},"featured_media":33501,"template":"","meta":[],"product_brand":[70],"product_cat":[69],"product_tag":[],"class_list":{"0":"post-2702","1":"product","2":"type-product","3":"status-publish","4":"has-post-thumbnail","6":"product_brand-apipolfarma","7":"product_cat-apipolfarma","9":"first","10":"outofstock","11":"taxable","12":"shipping-taxable","13":"purchasable","14":"product-type-simple"},"_links":{"self":[{"href":"https:\/\/27-215.pl\/index.php\/wp-json\/wp\/v2\/product\/2702","targetHints":{"allow":["GET"]}}],"collection":[{"href":"https:\/\/27-215.pl\/index.php\/wp-json\/wp\/v2\/product"}],"about":[{"href":"https:\/\/27-215.pl\/index.php\/wp-json\/wp\/v2\/types\/product"}],"wp:featuredmedia":[{"embeddable":true,"href":"https:\/\/27-215.pl\/index.php\/wp-json\/wp\/v2\/media\/33501"}],"wp:attachment":[{"href":"https:\/\/27-215.pl\/index.php\/wp-json\/wp\/v2\/media?parent=2702"}],"wp:term":[{"taxonomy":"product_brand","embeddable":true,"href":"https:\/\/27-215.pl\/index.php\/wp-json\/wp\/v2\/product_brand?post=2702"},{"taxonomy":"product_cat","embeddable":true,"href":"https:\/\/27-215.pl\/index.php\/wp-json\/wp\/v2\/product_cat?post=2702"},{"taxonomy":"product_tag","embeddable":true,"href":"https:\/\/27-215.pl\/index.php\/wp-json\/wp\/v2\/product_tag?post=2702"}],"curies":[{"name":"wp","href":"https:\/\/api.w.org\/{rel}","templated":true}]}}