{"id":2705,"date":"2025-11-25T12:56:12","date_gmt":"2025-11-25T11:56:12","guid":{"rendered":"https:\/\/www.27-215.pl\/?post_type=product&#038;p=2705"},"modified":"2026-04-04T08:53:54","modified_gmt":"2026-04-04T06:53:54","slug":"propolis-plus-60-tabletek","status":"publish","type":"product","link":"https:\/\/27-215.pl\/index.php\/produkt\/propolis-plus-60-tabletek\/","title":{"rendered":"Tabletki Propolis Plus &#8211; opakowanie zawiera 60 sztuk"},"content":{"rendered":"<h3 data-start=\"0\" data-end=\"55\"><span class=\"entity-underline hover:entity-accent inline cursor-pointer align-baseline\"><span class=\"whitespace-normal\">Propolis Plus tabletki<\/span><\/span> \u2013 suplement diety w postaci 60 tabletek<\/h3>\n<p data-start=\"57\" data-end=\"349\">Suplement diety Propolis Plus to preparat opracowany z my\u015bl\u0105 o wspieraniu uk\u0142adu odporno\u015bciowego. Sk\u0142ada si\u0119 on z po\u0142\u0105czenia wyci\u0105gu z propolisu, py\u0142ku pszczelego oraz kluczowych mikroelement\u00f3w, takich jak cynk i witamina C, kt\u00f3re odgrywaj\u0105 znacz\u0105c\u0105 rol\u0119 w okresach zwi\u0119kszonego ryzyka infekcji.<\/p>\n<h4 data-start=\"351\" data-end=\"373\">\u2728 Spos\u00f3b stosowania<\/h4>\n<p data-start=\"374\" data-end=\"464\">Zalecana dzienna dawka wynosi 4 tabletki, kt\u00f3re nale\u017cy przyjmowa\u0107 przed posi\u0142kiem, popijaj\u0105c je obficie wod\u0105.<\/p>\n<h4 data-start=\"466\" data-end=\"491\">\ud83c\udf3f Zalety stosowania<\/h4>\n<ul data-start=\"492\" data-end=\"886\">\n<li data-start=\"492\" data-end=\"627\">\n<p data-start=\"494\" data-end=\"627\">Zawiera on w swoim sk\u0142adzie py\u0142ek pszczeli oraz standaryzowany ekstrakt propolisowy, kt\u00f3re s\u0105 naturalnymi sk\u0142adnikami pochodzenia pszczelego, wspieraj\u0105cymi odporno\u015b\u0107 organizmu.<\/p>\n<\/li>\n<li data-start=\"628\" data-end=\"758\">\n<p data-start=\"630\" data-end=\"758\">Cynk i witamina C pe\u0142ni\u0105 kluczow\u0105 rol\u0119 w prawid\u0142owym funkcjonowaniu uk\u0142adu odporno\u015bciowego, a tak\u017ce chroni\u0105 kom\u00f3rki przed stresem oksydacyjnym.<\/p>\n<\/li>\n<li data-start=\"759\" data-end=\"831\">\n<p data-start=\"761\" data-end=\"831\">Witamina C dodatkowo przyczynia si\u0119 do zmniejszenia uczucia zm\u0119czenia i znu\u017cenia.<\/p>\n<\/li>\n<li data-start=\"832\" data-end=\"886\">\n<p data-start=\"834\" data-end=\"886\">Produkt ten nie zawiera cukru, co sprawia, \u017ce jest on odpowiedni r\u00f3wnie\u017c dla os\u00f3b chorych na cukrzyc\u0119.<\/p>\n<\/li>\n<\/ul>\n<h4 data-start=\"888\" data-end=\"918\">\u2139\ufe0f Informacje dodatkowe<\/h4>\n<p data-start=\"919\" data-end=\"1178\">Przeciwwskazaniem do stosowania suplementu diety jest uczulenie na produkty pochodzenia pszczelego.<br data-start=\"985\" data-end=\"988\" \/>Nale\u017cy pami\u0119ta\u0107, \u017ce suplement diety nie mo\u017ce zast\u0105pi\u0107 zr\u00f3\u017cnicowanej diety. Wa\u017cne jest prowadzenie zdrowego stylu \u017cycia i spo\u017cywanie zr\u00f3wnowa\u017conej diety.<br data-start=\"1123\" data-end=\"1126\" \/>Produkt powinien by\u0107 przechowywany w miejscu niedost\u0119pnym dla ma\u0142ych dzieci.<\/p>\n<h4 data-start=\"1180\" data-end=\"1195\">\ud83e\uddf4 Sk\u0142adniki<\/h4>\n<p data-start=\"1196\" data-end=\"1446\">Mannitol (substancja wype\u0142niaj\u0105ca), py\u0142ek pszczeli, standaryzowany ekstrakt propolisowy (EEP), witamina C (kwas L-askorbinowy), cytrynian cynku; substancje przeciwzbrylaj\u0105ce \u2014 dwutlenek krzemu, sole magnezowe kwas\u00f3w t\u0142uszczowych (stearynian magnezu).<\/p>\n<h4 data-start=\"1448\" data-end=\"1478\">\ud83d\udce6 Ilo\u015b\u0107 tabletek: 60<\/h4>\n","protected":false},"excerpt":{"rendered":"<p>Propolis Plus tabletki \u2013 suplement diety w postaci 60 tabletek Suplement diety Propolis Plus to preparat opracowany z my\u015bl\u0105 o wspieraniu uk\u0142adu odporno\u015bciowego. Sk\u0142ada si\u0119 on z po\u0142\u0105czenia wyci\u0105gu z propolisu, py\u0142ku pszczelego oraz kluczowych mikroelement\u00f3w, takich jak cynk i witamina C, kt\u00f3re odgrywaj\u0105 znacz\u0105c\u0105 rol\u0119 w okresach zwi\u0119kszonego ryzyka infekcji. \u2728 Spos\u00f3b stosowania Zalecana [&hellip;]<\/p>\n","protected":false},"featured_media":33499,"template":"","meta":[],"product_brand":[70],"product_cat":[69],"product_tag":[],"class_list":{"0":"post-2705","1":"product","2":"type-product","3":"status-publish","4":"has-post-thumbnail","6":"product_brand-apipolfarma","7":"product_cat-apipolfarma","9":"first","10":"outofstock","11":"taxable","12":"shipping-taxable","13":"purchasable","14":"product-type-simple"},"_links":{"self":[{"href":"https:\/\/27-215.pl\/index.php\/wp-json\/wp\/v2\/product\/2705","targetHints":{"allow":["GET"]}}],"collection":[{"href":"https:\/\/27-215.pl\/index.php\/wp-json\/wp\/v2\/product"}],"about":[{"href":"https:\/\/27-215.pl\/index.php\/wp-json\/wp\/v2\/types\/product"}],"wp:featuredmedia":[{"embeddable":true,"href":"https:\/\/27-215.pl\/index.php\/wp-json\/wp\/v2\/media\/33499"}],"wp:attachment":[{"href":"https:\/\/27-215.pl\/index.php\/wp-json\/wp\/v2\/media?parent=2705"}],"wp:term":[{"taxonomy":"product_brand","embeddable":true,"href":"https:\/\/27-215.pl\/index.php\/wp-json\/wp\/v2\/product_brand?post=2705"},{"taxonomy":"product_cat","embeddable":true,"href":"https:\/\/27-215.pl\/index.php\/wp-json\/wp\/v2\/product_cat?post=2705"},{"taxonomy":"product_tag","embeddable":true,"href":"https:\/\/27-215.pl\/index.php\/wp-json\/wp\/v2\/product_tag?post=2705"}],"curies":[{"name":"wp","href":"https:\/\/api.w.org\/{rel}","templated":true}]}}