{"id":2707,"date":"2025-11-25T13:00:04","date_gmt":"2025-11-25T12:00:04","guid":{"rendered":"https:\/\/www.27-215.pl\/?post_type=product&#038;p=2707"},"modified":"2026-04-04T08:53:53","modified_gmt":"2026-04-04T06:53:53","slug":"propolis-plus-100-tabletek","status":"publish","type":"product","link":"https:\/\/27-215.pl\/index.php\/produkt\/propolis-plus-100-tabletek\/","title":{"rendered":"100 tabletek Propolis Plus"},"content":{"rendered":"<h3 data-start=\"0\" data-end=\"32\">Propolis Plus \u2013 suplement diety w postaci 100 tabletek<\/h3>\n<p data-start=\"34\" data-end=\"434\">Suplement diety Propolis Plus zosta\u0142 stworzony, aby wspiera\u0107 naturaln\u0105 odporno\u015b\u0107 organizmu. Jego sk\u0142adniki, takie jak wyci\u0105g z propolisu, py\u0142ek pszczeli, cynk oraz witamina C, pomagaj\u0105 w utrzymaniu prawid\u0142owego funkcjonowania uk\u0142adu odporno\u015bciowego, a tak\u017ce chroni\u0105 kom\u00f3rki przed stresem oksydacyjnym. Regularne stosowanie tego suplementu jest szczeg\u00f3lnie korzystne w okresach, gdy organizm potrzebuje dodatkowego wsparcia.<\/p>\n<h4 data-start=\"436\" data-end=\"458\">\u2728 Jak stosowa\u0107<\/h4>\n<p data-start=\"459\" data-end=\"550\">Zalecana dzienna dawka to 4 tabletki, kt\u00f3re nale\u017cy przyjmowa\u0107 przed posi\u0142kiem, popijaj\u0105c obficie wod\u0105.<\/p>\n<h4 data-start=\"552\" data-end=\"577\">\ud83c\udf3f Dlaczego warto wybra\u0107 Propolis Plus?<\/h4>\n<ul data-start=\"578\" data-end=\"790\">\n<li data-start=\"578\" data-end=\"645\">\n<p data-start=\"580\" data-end=\"645\">Zawiera standaryzowany ekstrakt propolisowy oraz py\u0142ek pszczeli<\/p>\n<\/li>\n<li data-start=\"646\" data-end=\"719\">\n<p data-start=\"648\" data-end=\"719\">Cynk i witamina C odgrywaj\u0105 kluczow\u0105 rol\u0119 w wspieraniu odporno\u015bci oraz redukowaniu uczucia zm\u0119czenia<\/p>\n<\/li>\n<li data-start=\"720\" data-end=\"749\">\n<p data-start=\"722\" data-end=\"749\">Produkt jest pozbawiony dodatku cukru<\/p>\n<\/li>\n<li data-start=\"750\" data-end=\"790\">\n<p data-start=\"752\" data-end=\"790\">Przeznaczony dla doros\u0142ych i m\u0142odzie\u017cy<\/p>\n<\/li>\n<\/ul>\n<h4 data-start=\"792\" data-end=\"822\">\u2139\ufe0f Wa\u017cne informacje dotycz\u0105ce stosowania<\/h4>\n<p data-start=\"823\" data-end=\"1115\">Przeciwwskazaniem do stosowania jest uczulenie na produkty pszczele.<br data-start=\"879\" data-end=\"882\" \/>Nale\u017cy pami\u0119ta\u0107, \u017ce suplement diety nie powinien zast\u0119powa\u0107 zr\u00f3\u017cnicowanej diety. Wa\u017cne jest stosowanie zr\u00f3wnowa\u017conej diety i prowadzenie zdrowego trybu \u017cycia.<br data-start=\"1029\" data-end=\"1032\" \/>Zalecane jest przechowywanie w suchym miejscu, w temperaturze poni\u017cej 25\u00b0C, oraz poza zasi\u0119giem dzieci.<\/p>\n<h4 data-start=\"1117\" data-end=\"1132\">\ud83e\uddf4 Sk\u0142adniki produktu<\/h4>\n<p data-start=\"1133\" data-end=\"1382\">Mannitol (substancja wype\u0142niaj\u0105ca), py\u0142ek pszczeli, standaryzowany ekstrakt propolisowy (EEP), kwas L-askorbinowy (witamina C), cytrynian cynku, dwutlenek krzemu (substancja przeciwzbrylaj\u0105ca), sole magnezowe kwas\u00f3w t\u0142uszczowych (stearynian magnezu).<\/p>\n<h4 data-start=\"1384\" data-end=\"1415\" data-is-last-node=\"\" data-is-only-node=\"\">\ud83d\udce6 Pojemno\u015b\u0107 opakowania: 100 tabletek<\/h4>\n","protected":false},"excerpt":{"rendered":"<p>Propolis Plus \u2013 suplement diety w postaci 100 tabletek Suplement diety Propolis Plus zosta\u0142 stworzony, aby wspiera\u0107 naturaln\u0105 odporno\u015b\u0107 organizmu. Jego sk\u0142adniki, takie jak wyci\u0105g z propolisu, py\u0142ek pszczeli, cynk oraz witamina C, pomagaj\u0105 w utrzymaniu prawid\u0142owego funkcjonowania uk\u0142adu odporno\u015bciowego, a tak\u017ce chroni\u0105 kom\u00f3rki przed stresem oksydacyjnym. Regularne stosowanie tego suplementu jest szczeg\u00f3lnie korzystne w [&hellip;]<\/p>\n","protected":false},"featured_media":33497,"template":"","meta":[],"product_brand":[70],"product_cat":[69],"product_tag":[],"class_list":{"0":"post-2707","1":"product","2":"type-product","3":"status-publish","4":"has-post-thumbnail","6":"product_brand-apipolfarma","7":"product_cat-apipolfarma","9":"first","10":"outofstock","11":"taxable","12":"shipping-taxable","13":"purchasable","14":"product-type-simple"},"_links":{"self":[{"href":"https:\/\/27-215.pl\/index.php\/wp-json\/wp\/v2\/product\/2707","targetHints":{"allow":["GET"]}}],"collection":[{"href":"https:\/\/27-215.pl\/index.php\/wp-json\/wp\/v2\/product"}],"about":[{"href":"https:\/\/27-215.pl\/index.php\/wp-json\/wp\/v2\/types\/product"}],"wp:featuredmedia":[{"embeddable":true,"href":"https:\/\/27-215.pl\/index.php\/wp-json\/wp\/v2\/media\/33497"}],"wp:attachment":[{"href":"https:\/\/27-215.pl\/index.php\/wp-json\/wp\/v2\/media?parent=2707"}],"wp:term":[{"taxonomy":"product_brand","embeddable":true,"href":"https:\/\/27-215.pl\/index.php\/wp-json\/wp\/v2\/product_brand?post=2707"},{"taxonomy":"product_cat","embeddable":true,"href":"https:\/\/27-215.pl\/index.php\/wp-json\/wp\/v2\/product_cat?post=2707"},{"taxonomy":"product_tag","embeddable":true,"href":"https:\/\/27-215.pl\/index.php\/wp-json\/wp\/v2\/product_tag?post=2707"}],"curies":[{"name":"wp","href":"https:\/\/api.w.org\/{rel}","templated":true}]}}