{"id":2712,"date":"2025-11-25T13:12:30","date_gmt":"2025-11-25T12:12:30","guid":{"rendered":"https:\/\/www.27-215.pl\/?post_type=product&#038;p=2712"},"modified":"2026-04-04T08:53:47","modified_gmt":"2026-04-04T06:53:47","slug":"masc-propolisowa-7-20-g","status":"publish","type":"product","link":"https:\/\/27-215.pl\/index.php\/produkt\/masc-propolisowa-7-20-g\/","title":{"rendered":"Ma\u015b\u0107 z propolisem 7% &#8211; 20g"},"content":{"rendered":"<h3 data-start=\"80\" data-end=\"108\">Ma\u015b\u0107 Propolisowa 7% 20 g<\/h3>\n<p data-start=\"110\" data-end=\"525\">Kosmetyk przeznaczony do piel\u0119gnacji sk\u00f3ry wymagaj\u0105cej regeneracji, ochrony i od\u017cywienia to Ma\u015b\u0107 Propolisowa 7%. Sk\u00f3ra sk\u0142onna do wyprysk\u00f3w i stan\u00f3w zapalnych, a tak\u017ce miejsca podra\u017cnione i os\u0142abione barierowo, szczeg\u00f3lnie korzystaj\u0105 z jej stosowania. Propolis zawarty w ma\u015bci wspiera naturalne procesy odnowy, a t\u0142usta baza pomaga chroni\u0107 nask\u00f3rek przed wysuszeniem i niekorzystnymi czynnikami zewn\u0119trznymi.<\/p>\n<h4 data-start=\"527\" data-end=\"549\">\u2728 Spos\u00f3b u\u017cycia<\/h4>\n<p data-start=\"550\" data-end=\"630\">Zalecane jest stosowanie ma\u015bci trzy razy dziennie, aplikuj\u0105c cienk\u0105 warstw\u0119 na powierzchni\u0119 sk\u00f3ry.<\/p>\n<h4 data-start=\"632\" data-end=\"657\">\ud83c\udf3f Dlaczego warto?<\/h4>\n<ul data-start=\"658\" data-end=\"890\">\n<li data-start=\"658\" data-end=\"716\">\n<p data-start=\"660\" data-end=\"716\">Ma\u015b\u0107 zawiera a\u017c 7% propolisu, kt\u00f3ry jest naturalnym produktem pszczelego pochodzenia<\/p>\n<\/li>\n<li data-start=\"717\" data-end=\"766\">\n<p data-start=\"719\" data-end=\"766\">Przyczynia si\u0119 do regeneracji i poprawy kondycji sk\u00f3ry<\/p>\n<\/li>\n<li data-start=\"767\" data-end=\"816\">\n<p data-start=\"769\" data-end=\"816\">Pomaga zapewni\u0107 sk\u00f3rze odpowiedni\u0105 ochron\u0119 i od\u017cywienie<\/p>\n<\/li>\n<li data-start=\"817\" data-end=\"890\">\n<p data-start=\"819\" data-end=\"890\">Jest szczeg\u00f3lnie polecana do miejsc problematycznych, kt\u00f3re s\u0105 sk\u0142onne do stan\u00f3w zapalnych<\/p>\n<\/li>\n<\/ul>\n<h4 data-start=\"892\" data-end=\"922\">\u2139\ufe0f Dodatkowe informacje<\/h4>\n<p data-start=\"923\" data-end=\"1049\">Przeciwwskazaniem do stosowania jest uczulenie na produkty pszczele.<br data-start=\"975\" data-end=\"978\" \/>Zalecane jest przechowywanie w temperaturze nie przekraczaj\u0105cej 25\u00b0C, w miejscu niedost\u0119pnym dla dzieci.<\/p>\n<h4 data-start=\"1051\" data-end=\"1066\">\ud83e\uddf4 Sk\u0142ad<\/h4>\n<p data-start=\"1067\" data-end=\"1114\">Sk\u0142adniki ma\u015bci to: Petrolatum, Lanolin, Propolis Extract, Alcohol.<\/p>\n<h4 data-start=\"1116\" data-end=\"1139\">\ud83d\udce6 Pojemno\u015b\u0107: 20 g<\/h4>\n","protected":false},"excerpt":{"rendered":"<p>Ma\u015b\u0107 Propolisowa 7% 20 g Kosmetyk przeznaczony do piel\u0119gnacji sk\u00f3ry wymagaj\u0105cej regeneracji, ochrony i od\u017cywienia to Ma\u015b\u0107 Propolisowa 7%. Sk\u00f3ra sk\u0142onna do wyprysk\u00f3w i stan\u00f3w zapalnych, a tak\u017ce miejsca podra\u017cnione i os\u0142abione barierowo, szczeg\u00f3lnie korzystaj\u0105 z jej stosowania. Propolis zawarty w ma\u015bci wspiera naturalne procesy odnowy, a t\u0142usta baza pomaga chroni\u0107 nask\u00f3rek przed wysuszeniem i [&hellip;]<\/p>\n","protected":false},"featured_media":33493,"template":"","meta":[],"product_brand":[70],"product_cat":[69],"product_tag":[],"class_list":{"0":"post-2712","1":"product","2":"type-product","3":"status-publish","4":"has-post-thumbnail","6":"product_brand-apipolfarma","7":"product_cat-apipolfarma","9":"first","10":"outofstock","11":"taxable","12":"shipping-taxable","13":"purchasable","14":"product-type-simple"},"_links":{"self":[{"href":"https:\/\/27-215.pl\/index.php\/wp-json\/wp\/v2\/product\/2712","targetHints":{"allow":["GET"]}}],"collection":[{"href":"https:\/\/27-215.pl\/index.php\/wp-json\/wp\/v2\/product"}],"about":[{"href":"https:\/\/27-215.pl\/index.php\/wp-json\/wp\/v2\/types\/product"}],"wp:featuredmedia":[{"embeddable":true,"href":"https:\/\/27-215.pl\/index.php\/wp-json\/wp\/v2\/media\/33493"}],"wp:attachment":[{"href":"https:\/\/27-215.pl\/index.php\/wp-json\/wp\/v2\/media?parent=2712"}],"wp:term":[{"taxonomy":"product_brand","embeddable":true,"href":"https:\/\/27-215.pl\/index.php\/wp-json\/wp\/v2\/product_brand?post=2712"},{"taxonomy":"product_cat","embeddable":true,"href":"https:\/\/27-215.pl\/index.php\/wp-json\/wp\/v2\/product_cat?post=2712"},{"taxonomy":"product_tag","embeddable":true,"href":"https:\/\/27-215.pl\/index.php\/wp-json\/wp\/v2\/product_tag?post=2712"}],"curies":[{"name":"wp","href":"https:\/\/api.w.org\/{rel}","templated":true}]}}