{"id":2714,"date":"2025-11-25T13:29:09","date_gmt":"2025-11-25T12:29:09","guid":{"rendered":"https:\/\/www.27-215.pl\/?post_type=product&#038;p=2714"},"modified":"2026-04-04T08:53:55","modified_gmt":"2026-04-04T06:53:55","slug":"propolis-plus-mikstura-20-ml","status":"publish","type":"product","link":"https:\/\/27-215.pl\/index.php\/produkt\/propolis-plus-mikstura-20-ml\/","title":{"rendered":"Mikstura Propolis Plus &#8211; 20 ml"},"content":{"rendered":"<h3 data-start=\"0\" data-end=\"34\">Propolis Plus Mikstura \u2013 20 ml<\/h3>\n<p data-start=\"36\" data-end=\"381\">Suplement diety Propolis Plus Mikstura \u0142\u0105czy dobroczynne w\u0142a\u015bciwo\u015bci propolisu z wyci\u0105gami z zi\u00f3\u0142, takich jak babka lancetowata, rumianek, karczoch i mi\u0119ta pieprzowa. Produkt ten jest przeznaczony dla os\u00f3b, kt\u00f3re chc\u0105 wspiera\u0107 prawid\u0142owe funkcjonowanie uk\u0142adu pokarmowego, procesy trawienia oraz kondycj\u0119 \u017co\u0142\u0105dka, jelit i w\u0105troby.<\/p>\n<h4 data-start=\"383\" data-end=\"405\">\u2728 Spos\u00f3b u\u017cycia<\/h4>\n<p data-start=\"406\" data-end=\"613\">Aby przygotowa\u0107 roztw\u00f3r, nale\u017cy rozpu\u015bci\u0107 25 kropli (1 ml) w oko\u0142o \u00bc szklanki wody. Mo\u017cna doda\u0107 mi\u00f3d lub cukier do smaku. Zwykle zalecana dawka to 3 ml dziennie, podzielone na mniejsze porcje (np. 3 razy dziennie), ale mo\u017cna j\u0105 dostosowa\u0107 do indywidualnych potrzeb.<\/p>\n<h4 data-start=\"615\" data-end=\"640\">\ud83c\udf3f Dlaczego warto?<\/h4>\n<ul data-start=\"641\" data-end=\"978\">\n<li data-start=\"641\" data-end=\"813\">\n<p data-start=\"643\" data-end=\"813\">Produkt zawiera standaryzowany ekstrakt propolisowy (EEP) oraz wyselekcjonowane zio\u0142a, w tym babk\u0119 lancetowat\u0105, rumianek, karczoch i mi\u0119t\u0119 pieprzow\u0105, kt\u00f3re wspieraj\u0105 zdrowie uk\u0142adu pokarmowego.<\/p>\n<\/li>\n<li data-start=\"814\" data-end=\"901\">\n<p data-start=\"816\" data-end=\"901\">Forma kropli umo\u017cliwia \u0142atwe i precyzyjne dozowanie, a tak\u017ce szybsze wch\u0142anianie sk\u0142adnik\u00f3w aktywnych.<\/p>\n<\/li>\n<li data-start=\"902\" data-end=\"978\">\n<p data-start=\"904\" data-end=\"978\">Jest to idealna pomoc w przypadku os\u0142abionej czynno\u015bci w\u0105troby, \u017co\u0142\u0105dka lub jelit.<\/p>\n<\/li>\n<\/ul>\n<h4 data-start=\"980\" data-end=\"1010\">\u2139\ufe0f Dodatkowe informacje<\/h4>\n<p data-start=\"1011\" data-end=\"1337\">Przed u\u017cyciem nale\u017cy upewni\u0107 si\u0119, \u017ce nie jest si\u0119 uczulonym na kt\u00f3rykolwiek sk\u0142adnik preparatu.<br data-start=\"1077\" data-end=\"1080\" \/>Produkt powinien by\u0107 przechowywany w miejscu niedost\u0119pnym dla ma\u0142ych dzieci, w temperaturze poni\u017cej 25\u00b0C, oraz chroniony przed \u015bwiat\u0142em.<br data-start=\"1187\" data-end=\"1190\" \/>Pami\u0119taj, \u017ce suplement diety nie mo\u017ce zast\u0105pi\u0107 zr\u00f3\u017cnicowanej diety. Wa\u017cne jest prowadzenie zdrowego trybu \u017cycia i stosowanie zr\u00f3wnowa\u017conej diety.<\/p>\n<h4 data-start=\"1339\" data-end=\"1354\">\ud83e\uddf4 Sk\u0142ad<\/h4>\n<p data-start=\"1355\" data-end=\"1495\">Sk\u0142adnikiem aktywnym s\u0105: standaryzowany ekstrakt propolisowy (EEP), li\u015b\u0107 babki lancetowatej, koszyczek rumianku, li\u015b\u0107 karczocha, li\u015b\u0107 mi\u0119ty pieprzowej, etanol oraz woda.<\/p>\n<h4 data-start=\"1497\" data-end=\"1521\">\ud83d\udce6 Pojemno\u015b\u0107: 20 ml<\/h4>\n","protected":false},"excerpt":{"rendered":"<p>Propolis Plus Mikstura \u2013 20 ml Suplement diety Propolis Plus Mikstura \u0142\u0105czy dobroczynne w\u0142a\u015bciwo\u015bci propolisu z wyci\u0105gami z zi\u00f3\u0142, takich jak babka lancetowata, rumianek, karczoch i mi\u0119ta pieprzowa. Produkt ten jest przeznaczony dla os\u00f3b, kt\u00f3re chc\u0105 wspiera\u0107 prawid\u0142owe funkcjonowanie uk\u0142adu pokarmowego, procesy trawienia oraz kondycj\u0119 \u017co\u0142\u0105dka, jelit i w\u0105troby. \u2728 Spos\u00f3b u\u017cycia Aby przygotowa\u0107 roztw\u00f3r, [&hellip;]<\/p>\n","protected":false},"featured_media":33491,"template":"","meta":[],"product_brand":[70],"product_cat":[69],"product_tag":[],"class_list":{"0":"post-2714","1":"product","2":"type-product","3":"status-publish","4":"has-post-thumbnail","6":"product_brand-apipolfarma","7":"product_cat-apipolfarma","9":"first","10":"outofstock","11":"taxable","12":"shipping-taxable","13":"purchasable","14":"product-type-simple"},"_links":{"self":[{"href":"https:\/\/27-215.pl\/index.php\/wp-json\/wp\/v2\/product\/2714","targetHints":{"allow":["GET"]}}],"collection":[{"href":"https:\/\/27-215.pl\/index.php\/wp-json\/wp\/v2\/product"}],"about":[{"href":"https:\/\/27-215.pl\/index.php\/wp-json\/wp\/v2\/types\/product"}],"wp:featuredmedia":[{"embeddable":true,"href":"https:\/\/27-215.pl\/index.php\/wp-json\/wp\/v2\/media\/33491"}],"wp:attachment":[{"href":"https:\/\/27-215.pl\/index.php\/wp-json\/wp\/v2\/media?parent=2714"}],"wp:term":[{"taxonomy":"product_brand","embeddable":true,"href":"https:\/\/27-215.pl\/index.php\/wp-json\/wp\/v2\/product_brand?post=2714"},{"taxonomy":"product_cat","embeddable":true,"href":"https:\/\/27-215.pl\/index.php\/wp-json\/wp\/v2\/product_cat?post=2714"},{"taxonomy":"product_tag","embeddable":true,"href":"https:\/\/27-215.pl\/index.php\/wp-json\/wp\/v2\/product_tag?post=2714"}],"curies":[{"name":"wp","href":"https:\/\/api.w.org\/{rel}","templated":true}]}}