{"id":2779,"date":"2025-12-05T13:51:44","date_gmt":"2025-12-05T12:51:44","guid":{"rendered":"https:\/\/www.27-215.pl\/?post_type=product&#038;p=2779"},"modified":"2026-04-04T08:53:57","modified_gmt":"2026-04-04T06:53:57","slug":"palacio-krem-do-twarzy-z-mlekiem-kozim-50-ml","status":"publish","type":"product","link":"https:\/\/27-215.pl\/index.php\/produkt\/palacio-krem-do-twarzy-z-mlekiem-kozim-50-ml\/","title":{"rendered":"Krem do twarzy PALACIO z dodatkiem mleka koziego, 50 ml"},"content":{"rendered":"<p data-start=\"0\" data-end=\"57\">\ud83d\udc10 <strong data-start=\"3\" data-end=\"53\">Krem do twarzy PALACIO z mlekiem kozim 50 ml<\/strong> \u2728<\/p>\n<p data-start=\"59\" data-end=\"410\">Odkryj moc mleka koziego w kremie <strong data-start=\"113\" data-end=\"124\">PALACIO<\/strong>, kt\u00f3ry zapewnia intensywn\u0105 piel\u0119gnacj\u0119, regeneracj\u0119 i nawil\u017cenie ka\u017cdego typu sk\u00f3ry. Bogaty w <strong data-start=\"224\" data-end=\"249\">proteiny mleka koziego<\/strong>, krem ten g\u0142\u0119boko od\u017cywia, wyg\u0142adza i przywraca sk\u00f3rze zdrowy wygl\u0105d. Regularne stosowanie przynosi popraw\u0119 elastyczno\u015bci, j\u0119drno\u015bci i d\u0142ugotrwa\u0142e uczucie komfortu.<\/p>\n<p data-start=\"412\" data-end=\"431\">\ud83d\udca7 <strong data-start=\"415\" data-end=\"429\">Dzia\u0142anie kremu:<\/strong><\/p>\n<ul data-start=\"432\" data-end=\"676\">\n<li data-start=\"432\" data-end=\"475\">\n<p data-start=\"434\" data-end=\"475\">Krem <strong data-start=\"442\" data-end=\"466\">nawil\u017ca i regeneruje<\/strong> sk\u00f3r\u0119 g\u0142\u0119boko,<\/p>\n<\/li>\n<li data-start=\"476\" data-end=\"517\">\n<p data-start=\"478\" data-end=\"517\">sprawia, \u017ce sk\u00f3ra odzyskuje <strong data-start=\"478\" data-end=\"500\">j\u0119drno\u015b\u0107<\/strong> i spr\u0119\u017cysto\u015b\u0107,<\/p>\n<\/li>\n<li data-start=\"518\" data-end=\"555\">\n<p data-start=\"520\" data-end=\"555\">dzia\u0142a wyg\u0142adzaj\u0105co i <strong data-start=\"520\" data-end=\"532\">zmi\u0119kczaj\u0105co<\/strong> na nask\u00f3rek,<\/p>\n<\/li>\n<li data-start=\"556\" data-end=\"597\">\n<p data-start=\"558\" data-end=\"597\">wspomaga <strong data-start=\"566\" data-end=\"594\">naturalne procesy odnowy sk\u00f3ry<\/strong>,<\/p>\n<\/li>\n<li data-start=\"598\" data-end=\"639\">\n<p data-start=\"600\" data-end=\"639\">jest odpowiedni dla <strong data-start=\"615\" data-end=\"636\">wszystkich typ\u00f3w sk\u00f3ry<\/strong>,<\/p>\n<\/li>\n<li data-start=\"640\" data-end=\"676\">\n<p data-start=\"642\" data-end=\"676\">zosta\u0142 <strong data-start=\"642\" data-end=\"673\">przebadany dermatologicznie<\/strong>.<\/p>\n<\/li>\n<\/ul>\n<p data-start=\"678\" data-end=\"971\">\ud83d\udc10 <strong data-start=\"681\" data-end=\"704\">W\u0142a\u015bciwo\u015bci mleka koziego:<\/strong><br data-start=\"704\" data-end=\"707\" \/>Mleko kozie jest bogate w <strong data-start=\"756\" data-end=\"777\">witaminy A, D i E<\/strong>, <strong data-start=\"779\" data-end=\"795\">kwas mlekowy<\/strong> oraz <strong data-start=\"801\" data-end=\"822\">bia\u0142ka i t\u0142uszcze<\/strong>, co sprawia, \u017ce intensywnie od\u017cywia i nawil\u017ca sk\u00f3r\u0119. Dzia\u0142a \u0142agodz\u0105co na sk\u00f3r\u0119 such\u0105 i wra\u017cliw\u0105, wspomaga jej regeneracj\u0119 i nadaje jej jedwabist\u0105 g\u0142adko\u015b\u0107.<\/p>\n<p data-start=\"973\" data-end=\"1204\">\ud83c\udf38 <strong data-start=\"976\" data-end=\"994\">Jak stosowa\u0107 krem:<\/strong><br data-start=\"994\" data-end=\"997\" \/>Aplikuj niewielk\u0105 ilo\u015b\u0107 kremu na oczyszczon\u0105 sk\u00f3r\u0119 twarzy i delikatnie wmasuj do wch\u0142oni\u0119cia.<br data-start=\"1088\" data-end=\"1091\" \/>Dla najlepszych efekt\u00f3w, stosuj <strong data-start=\"1098\" data-end=\"1129\">codziennie rano i wieczorem<\/strong>.<br data-start=\"1154\" data-end=\"1157\" \/><em data-start=\"1157\" data-end=\"1202\">Stosowanie u dzieci poni\u017cej 3 roku \u017cycia jest niewskazane.<\/em><\/p>\n<p data-start=\"1206\" data-end=\"1286\">\ud83e\uddfe <strong data-start=\"1209\" data-end=\"1231\">Sk\u0142ad:<\/strong><br data-start=\"1231\" data-end=\"1234\" \/>mleko kozie, pantenol, gliceryna, witamina E, wap\u0144<\/p>\n<p data-start=\"1288\" data-end=\"1313\">\ud83d\udce6 <strong data-start=\"1291\" data-end=\"1305\">Wielko\u015b\u0107 opakowania:<\/strong> 50 ml<\/p>\n","protected":false},"excerpt":{"rendered":"<p>\ud83d\udc10 Krem do twarzy PALACIO z mlekiem kozim 50 ml \u2728 Odkryj moc mleka koziego w kremie PALACIO, kt\u00f3ry zapewnia intensywn\u0105 piel\u0119gnacj\u0119, regeneracj\u0119 i nawil\u017cenie ka\u017cdego typu sk\u00f3ry. Bogaty w proteiny mleka koziego, krem ten g\u0142\u0119boko od\u017cywia, wyg\u0142adza i przywraca sk\u00f3rze zdrowy wygl\u0105d. Regularne stosowanie przynosi popraw\u0119 elastyczno\u015bci, j\u0119drno\u015bci i d\u0142ugotrwa\u0142e uczucie komfortu. \ud83d\udca7 Dzia\u0142anie [&hellip;]<\/p>\n","protected":false},"featured_media":33489,"template":"","meta":[],"product_brand":[22],"product_cat":[21],"product_tag":[],"class_list":{"0":"post-2779","1":"product","2":"type-product","3":"status-publish","4":"has-post-thumbnail","6":"product_brand-palacio","7":"product_cat-palacio","9":"first","10":"instock","11":"taxable","12":"shipping-taxable","13":"purchasable","14":"product-type-simple"},"_links":{"self":[{"href":"https:\/\/27-215.pl\/index.php\/wp-json\/wp\/v2\/product\/2779","targetHints":{"allow":["GET"]}}],"collection":[{"href":"https:\/\/27-215.pl\/index.php\/wp-json\/wp\/v2\/product"}],"about":[{"href":"https:\/\/27-215.pl\/index.php\/wp-json\/wp\/v2\/types\/product"}],"wp:featuredmedia":[{"embeddable":true,"href":"https:\/\/27-215.pl\/index.php\/wp-json\/wp\/v2\/media\/33489"}],"wp:attachment":[{"href":"https:\/\/27-215.pl\/index.php\/wp-json\/wp\/v2\/media?parent=2779"}],"wp:term":[{"taxonomy":"product_brand","embeddable":true,"href":"https:\/\/27-215.pl\/index.php\/wp-json\/wp\/v2\/product_brand?post=2779"},{"taxonomy":"product_cat","embeddable":true,"href":"https:\/\/27-215.pl\/index.php\/wp-json\/wp\/v2\/product_cat?post=2779"},{"taxonomy":"product_tag","embeddable":true,"href":"https:\/\/27-215.pl\/index.php\/wp-json\/wp\/v2\/product_tag?post=2779"}],"curies":[{"name":"wp","href":"https:\/\/api.w.org\/{rel}","templated":true}]}}