{"id":2781,"date":"2025-12-05T14:10:53","date_gmt":"2025-12-05T13:10:53","guid":{"rendered":"https:\/\/www.27-215.pl\/?post_type=product&#038;p=2781"},"modified":"2026-04-04T08:53:58","modified_gmt":"2026-04-04T06:53:58","slug":"palacio-magnezowa-sol-do-kapieli-1200-g","status":"publish","type":"product","link":"https:\/\/27-215.pl\/index.php\/produkt\/palacio-magnezowa-sol-do-kapieli-1200-g\/","title":{"rendered":"S\u00f3l do k\u0105pieli z magnezu PALACIO &#8211; 1200g"},"content":{"rendered":"<p data-start=\"0\" data-end=\"52\">\ud83d\udec1 <strong data-start=\"3\" data-end=\"48\">PALACIO &#8211; Magnezowa s\u00f3l do k\u0105pieli 1200 g<\/strong> \u2728<\/p>\n<p data-start=\"54\" data-end=\"427\">Zrelaksuj si\u0119 z koj\u0105c\u0105 magnezow\u0105 sol\u0105 <strong data-start=\"115\" data-end=\"126\">PALACIO<\/strong>, kt\u00f3ra wspomaga regeneracj\u0119 cia\u0142a i umys\u0142u po ci\u0119\u017ckim dniu. Dzi\u0119ki silnemu st\u0119\u017ceniu magnezu, s\u00f3l ta dzia\u0142a odpr\u0119\u017caj\u0105co, redukuje napi\u0119cie i wspomaga naturalne oczyszczanie sk\u00f3ry. Po\u0142\u0105czenie soli, soli Epsom oraz zio\u0142owych ekstrakt\u00f3w tworzy aromaterapeutyczn\u0105 terapi\u0119 domow\u0105.<\/p>\n<p data-start=\"429\" data-end=\"448\">\ud83d\udca7 <strong data-start=\"432\" data-end=\"446\">Dzia\u0142anie:<\/strong><\/p>\n<ul data-start=\"449\" data-end=\"722\">\n<li data-start=\"449\" data-end=\"489\">\n<p data-start=\"451\" data-end=\"489\">zmniejsza napi\u0119cia i zm\u0119czenie mi\u0119\u015bni,<\/p>\n<\/li>\n<li data-start=\"490\" data-end=\"531\">\n<p data-start=\"492\" data-end=\"531\">wspiera regeneracj\u0119 ca\u0142ego organizmu,<\/p>\n<\/li>\n<li data-start=\"532\" data-end=\"578\">\n<p data-start=\"534\" data-end=\"578\">przywraca r\u00f3wnowag\u0119, relaksuje i od\u015bwie\u017ca,<\/p>\n<\/li>\n<li data-start=\"579\" data-end=\"634\">\n<p data-start=\"581\" data-end=\"634\">naturalnie oczyszcza i poprawia kondycj\u0119 sk\u00f3ry,<\/p>\n<\/li>\n<li data-start=\"635\" data-end=\"680\">\n<p data-start=\"637\" data-end=\"680\">sk\u0142ada si\u0119 z 99,9% sk\u0142adnik\u00f3w pochodzenia naturalnego,<\/p>\n<\/li>\n<li data-start=\"681\" data-end=\"722\">\n<p data-start=\"683\" data-end=\"722\">produkt zosta\u0142 <strong data-start=\"691\" data-end=\"721\">dermatologicznie testowany<\/strong>.<\/p>\n<\/li>\n<\/ul>\n<p data-start=\"724\" data-end=\"1040\">\ud83c\udf3f <strong data-start=\"727\" data-end=\"750\">Moc magnezu i zi\u00f3\u0142:<\/strong><br data-start=\"750\" data-end=\"753\" \/>Po\u0142\u0105czenie soli magnezowej i soli Epsom intensywnie wspomaga odnow\u0119 biologiczn\u0105. Ekstrakty z <strong data-start=\"846\" data-end=\"885\">arniki, lawendy, goryczki i ja\u0142owca<\/strong> dodaj\u0105 k\u0105pieli w\u0142a\u015bciwo\u015bci uspokajaj\u0105ce, przeciwzm\u0119czeniowe i poprawiaj\u0105ce kr\u0105\u017cenie. To idealny wyb\u00f3r po d\u0142ugim, ci\u0119\u017ckim dniu lub wysi\u0142ku fizycznym.<\/p>\n<p data-start=\"1042\" data-end=\"1065\">\ud83d\udec1 <strong data-start=\"1045\" data-end=\"1063\">Spos\u00f3b u\u017cycia:<\/strong><\/p>\n<ul data-start=\"1066\" data-end=\"1276\">\n<li data-start=\"1066\" data-end=\"1146\">\n<p data-start=\"1068\" data-end=\"1146\"><em data-start=\"1068\" data-end=\"1091\">K\u0105piel rozgrzewaj\u0105ca:<\/em> rozpu\u015b\u0107 3\u20134 \u0142y\u017cki soli w wodzie o temperaturze <strong data-start=\"1132\" data-end=\"1143\">38\u201340\u00b0C<\/strong>.<\/p>\n<\/li>\n<li data-start=\"1147\" data-end=\"1276\">\n<p data-start=\"1149\" data-end=\"1276\"><em data-start=\"1149\" data-end=\"1169\">Silniejszy detoks:<\/em> dodaj <strong data-start=\"1176\" data-end=\"1207\">50 g soli na 10 litr\u00f3w wody<\/strong>.<br data-start=\"1208\" data-end=\"1211\" \/>Relaksuj si\u0119 przez oko\u0142o 20 minut, pozwalaj\u0105c sk\u0142adnikom dzia\u0142a\u0107.<\/p>\n<\/li>\n<\/ul>\n<p data-start=\"1278\" data-end=\"1304\">\ud83d\udce6 <strong data-start=\"1281\" data-end=\"1295\">Gramatura:<\/strong> 1200 g<\/p>\n","protected":false},"excerpt":{"rendered":"<p>\ud83d\udec1 PALACIO &#8211; Magnezowa s\u00f3l do k\u0105pieli 1200 g \u2728 Zrelaksuj si\u0119 z koj\u0105c\u0105 magnezow\u0105 sol\u0105 PALACIO, kt\u00f3ra wspomaga regeneracj\u0119 cia\u0142a i umys\u0142u po ci\u0119\u017ckim dniu. Dzi\u0119ki silnemu st\u0119\u017ceniu magnezu, s\u00f3l ta dzia\u0142a odpr\u0119\u017caj\u0105co, redukuje napi\u0119cie i wspomaga naturalne oczyszczanie sk\u00f3ry. Po\u0142\u0105czenie soli, soli Epsom oraz zio\u0142owych ekstrakt\u00f3w tworzy aromaterapeutyczn\u0105 terapi\u0119 domow\u0105. \ud83d\udca7 Dzia\u0142anie: zmniejsza [&hellip;]<\/p>\n","protected":false},"featured_media":33487,"template":"","meta":[],"product_brand":[22],"product_cat":[21],"product_tag":[],"class_list":{"0":"post-2781","1":"product","2":"type-product","3":"status-publish","4":"has-post-thumbnail","6":"product_brand-palacio","7":"product_cat-palacio","9":"first","10":"instock","11":"taxable","12":"shipping-taxable","13":"purchasable","14":"product-type-simple"},"_links":{"self":[{"href":"https:\/\/27-215.pl\/index.php\/wp-json\/wp\/v2\/product\/2781","targetHints":{"allow":["GET"]}}],"collection":[{"href":"https:\/\/27-215.pl\/index.php\/wp-json\/wp\/v2\/product"}],"about":[{"href":"https:\/\/27-215.pl\/index.php\/wp-json\/wp\/v2\/types\/product"}],"wp:featuredmedia":[{"embeddable":true,"href":"https:\/\/27-215.pl\/index.php\/wp-json\/wp\/v2\/media\/33487"}],"wp:attachment":[{"href":"https:\/\/27-215.pl\/index.php\/wp-json\/wp\/v2\/media?parent=2781"}],"wp:term":[{"taxonomy":"product_brand","embeddable":true,"href":"https:\/\/27-215.pl\/index.php\/wp-json\/wp\/v2\/product_brand?post=2781"},{"taxonomy":"product_cat","embeddable":true,"href":"https:\/\/27-215.pl\/index.php\/wp-json\/wp\/v2\/product_cat?post=2781"},{"taxonomy":"product_tag","embeddable":true,"href":"https:\/\/27-215.pl\/index.php\/wp-json\/wp\/v2\/product_tag?post=2781"}],"curies":[{"name":"wp","href":"https:\/\/api.w.org\/{rel}","templated":true}]}}