{"id":2783,"date":"2025-12-05T14:14:58","date_gmt":"2025-12-05T13:14:58","guid":{"rendered":"https:\/\/www.27-215.pl\/?post_type=product&#038;p=2783"},"modified":"2026-04-04T08:54:02","modified_gmt":"2026-04-04T06:54:02","slug":"palacio-sol-do-kapieli-z-jadem-weza-900-g","status":"publish","type":"product","link":"https:\/\/27-215.pl\/index.php\/produkt\/palacio-sol-do-kapieli-z-jadem-weza-900-g\/","title":{"rendered":"S\u00f3l do k\u0105pieli PALACIO z dodatkiem jadu w\u0119\u017ca, 900g"},"content":{"rendered":"<p data-start=\"0\" data-end=\"56\">\ud83d\udec1 <strong data-start=\"3\" data-end=\"50\">PALACIO \u2013 S\u00f3l do k\u0105pieli z jadem w\u0119\u017ca 900 g<\/strong> \ud83d\udc0d\u2728<\/p>\n<p data-start=\"58\" data-end=\"377\">Zastan\u00f3w si\u0119 nad wyj\u0105tkow\u0105 s\u00f3l\u0105 do k\u0105pieli <strong data-start=\"112\" data-end=\"135\">PALACIO Snake Venom<\/strong>, wytworzon\u0105 na bazie syntetycznego jadu w\u0119\u017ca <strong data-start=\"180\" data-end=\"191\">SYN-AKE<\/strong>, peptydu inspirowanego toksyn\u0105 \u017cmii Waglera (<em data-start=\"238\" data-end=\"261\">Tropidolaemus wagleri<\/em>). Dzi\u0119ki tej nowoczesnej formule mo\u017cliwe jest rozlu\u017anienie napi\u0119\u0107, uspokojenie umys\u0142u oraz zapewnienie intensywnej regeneracji ca\u0142ego cia\u0142a.<\/p>\n<p data-start=\"379\" data-end=\"596\">S\u00f3l ta oferuje wyj\u0105tkowe odpr\u0119\u017cenie, a dzi\u0119ki zawarto\u015bci gliceryny piel\u0119gnuje i nawil\u017ca sk\u00f3r\u0119, pozostawiaj\u0105c j\u0105 mi\u0119kk\u0105, ukojon\u0105 i od\u015bwie\u017con\u0105. Stanowi idealny wyb\u00f3r po ci\u0119\u017ckim dniu, d\u0142ugim treningu lub w chwilach przem\u0119czenia.<\/p>\n<p data-start=\"598\" data-end=\"617\">\ud83c\udf3f <strong data-start=\"601\" data-end=\"615\">Dzia\u0142anie:<\/strong><\/p>\n<ul data-start=\"618\" data-end=\"859\">\n<li data-start=\"618\" data-end=\"669\">\n<p data-start=\"620\" data-end=\"669\">wspomaga og\u00f3ln\u0105 regeneracj\u0119 i relaks organizmu,<\/p>\n<\/li>\n<li data-start=\"670\" data-end=\"714\">\n<p data-start=\"672\" data-end=\"714\">pomaga rozlu\u017ani\u0107 napi\u0119cia i ukoi\u0107 zm\u0119czony umys\u0142,<\/p>\n<\/li>\n<li data-start=\"715\" data-end=\"778\">\n<p data-start=\"717\" data-end=\"778\">charakteryzuje si\u0119 przyjemnym zapachem i gwarantuje efekt spa w domowej \u0142azience,<\/p>\n<\/li>\n<li data-start=\"779\" data-end=\"859\">\n<p data-start=\"781\" data-end=\"859\">jej formu\u0142a zosta\u0142a <strong data-start=\"789\" data-end=\"819\">dermatologicznie przetestowana<\/strong> i jest odpowiednia do regularnego stosowania.<\/p>\n<\/li>\n<\/ul>\n<p data-start=\"861\" data-end=\"1153\">\ud83d\udc0d <strong data-start=\"864\" data-end=\"911\">Jad w\u0119\u017ca \u2013 luksusowy sk\u0142adnik piel\u0119gnacyjny<\/strong><br data-start=\"911\" data-end=\"914\" \/>SYN-AKE dzia\u0142a rozlu\u017aniaj\u0105co na sk\u00f3r\u0119 w obszarze mi\u0119\u015bni i uk\u0142adu ruchu. W kosmetykach anti-aging pomaga wyg\u0142adza\u0107 sk\u00f3r\u0119 twarzy, wspiera walk\u0119 ze zmarszczkami i poprawia og\u00f3lny wygl\u0105d cery, dzi\u0119ki wysokiej zawarto\u015bci peptyd\u00f3w i aminokwas\u00f3w.<\/p>\n<p data-start=\"1155\" data-end=\"1178\">\ud83d\udec1 <strong data-start=\"1158\" data-end=\"1176\">Spos\u00f3b u\u017cycia:<\/strong><\/p>\n<ul data-start=\"1179\" data-end=\"1429\">\n<li data-start=\"1179\" data-end=\"1250\">\n<p data-start=\"1181\" data-end=\"1250\">nale\u017cy wsypa\u0107 <strong data-start=\"1186\" data-end=\"1204\">2\u20135 \u0142y\u017cek soli<\/strong> do ciep\u0142ej wody i pozwoli\u0107 jej si\u0119 rozpu\u015bci\u0107,<\/p>\n<\/li>\n<li data-start=\"1251\" data-end=\"1339\">\n<p data-start=\"1253\" data-end=\"1339\">aby osi\u0105gn\u0105\u0107 silniejszy efekt, zaleca si\u0119 zastosowanie wi\u0119kszej ilo\u015bci, tak aby osi\u0105gn\u0105\u0107 st\u0119\u017cenie do <strong data-start=\"1330\" data-end=\"1336\">1%<\/strong>,<\/p>\n<\/li>\n<li data-start=\"1340\" data-end=\"1390\">\n<p data-start=\"1342\" data-end=\"1390\">k\u0105piel nie powinna trwa\u0107 d\u0142u\u017cej ni\u017c <strong data-start=\"1375\" data-end=\"1387\">30 minut<\/strong>,<\/p>\n<\/li>\n<li data-start=\"1391\" data-end=\"1429\">\n<p data-start=\"1393\" data-end=\"1429\">po k\u0105pieli nale\u017cy sp\u0142uka\u0107 cia\u0142o czyst\u0105 wod\u0105.<\/p>\n<\/li>\n<\/ul>\n<p data-start=\"1431\" data-end=\"1456\">\ud83d\udce6 <strong data-start=\"1434\" data-end=\"1448\">Gramatura:<\/strong> 900 g<\/p>\n","protected":false},"excerpt":{"rendered":"<p>\ud83d\udec1 PALACIO \u2013 S\u00f3l do k\u0105pieli z jadem w\u0119\u017ca 900 g \ud83d\udc0d\u2728 Zastan\u00f3w si\u0119 nad wyj\u0105tkow\u0105 s\u00f3l\u0105 do k\u0105pieli PALACIO Snake Venom, wytworzon\u0105 na bazie syntetycznego jadu w\u0119\u017ca SYN-AKE, peptydu inspirowanego toksyn\u0105 \u017cmii Waglera (Tropidolaemus wagleri). Dzi\u0119ki tej nowoczesnej formule mo\u017cliwe jest rozlu\u017anienie napi\u0119\u0107, uspokojenie umys\u0142u oraz zapewnienie intensywnej regeneracji ca\u0142ego cia\u0142a. S\u00f3l ta oferuje [&hellip;]<\/p>\n","protected":false},"featured_media":33485,"template":"","meta":[],"product_brand":[22],"product_cat":[21],"product_tag":[],"class_list":{"0":"post-2783","1":"product","2":"type-product","3":"status-publish","4":"has-post-thumbnail","6":"product_brand-palacio","7":"product_cat-palacio","9":"first","10":"instock","11":"taxable","12":"shipping-taxable","13":"purchasable","14":"product-type-simple"},"_links":{"self":[{"href":"https:\/\/27-215.pl\/index.php\/wp-json\/wp\/v2\/product\/2783","targetHints":{"allow":["GET"]}}],"collection":[{"href":"https:\/\/27-215.pl\/index.php\/wp-json\/wp\/v2\/product"}],"about":[{"href":"https:\/\/27-215.pl\/index.php\/wp-json\/wp\/v2\/types\/product"}],"wp:featuredmedia":[{"embeddable":true,"href":"https:\/\/27-215.pl\/index.php\/wp-json\/wp\/v2\/media\/33485"}],"wp:attachment":[{"href":"https:\/\/27-215.pl\/index.php\/wp-json\/wp\/v2\/media?parent=2783"}],"wp:term":[{"taxonomy":"product_brand","embeddable":true,"href":"https:\/\/27-215.pl\/index.php\/wp-json\/wp\/v2\/product_brand?post=2783"},{"taxonomy":"product_cat","embeddable":true,"href":"https:\/\/27-215.pl\/index.php\/wp-json\/wp\/v2\/product_cat?post=2783"},{"taxonomy":"product_tag","embeddable":true,"href":"https:\/\/27-215.pl\/index.php\/wp-json\/wp\/v2\/product_tag?post=2783"}],"curies":[{"name":"wp","href":"https:\/\/api.w.org\/{rel}","templated":true}]}}