{"id":2787,"date":"2025-12-05T14:44:41","date_gmt":"2025-12-05T13:44:41","guid":{"rendered":"https:\/\/www.27-215.pl\/?post_type=product&#038;p=2787"},"modified":"2026-04-04T08:54:00","modified_gmt":"2026-04-04T06:54:00","slug":"palacio-krem-do-twarzy-z-olejkiem-migdalowym-50-ml","status":"publish","type":"product","link":"https:\/\/27-215.pl\/index.php\/produkt\/palacio-krem-do-twarzy-z-olejkiem-migdalowym-50-ml\/","title":{"rendered":"Krem do twarzy PALACIO z dodatkiem olejku migda\u0142owego, 50 ml"},"content":{"rendered":"<p data-start=\"0\" data-end=\"65\">\ud83e\uddf4 <strong data-start=\"3\" data-end=\"59\">Krem do twarzy PALACIO z olejkiem migda\u0142owym 50 ml<\/strong> \ud83c\udf38\u2728<\/p>\n<p data-start=\"67\" data-end=\"356\">Odkryj krem, kt\u00f3ry zapewni Twojej cerze intensywn\u0105 piel\u0119gnacj\u0119! <strong data-start=\"123\" data-end=\"156\">PALACIO Almond Oil Face Cream<\/strong> to bogata formu\u0142a oparta na naturalnym oleju migda\u0142owym, witaminie E oraz glicerynie, kt\u00f3ra dzia\u0142a jak codzienny opatrunek dla zm\u0119czonej, przesuszonej i nara\u017conej na niekorzystne warunki atmosferyczne sk\u00f3ry.<\/p>\n<p data-start=\"358\" data-end=\"665\">Dzi\u0119ki swojej delikatnej, lecz bogatej konsystencji, krem jest doskonale wch\u0142aniany, g\u0142\u0119boko nawil\u017ca i wyg\u0142adza sk\u00f3r\u0119. Regularne stosowanie poprawia j\u0119drno\u015b\u0107, wspiera regeneracj\u0119 nocn\u0105 i pomaga redukowa\u0107 drobne zmarszczki oraz wyr\u00f3wnywa\u0107 koloryt. Jest odpowiedni dla wszystkich typ\u00f3w cery, zw\u0142aszcza suchej i wra\u017cliwej.<\/p>\n<p data-start=\"667\" data-end=\"691\">\ud83d\udc9b <strong data-start=\"670\" data-end=\"689\">Dlaczego warto wybra\u0107 ten krem?<\/strong><\/p>\n<ul data-start=\"692\" data-end=\"1035\">\n<li data-start=\"692\" data-end=\"729\">\n<p data-start=\"694\" data-end=\"729\">Krem intensywnie nawil\u017ca i nat\u0142uszcza sk\u00f3r\u0119,<\/p>\n<\/li>\n<li data-start=\"730\" data-end=\"773\">\n<p data-start=\"732\" data-end=\"773\">przywraca komfort i zmi\u0119kcza cer\u0119,<\/p>\n<\/li>\n<li data-start=\"774\" data-end=\"822\">\n<p data-start=\"776\" data-end=\"822\">chroni sk\u00f3r\u0119 przed przesuszeniem i niskimi temperaturami,<\/p>\n<\/li>\n<li data-start=\"823\" data-end=\"873\">\n<p data-start=\"825\" data-end=\"873\">wyg\u0142adza drobne zmarszczki i wspiera dzia\u0142anie anti-age,<\/p>\n<\/li>\n<li data-start=\"874\" data-end=\"925\">\n<p data-start=\"876\" data-end=\"925\">poprawia elastyczno\u015b\u0107 i redukuje drobne niedoskona\u0142o\u015bci,<\/p>\n<\/li>\n<li data-start=\"926\" data-end=\"961\">\n<p data-start=\"928\" data-end=\"961\">ma naturalny, delikatny zapach,<\/p>\n<\/li>\n<li data-start=\"962\" data-end=\"1035\">\n<p data-start=\"964\" data-end=\"1035\">nie zawiera sztucznych barwnik\u00f3w, a ilo\u015b\u0107 konserwant\u00f3w zosta\u0142a ograniczona do minimum.<\/p>\n<\/li>\n<\/ul>\n<p data-start=\"1037\" data-end=\"1070\">\ud83c\udf3f <strong data-start=\"1040\" data-end=\"1068\">G\u0142\u00f3wne sk\u0142adniki:<\/strong><\/p>\n<ul data-start=\"1071\" data-end=\"1409\">\n<li data-start=\"1071\" data-end=\"1153\">\n<p data-start=\"1073\" data-end=\"1153\"><strong data-start=\"1073\" data-end=\"1091\">Olej migda\u0142owy<\/strong> \u2013 intensywnie od\u017cywia, \u0142agodzi i op\u00f3\u017ania procesy starzenia,<\/p>\n<\/li>\n<li data-start=\"1154\" data-end=\"1220\">\n<p data-start=\"1156\" data-end=\"1220\"><strong data-start=\"1156\" data-end=\"1173\">Olej kokosowy<\/strong> \u2013 zmi\u0119kcza i wzmacnia barier\u0119 hydrolipidow\u0105 sk\u00f3ry,<\/p>\n<\/li>\n<li data-start=\"1221\" data-end=\"1293\">\n<p data-start=\"1223\" data-end=\"1293\"><strong data-start=\"1223\" data-end=\"1237\">Witamina E<\/strong> \u2013 silny antyoksydant, chroni sk\u00f3r\u0119 przed wolnymi rodnikami,<\/p>\n<\/li>\n<li data-start=\"1294\" data-end=\"1346\">\n<p data-start=\"1296\" data-end=\"1346\"><strong data-start=\"1296\" data-end=\"1309\">Gliceryna<\/strong> \u2013 zapewnia d\u0142ugotrwa\u0142e nawil\u017cenie sk\u00f3ry,<\/p>\n<\/li>\n<li data-start=\"1347\" data-end=\"1409\">\n<p data-start=\"1349\" data-end=\"1409\"><strong data-start=\"1349\" data-end=\"1361\">Coumarin<\/strong> \u2013 dodaje subtelnej, przyjemnej nuty zapachowej.<\/p>\n<\/li>\n<\/ul>\n<p data-start=\"1411\" data-end=\"1594\">\ud83e\uddf4 <strong data-start=\"1414\" data-end=\"1432\">Jak stosowa\u0107 krem?<\/strong><br data-start=\"1432\" data-end=\"1435\" \/>Aplikuj krem na oczyszczon\u0105 i stonizowan\u0105 sk\u00f3r\u0119 twarzy, szyi i dekoltu. Wmasuj delikatnie, okr\u0119\u017cnymi ruchami. Stosuj codziennie, najlepiej rano i wieczorem.<\/p>\n<p data-start=\"1596\" data-end=\"1814\">\ud83c\udf30 <strong data-start=\"1599\" data-end=\"1640\">Olej migda\u0142owy \u2013 klucz do pi\u0119knej sk\u00f3ry<\/strong><br data-start=\"1640\" data-end=\"1643\" \/>Dzi\u0119ki swojemu \u0142agodnemu dzia\u0142aniu, olej migda\u0142owy jest idealny nawet dla wra\u017cliwej sk\u00f3ry. Nawil\u017ca, regeneruje i op\u00f3\u017ania procesy starzenia, pozostawiaj\u0105c sk\u00f3r\u0119 g\u0142adk\u0105 i promienn\u0105.<\/p>\n<p data-start=\"1816\" data-end=\"1841\">\ud83d\udce6 <strong data-start=\"1819\" data-end=\"1833\">Gramatura produktu:<\/strong> 50 ml<\/p>\n","protected":false},"excerpt":{"rendered":"<p>\ud83e\uddf4 Krem do twarzy PALACIO z olejkiem migda\u0142owym 50 ml \ud83c\udf38\u2728 Odkryj krem, kt\u00f3ry zapewni Twojej cerze intensywn\u0105 piel\u0119gnacj\u0119! PALACIO Almond Oil Face Cream to bogata formu\u0142a oparta na naturalnym oleju migda\u0142owym, witaminie E oraz glicerynie, kt\u00f3ra dzia\u0142a jak codzienny opatrunek dla zm\u0119czonej, przesuszonej i nara\u017conej na niekorzystne warunki atmosferyczne sk\u00f3ry. Dzi\u0119ki swojej delikatnej, lecz [&hellip;]<\/p>\n","protected":false},"featured_media":33481,"template":"","meta":[],"product_brand":[22],"product_cat":[21],"product_tag":[],"class_list":{"0":"post-2787","1":"product","2":"type-product","3":"status-publish","4":"has-post-thumbnail","6":"product_brand-palacio","7":"product_cat-palacio","9":"first","10":"instock","11":"taxable","12":"shipping-taxable","13":"purchasable","14":"product-type-simple"},"_links":{"self":[{"href":"https:\/\/27-215.pl\/index.php\/wp-json\/wp\/v2\/product\/2787","targetHints":{"allow":["GET"]}}],"collection":[{"href":"https:\/\/27-215.pl\/index.php\/wp-json\/wp\/v2\/product"}],"about":[{"href":"https:\/\/27-215.pl\/index.php\/wp-json\/wp\/v2\/types\/product"}],"wp:featuredmedia":[{"embeddable":true,"href":"https:\/\/27-215.pl\/index.php\/wp-json\/wp\/v2\/media\/33481"}],"wp:attachment":[{"href":"https:\/\/27-215.pl\/index.php\/wp-json\/wp\/v2\/media?parent=2787"}],"wp:term":[{"taxonomy":"product_brand","embeddable":true,"href":"https:\/\/27-215.pl\/index.php\/wp-json\/wp\/v2\/product_brand?post=2787"},{"taxonomy":"product_cat","embeddable":true,"href":"https:\/\/27-215.pl\/index.php\/wp-json\/wp\/v2\/product_cat?post=2787"},{"taxonomy":"product_tag","embeddable":true,"href":"https:\/\/27-215.pl\/index.php\/wp-json\/wp\/v2\/product_tag?post=2787"}],"curies":[{"name":"wp","href":"https:\/\/api.w.org\/{rel}","templated":true}]}}