{"id":2789,"date":"2025-12-05T14:51:37","date_gmt":"2025-12-05T13:51:37","guid":{"rendered":"https:\/\/www.27-215.pl\/?post_type=product&#038;p=2789"},"modified":"2026-04-04T08:53:59","modified_gmt":"2026-04-04T06:53:59","slug":"palacio-konopny-zel-pod-prysznic-3w1-dla-mezczyzn-500-ml","status":"publish","type":"product","link":"https:\/\/27-215.pl\/index.php\/produkt\/palacio-konopny-zel-pod-prysznic-3w1-dla-mezczyzn-500-ml\/","title":{"rendered":"\u017bel pod prysznic 3w1 PALACIO dla m\u0119\u017cczyzn z konopnym ekstraktem, 500 ml"},"content":{"rendered":"<p data-start=\"0\" data-end=\"61\">\ud83e\uddf4 <strong>PALACIO \u2013 M\u0119ski konopny \u017cel pod prysznic 3w1, 500 ml<\/strong>\u00a0\ud83c\udf3f\ud83d\udd25<\/p>\n<p data-start=\"63\" data-end=\"375\">M\u0119\u017cczy\u017ani, kt\u00f3rzy ceni\u0105 wygod\u0119, skuteczno\u015b\u0107 i \u015bwie\u017co\u015b\u0107, znajd\u0105 w <strong data-start=\"113\" data-end=\"143\">PALACIO Konopnym \u017celu pod prysznic 3w1<\/strong> idealne rozwi\u0105zanie. Ten praktyczny produkt pozwala na piel\u0119gnacj\u0119 cia\u0142a, w\u0142os\u00f3w oraz higieny intymnej w jednej k\u0105pieli, dzi\u0119ki swojej wszechstronnej formule. Dzi\u0119ki temu, m\u0119\u017cczy\u017ani mog\u0105 cieszy\u0107 si\u0119 pe\u0142n\u0105 piel\u0119gnacj\u0105 podczas jednej k\u0105pieli.<\/p>\n<p data-start=\"377\" data-end=\"641\">Dzi\u0119ki zawarto\u015bci <strong data-start=\"390\" data-end=\"406\">oleju konopnego<\/strong>, ten delikatny, ale skuteczny \u017cel oczyszcza, jednocze\u015bnie dbaj\u0105c o odpowiednie nawil\u017cenie sk\u00f3ry i w\u0142os\u00f3w. Pozostawia uczucie czysto\u015bci, komfortu i przyjemnego, m\u0119skiego zapachu. To idealny produkt na co dzie\u0144, do pracy, na si\u0142owni\u0119 czy w podr\u00f3\u017c.<\/p>\n<p data-start=\"643\" data-end=\"667\">\ud83d\udcaa <strong data-start=\"646\" data-end=\"665\">Dlaczego warto wybra\u0107 ten produkt?<\/strong><\/p>\n<ul data-start=\"668\" data-end=\"954\">\n<li data-start=\"668\" data-end=\"726\">\n<p data-start=\"670\" data-end=\"726\">zalet\u0105 tego produktu jest jego <strong data-start=\"681\" data-end=\"690\">praktyczna formu\u0142a 3 w 1<\/strong> \u2013 mo\u017ce by\u0107 stosowany do cia\u0142a, w\u0142os\u00f3w i okolic intymnych,<\/p>\n<\/li>\n<li data-start=\"727\" data-end=\"761\">\n<p data-start=\"729\" data-end=\"761\">delikatnie nawil\u017ca i od\u015bwie\u017ca sk\u00f3r\u0119 i w\u0142osy,<\/p>\n<\/li>\n<li data-start=\"762\" data-end=\"795\">\n<p data-start=\"764\" data-end=\"795\">skutecznie usuwa zanieczyszczenia i pot,<\/p>\n<\/li>\n<li data-start=\"796\" data-end=\"837\">\n<p data-start=\"798\" data-end=\"837\">pozostawia sk\u00f3r\u0119 komfortow\u0105 i g\u0142adk\u0105,<\/p>\n<\/li>\n<li data-start=\"838\" data-end=\"876\">\n<p data-start=\"840\" data-end=\"876\">nadaje si\u0119 do codziennego stosowania,<\/p>\n<\/li>\n<li data-start=\"877\" data-end=\"910\">\n<p data-start=\"879\" data-end=\"910\">ma m\u0119ski, energetyzuj\u0105cy zapach,<\/p>\n<\/li>\n<li data-start=\"911\" data-end=\"954\">\n<p data-start=\"913\" data-end=\"954\">jest doskona\u0142ym wyborem dla aktywnych m\u0119\u017cczyzn.<\/p>\n<\/li>\n<\/ul>\n<p data-start=\"956\" data-end=\"984\">\ud83c\udf3f <strong data-start=\"959\" data-end=\"982\">G\u0142\u00f3wne sk\u0142adniki:<\/strong><\/p>\n<ul data-start=\"985\" data-end=\"1097\">\n<li data-start=\"985\" data-end=\"1038\">\n<p data-start=\"987\" data-end=\"1038\"><strong data-start=\"987\" data-end=\"1003\">olej konopny<\/strong> \u2013 od\u017cywia, \u0142agodzi i regeneruje sk\u00f3r\u0119,<\/p>\n<\/li>\n<li data-start=\"1039\" data-end=\"1067\">\n<p data-start=\"1041\" data-end=\"1067\">zawiera delikatne \u015brodki myj\u0105ce,<\/p>\n<\/li>\n<li data-start=\"1068\" data-end=\"1097\">\n<p data-start=\"1070\" data-end=\"1097\">ma m\u0119sk\u0105 kompozycj\u0119 zapachow\u0105.<\/p>\n<\/li>\n<\/ul>\n<p data-start=\"1099\" data-end=\"1295\">\ud83e\uddf4 <strong data-start=\"1102\" data-end=\"1120\"> Jak stosowa\u0107:<\/strong><br data-start=\"1120\" data-end=\"1123\" \/>Niewielk\u0105 ilo\u015b\u0107 \u017celu nale\u017cy nanie\u015b\u0107 na mokre cia\u0142o, w\u0142osy lub okolice intymne, spieni\u0107, delikatnie wmasowa\u0107, a nast\u0119pnie dok\u0142adnie sp\u0142uka\u0107 ciep\u0142\u0105 wod\u0105. Mo\u017ce by\u0107 stosowany codziennie.<\/p>\n<p data-start=\"1297\" data-end=\"1549\">\ud83c\udf31 <strong data-start=\"1300\" data-end=\"1356\">W\u0142a\u015bciwo\u015bci oleju konopnego<\/strong><br data-start=\"1356\" data-end=\"1359\" \/>Olej konopny dzia\u0142a koj\u0105co, wzmacnia barier\u0119 ochronn\u0105 sk\u00f3ry i pomaga utrzyma\u0107 jej naturaln\u0105 r\u00f3wnowag\u0119. Minimalizuje podra\u017cnienia i zabezpiecza przed wysuszeniem \u2013 nadaje si\u0119 do ka\u017cdego typu sk\u00f3ry.<\/p>\n<p data-start=\"1551\" data-end=\"1577\">\ud83d\udce6 <strong data-start=\"1554\" data-end=\"1568\">Waga:<\/strong> 500 ml<\/p>\n","protected":false},"excerpt":{"rendered":"<p>\ud83e\uddf4 PALACIO \u2013 M\u0119ski konopny \u017cel pod prysznic 3w1, 500 ml\u00a0\ud83c\udf3f\ud83d\udd25 M\u0119\u017cczy\u017ani, kt\u00f3rzy ceni\u0105 wygod\u0119, skuteczno\u015b\u0107 i \u015bwie\u017co\u015b\u0107, znajd\u0105 w PALACIO Konopnym \u017celu pod prysznic 3w1 idealne rozwi\u0105zanie. Ten praktyczny produkt pozwala na piel\u0119gnacj\u0119 cia\u0142a, w\u0142os\u00f3w oraz higieny intymnej w jednej k\u0105pieli, dzi\u0119ki swojej wszechstronnej formule. Dzi\u0119ki temu, m\u0119\u017cczy\u017ani mog\u0105 cieszy\u0107 si\u0119 pe\u0142n\u0105 piel\u0119gnacj\u0105 podczas [&hellip;]<\/p>\n","protected":false},"featured_media":33479,"template":"","meta":[],"product_brand":[22],"product_cat":[21],"product_tag":[],"class_list":{"0":"post-2789","1":"product","2":"type-product","3":"status-publish","4":"has-post-thumbnail","6":"product_brand-palacio","7":"product_cat-palacio","9":"first","10":"instock","11":"taxable","12":"shipping-taxable","13":"purchasable","14":"product-type-simple"},"_links":{"self":[{"href":"https:\/\/27-215.pl\/index.php\/wp-json\/wp\/v2\/product\/2789","targetHints":{"allow":["GET"]}}],"collection":[{"href":"https:\/\/27-215.pl\/index.php\/wp-json\/wp\/v2\/product"}],"about":[{"href":"https:\/\/27-215.pl\/index.php\/wp-json\/wp\/v2\/types\/product"}],"wp:featuredmedia":[{"embeddable":true,"href":"https:\/\/27-215.pl\/index.php\/wp-json\/wp\/v2\/media\/33479"}],"wp:attachment":[{"href":"https:\/\/27-215.pl\/index.php\/wp-json\/wp\/v2\/media?parent=2789"}],"wp:term":[{"taxonomy":"product_brand","embeddable":true,"href":"https:\/\/27-215.pl\/index.php\/wp-json\/wp\/v2\/product_brand?post=2789"},{"taxonomy":"product_cat","embeddable":true,"href":"https:\/\/27-215.pl\/index.php\/wp-json\/wp\/v2\/product_cat?post=2789"},{"taxonomy":"product_tag","embeddable":true,"href":"https:\/\/27-215.pl\/index.php\/wp-json\/wp\/v2\/product_tag?post=2789"}],"curies":[{"name":"wp","href":"https:\/\/api.w.org\/{rel}","templated":true}]}}