{"id":2791,"date":"2025-12-05T14:53:22","date_gmt":"2025-12-05T13:53:22","guid":{"rendered":"https:\/\/www.27-215.pl\/?post_type=product&#038;p=2791"},"modified":"2026-04-04T08:53:56","modified_gmt":"2026-04-04T06:53:56","slug":"palacio-eukaliptusowa-sol-do-kapieli-na-sezon-przeziebien-900-g","status":"publish","type":"product","link":"https:\/\/27-215.pl\/index.php\/produkt\/palacio-eukaliptusowa-sol-do-kapieli-na-sezon-przeziebien-900-g\/","title":{"rendered":"S\u00f3l do k\u0105pieli z eukaliptusem PALACIO &#8211; idealna na sezon przezi\u0119bie\u0144, 900 g"},"content":{"rendered":"<p data-start=\"0\" data-end=\"76\">\u2744\ufe0f <strong data-start=\"3\" data-end=\"72\">PALACIO &#8211; Eukaliptusowa s\u00f3l do k\u0105pieli na sezon przezi\u0119bie\u0144 900 g<\/strong> \ud83c\udf3f\u2728<\/p>\n<p data-start=\"78\" data-end=\"509\">W sezonie ch\u0142odnych dni i cz\u0119stych przezi\u0119bie\u0144, <strong data-start=\"135\" data-end=\"158\">PALACIO Cold Season<\/strong> oferuje rozgrzewaj\u0105c\u0105 i aromatyczn\u0105 k\u0105piel z sol\u0105, kt\u00f3ra jest wyj\u0105tkow\u0105 kompozycj\u0105 soli z naturalnymi ekstraktami zi\u00f3\u0142. Gdy s\u00f3l rozpu\u015bci si\u0119 w gor\u0105cej wodzie, rozlu\u017ania cia\u0142o, uspokaja umys\u0142 i pomaga odzyska\u0107 wewn\u0119trzn\u0105 r\u00f3wnowag\u0119. Dodatek eukaliptusa daje uczucie od\u015bwie\u017cenia i lekko\u015bci, wspieraj\u0105c organizm w trudniejszym okresie roku.<\/p>\n<p data-start=\"511\" data-end=\"528\">\ud83d\udca7 <strong data-start=\"514\" data-end=\"528\">Dzia\u0142anie:<\/strong><\/p>\n<ul data-start=\"529\" data-end=\"796\">\n<li data-start=\"529\" data-end=\"559\">\n<p data-start=\"531\" data-end=\"559\">dodaje energii i od\u015bwie\u017ca,<\/p>\n<\/li>\n<li data-start=\"560\" data-end=\"600\">\n<p data-start=\"562\" data-end=\"600\">relaksuje i \u0142agodzi napi\u0119cie mi\u0119\u015bni,<\/p>\n<\/li>\n<li data-start=\"601\" data-end=\"663\">\n<p data-start=\"603\" data-end=\"663\">wspiera regeneracj\u0119 organizmu po ch\u0142odnych dniach i przezi\u0119bieniach,<\/p>\n<\/li>\n<li data-start=\"664\" data-end=\"715\">\n<p data-start=\"666\" data-end=\"715\">piel\u0119gnuje sk\u00f3r\u0119, pozostawiaj\u0105c przyjemny zapach,<\/p>\n<\/li>\n<li data-start=\"716\" data-end=\"765\">\n<p data-start=\"718\" data-end=\"765\">aromat eukaliptusu stymuluje zmys\u0142y i udra\u017cnia,<\/p>\n<\/li>\n<li data-start=\"766\" data-end=\"796\">\n<p data-start=\"768\" data-end=\"796\">zosta\u0142a przebadana dermatologicznie.<\/p>\n<\/li>\n<\/ul>\n<p data-start=\"798\" data-end=\"1090\">\ud83c\udf3f <strong data-start=\"801\" data-end=\"829\">W\u0142a\u015bciwo\u015bci zi\u00f3\u0142 i eukaliptusa:<\/strong><br data-start=\"829\" data-end=\"832\" \/>Ekstrakty z pokrzywy, rumianku, brzozy bia\u0142ej, nagietka i sza\u0142wii dzia\u0142aj\u0105 koj\u0105co i regeneruj\u0105co, wsp\u00f3\u0142pracuj\u0105c z oczyszczaj\u0105c\u0105 moc\u0105 soli. Eukaliptus dodatkowo u\u0142atwia oddychanie i wzmacnia efekt rozgrzewaj\u0105cej k\u0105pieli, idealnej w sezonie przezi\u0119bie\u0144.<\/p>\n<p data-start=\"1092\" data-end=\"1349\">\ud83d\udec1 <strong data-start=\"1095\" data-end=\"1113\"> Jak u\u017cywa\u0107:<\/strong><br data-start=\"1113\" data-end=\"1116\" \/>Aby korzysta\u0107 z k\u0105pieli, wsyp <strong data-start=\"1121\" data-end=\"1134\">2\u20135 \u0142y\u017cek<\/strong> soli do ciep\u0142ej wody i poczekaj, a\u017c si\u0119 rozpu\u015bci.<br data-start=\"1184\" data-end=\"1187\" \/>Dla intensywniejszego efektu, mo\u017cesz zwi\u0119kszy\u0107 st\u0119\u017cenie do <strong data-start=\"1248\" data-end=\"1254\">1%<\/strong>.<br data-start=\"1255\" data-end=\"1258\" \/>Zalecany czas k\u0105pieli to <strong data-start=\"1282\" data-end=\"1294\">30 minut<\/strong>.<br data-start=\"1295\" data-end=\"1298\" \/>Po k\u0105pieli, delikatnie sp\u0142ucz cia\u0142o czyst\u0105 wod\u0105.<\/p>\n<p data-start=\"1351\" data-end=\"1480\">\ud83e\uddfe <strong data-start=\"1354\" data-end=\"1376\">Sk\u0142ad:<\/strong><br data-start=\"1376\" data-end=\"1379\" \/>s\u00f3l, ekstrakt z pokrzywy, rumianku, brzozy bia\u0142ej, nagietka, sza\u0142wii, gliceryna, aromat eukaliptusowy<\/p>\n<p data-start=\"1482\" data-end=\"1505\">\ud83d\udce6 <strong data-start=\"1485\" data-end=\"1499\">Waga:<\/strong> 900 g<\/p>\n","protected":false},"excerpt":{"rendered":"<p>\u2744\ufe0f PALACIO &#8211; Eukaliptusowa s\u00f3l do k\u0105pieli na sezon przezi\u0119bie\u0144 900 g \ud83c\udf3f\u2728 W sezonie ch\u0142odnych dni i cz\u0119stych przezi\u0119bie\u0144, PALACIO Cold Season oferuje rozgrzewaj\u0105c\u0105 i aromatyczn\u0105 k\u0105piel z sol\u0105, kt\u00f3ra jest wyj\u0105tkow\u0105 kompozycj\u0105 soli z naturalnymi ekstraktami zi\u00f3\u0142. Gdy s\u00f3l rozpu\u015bci si\u0119 w gor\u0105cej wodzie, rozlu\u017ania cia\u0142o, uspokaja umys\u0142 i pomaga odzyska\u0107 wewn\u0119trzn\u0105 r\u00f3wnowag\u0119. [&hellip;]<\/p>\n","protected":false},"featured_media":33477,"template":"","meta":[],"product_brand":[22],"product_cat":[21],"product_tag":[],"class_list":{"0":"post-2791","1":"product","2":"type-product","3":"status-publish","4":"has-post-thumbnail","6":"product_brand-palacio","7":"product_cat-palacio","9":"first","10":"instock","11":"taxable","12":"shipping-taxable","13":"purchasable","14":"product-type-simple"},"_links":{"self":[{"href":"https:\/\/27-215.pl\/index.php\/wp-json\/wp\/v2\/product\/2791","targetHints":{"allow":["GET"]}}],"collection":[{"href":"https:\/\/27-215.pl\/index.php\/wp-json\/wp\/v2\/product"}],"about":[{"href":"https:\/\/27-215.pl\/index.php\/wp-json\/wp\/v2\/types\/product"}],"wp:featuredmedia":[{"embeddable":true,"href":"https:\/\/27-215.pl\/index.php\/wp-json\/wp\/v2\/media\/33477"}],"wp:attachment":[{"href":"https:\/\/27-215.pl\/index.php\/wp-json\/wp\/v2\/media?parent=2791"}],"wp:term":[{"taxonomy":"product_brand","embeddable":true,"href":"https:\/\/27-215.pl\/index.php\/wp-json\/wp\/v2\/product_brand?post=2791"},{"taxonomy":"product_cat","embeddable":true,"href":"https:\/\/27-215.pl\/index.php\/wp-json\/wp\/v2\/product_cat?post=2791"},{"taxonomy":"product_tag","embeddable":true,"href":"https:\/\/27-215.pl\/index.php\/wp-json\/wp\/v2\/product_tag?post=2791"}],"curies":[{"name":"wp","href":"https:\/\/api.w.org\/{rel}","templated":true}]}}