{"id":2793,"date":"2025-12-05T14:56:15","date_gmt":"2025-12-05T13:56:15","guid":{"rendered":"https:\/\/www.27-215.pl\/?post_type=product&#038;p=2793"},"modified":"2026-04-04T08:53:58","modified_gmt":"2026-04-04T06:53:58","slug":"palacio-wazelina-z-jadem-weza-100-ml","status":"publish","type":"product","link":"https:\/\/27-215.pl\/index.php\/produkt\/palacio-wazelina-z-jadem-weza-100-ml\/","title":{"rendered":"Wazelina z jadem w\u0119\u017ca PALACIO, 100 ml"},"content":{"rendered":"<p data-start=\"0\" data-end=\"96\">\ud83d\udc0d <strong data-start=\"3\" data-end=\"45\">Wazelina PALACIO z jadem w\u0119\u017ca &#8211; 100 ml<\/strong> \u2728<br data-start=\"47\" data-end=\"50\" \/>Oto regeneracja, relaks i uniwersalna piel\u0119gnacja w jednym produkcie<\/p>\n<p data-start=\"98\" data-end=\"430\">Odkryj wyj\u0105tkowe w\u0142a\u015bciwo\u015bci wazeliny <strong data-start=\"124\" data-end=\"147\">PALACIO Snake Venom<\/strong>, kt\u00f3ra \u0142\u0105czy g\u0142\u0119bokie odpr\u0119\u017cenie, regeneracj\u0119 i intensywn\u0105 piel\u0119gnacj\u0119 sk\u00f3ry. Dzi\u0119ki po\u0142\u0105czeniu syntetycznego jadu w\u0119\u017ca <strong data-start=\"280\" data-end=\"291\">SYN-AKE<\/strong> z bogatymi wyci\u0105gami zio\u0142owymi, produkt oferuje natychmiastow\u0105 ulg\u0119, relaksuje napi\u0119te partie cia\u0142a i skutecznie od\u017cywia sk\u00f3r\u0119.<\/p>\n<p data-start=\"432\" data-end=\"603\">Jej uniwersalna formu\u0142a sprawia, \u017ce mo\u017ce by\u0107 stosowana na r\u00f3\u017cne partie cia\u0142a, takie jak mi\u0119\u015bnie, stawy, plecy, d\u0142onie, a nawet sk\u00f3r\u0119 twarzy &#8211; wsz\u0119dzie tam, gdzie potrzebujesz regeneracji i komfortu.<\/p>\n<p data-start=\"605\" data-end=\"622\">\ud83d\udca7 <strong data-start=\"608\" data-end=\"622\">Dzia\u0142anie produktu:<\/strong><\/p>\n<ul data-start=\"623\" data-end=\"874\">\n<li data-start=\"623\" data-end=\"675\">\n<p data-start=\"625\" data-end=\"675\">G\u0142\u0119boko relaksuje i regeneruje zm\u0119czone miejsca na sk\u00f3rze,<\/p>\n<\/li>\n<li data-start=\"676\" data-end=\"716\">\n<p data-start=\"678\" data-end=\"716\">Intensywnie nawil\u017ca i od\u017cywia sk\u00f3r\u0119, zapewniaj\u0105c jej zdrowy wygl\u0105d,<\/p>\n<\/li>\n<li data-start=\"717\" data-end=\"769\">\n<p data-start=\"719\" data-end=\"769\">Pozostawia sk\u00f3r\u0119 g\u0142adk\u0105, mi\u0119kk\u0105 i zregenerowan\u0105, co poprawia jej wygl\u0105d,<\/p>\n<\/li>\n<li data-start=\"770\" data-end=\"817\">\n<p data-start=\"772\" data-end=\"817\">Idealna do masa\u017cu i codziennej piel\u0119gnacji sk\u00f3ry, aby zapewni\u0107 jej optymaln\u0105 kondycj\u0119,<\/p>\n<\/li>\n<li data-start=\"818\" data-end=\"874\">\n<p data-start=\"820\" data-end=\"874\">Bezpieczna, nietoksyczna i przebadana dermatologicznie, aby zapewni\u0107 bezpiecze\u0144stwo stosowania.<\/p>\n<\/li>\n<\/ul>\n<p data-start=\"876\" data-end=\"1182\">\ud83d\udc0d <strong data-start=\"879\" data-end=\"922\">Si\u0142a syntetycznego jadu w\u0119\u017ca SYN-AKE:<\/strong><br data-start=\"922\" data-end=\"925\" \/>Innowacyjny sk\u0142adnik, inspirowany jadem \u017cmii \u015bwi\u0105tynnej, pomaga redukowa\u0107 napi\u0119cia w obr\u0119bie mi\u0119\u015bni i sk\u00f3ry, poprawia jej elastyczno\u015b\u0107 oraz wspiera wyg\u0142adzanie drobnych zmarszczek, dzi\u0119ki po\u0142\u0105czeniu peptyd\u00f3w, aminokwas\u00f3w i enzym\u00f3w.<\/p>\n<p data-start=\"1184\" data-end=\"1270\">\ud83c\udf3f <strong data-start=\"1187\" data-end=\"1209\">Sk\u0142adniki aktywne produktu:<\/strong><br data-start=\"1209\" data-end=\"1212\" \/>SYN-AKE, ekstrakty zio\u0142owe, wazelina kosmetyczna, kumaryna<\/p>\n<p data-start=\"1272\" data-end=\"1441\">\ud83c\udf38 <strong data-start=\"1275\" data-end=\"1293\">Spos\u00f3b u\u017cycia produktu:<\/strong><br data-start=\"1293\" data-end=\"1296\" \/>Aplikuj niewielk\u0105 ilo\u015b\u0107 wazeliny na wybrane miejsce i delikatnie wmasuj.<br data-start=\"1366\" data-end=\"1369\" \/>Stosuj produkt w zale\u017cno\u015bci od potrzeb.<br data-start=\"1405\" data-end=\"1408\" \/>Przechowuj produkt poza zasi\u0119giem dzieci, aby zapewni\u0107 bezpiecze\u0144stwo.<\/p>\n<p data-start=\"1443\" data-end=\"1469\">\ud83d\udce6 <strong data-start=\"1446\" data-end=\"1460\">Pojemno\u015b\u0107 opakowania:<\/strong> 100 ml<\/p>\n","protected":false},"excerpt":{"rendered":"<p>\ud83d\udc0d Wazelina PALACIO z jadem w\u0119\u017ca &#8211; 100 ml \u2728Oto regeneracja, relaks i uniwersalna piel\u0119gnacja w jednym produkcie Odkryj wyj\u0105tkowe w\u0142a\u015bciwo\u015bci wazeliny PALACIO Snake Venom, kt\u00f3ra \u0142\u0105czy g\u0142\u0119bokie odpr\u0119\u017cenie, regeneracj\u0119 i intensywn\u0105 piel\u0119gnacj\u0119 sk\u00f3ry. Dzi\u0119ki po\u0142\u0105czeniu syntetycznego jadu w\u0119\u017ca SYN-AKE z bogatymi wyci\u0105gami zio\u0142owymi, produkt oferuje natychmiastow\u0105 ulg\u0119, relaksuje napi\u0119te partie cia\u0142a i skutecznie od\u017cywia [&hellip;]<\/p>\n","protected":false},"featured_media":33475,"template":"","meta":[],"product_brand":[22],"product_cat":[21],"product_tag":[],"class_list":{"0":"post-2793","1":"product","2":"type-product","3":"status-publish","4":"has-post-thumbnail","6":"product_brand-palacio","7":"product_cat-palacio","9":"first","10":"instock","11":"taxable","12":"shipping-taxable","13":"purchasable","14":"product-type-simple"},"_links":{"self":[{"href":"https:\/\/27-215.pl\/index.php\/wp-json\/wp\/v2\/product\/2793","targetHints":{"allow":["GET"]}}],"collection":[{"href":"https:\/\/27-215.pl\/index.php\/wp-json\/wp\/v2\/product"}],"about":[{"href":"https:\/\/27-215.pl\/index.php\/wp-json\/wp\/v2\/types\/product"}],"wp:featuredmedia":[{"embeddable":true,"href":"https:\/\/27-215.pl\/index.php\/wp-json\/wp\/v2\/media\/33475"}],"wp:attachment":[{"href":"https:\/\/27-215.pl\/index.php\/wp-json\/wp\/v2\/media?parent=2793"}],"wp:term":[{"taxonomy":"product_brand","embeddable":true,"href":"https:\/\/27-215.pl\/index.php\/wp-json\/wp\/v2\/product_brand?post=2793"},{"taxonomy":"product_cat","embeddable":true,"href":"https:\/\/27-215.pl\/index.php\/wp-json\/wp\/v2\/product_cat?post=2793"},{"taxonomy":"product_tag","embeddable":true,"href":"https:\/\/27-215.pl\/index.php\/wp-json\/wp\/v2\/product_tag?post=2793"}],"curies":[{"name":"wp","href":"https:\/\/api.w.org\/{rel}","templated":true}]}}