{"id":2795,"date":"2025-12-05T14:59:33","date_gmt":"2025-12-05T13:59:33","guid":{"rendered":"https:\/\/www.27-215.pl\/?post_type=product&#038;p=2795"},"modified":"2026-04-04T08:54:01","modified_gmt":"2026-04-04T06:54:01","slug":"palacio-pasta-do-zebow-cannabis-hemp-dent-75-g","status":"publish","type":"product","link":"https:\/\/27-215.pl\/index.php\/produkt\/palacio-pasta-do-zebow-cannabis-hemp-dent-75-g\/","title":{"rendered":"Pasta do z\u0119b\u00f3w PALACIO Cannabis HEMP &amp; DENT, 75g"},"content":{"rendered":"<p data-start=\"0\" data-end=\"63\">\ud83e\uddb7 <strong data-start=\"3\" data-end=\"57\">PALACIO \u2013 Pasta do z\u0119b\u00f3w Cannabis HEMP &amp; DENT 75 g<\/strong> \ud83c\udf3f\u2728<\/p>\n<p data-start=\"65\" data-end=\"467\">Odkryj naturalne korzy\u015bci konopi w pastach do z\u0119b\u00f3w <strong data-start=\"102\" data-end=\"125\">PALACIO HEMP &amp; DENT<\/strong>, kt\u00f3re efektywnie oczyszczaj\u0105, delikatnie wybielaj\u0105 i pomagaj\u0105 przywr\u00f3ci\u0107 naturaln\u0105 \u015bwie\u017co\u015b\u0107 Twojemu u\u015bmiechowi. Dzi\u0119ki obecno\u015bci minera\u0142\u00f3w, pasta wzmacnia szkliwo, usuwa plamy i pozostawia z\u0119by g\u0142adkie oraz idealnie czyste. Ta delikatna i bezpieczna formu\u0142a, pozbawiona fluoru, nadtlenk\u00f3w i PEG-\u00f3w, jest odpowiednia r\u00f3wnie\u017c dla dzieci powy\u017cej 3. roku \u017cycia.<\/p>\n<p data-start=\"469\" data-end=\"832\">\ud83d\udca7 <strong data-start=\"472\" data-end=\"486\">Dzia\u0142anie:<\/strong><br data-start=\"486\" data-end=\"489\" \/>\u2022 usuwa plamy powsta\u0142e po kawie, herbacie i winie,<br data-start=\"538\" data-end=\"541\" \/>\u2022 delikatnie wybiela i wyg\u0142adza powierzchni\u0119 z\u0119b\u00f3w,<br data-start=\"592\" data-end=\"595\" \/>\u2022 wzmacnia szkliwo dzi\u0119ki naturalnym sk\u0142adnikom mineralnym,<br data-start=\"642\" data-end=\"645\" \/>\u2022 wspiera zdrowie jamy ustnej i zapobiega pr\u00f3chnicy,<br data-start=\"697\" data-end=\"700\" data-is-only-node=\"\" \/>\u2022 od\u015bwie\u017ca oddech dzi\u0119ki olejkowi mi\u0119towemu i any\u017cowemu,<br data-start=\"747\" data-end=\"750\" \/>\u2022 wolna od fluoru, PEG-\u00f3w i nadtlenk\u00f3w,<br data-start=\"783\" data-end=\"786\" \/>\u2022 odpowiednia dla doros\u0142ych i dzieci od 3 lat.<\/p>\n<p data-start=\"834\" data-end=\"1123\">\ud83c\udf3f <strong data-start=\"837\" data-end=\"853\">W\u0142a\u015bciwo\u015bci konopi:<\/strong><br data-start=\"853\" data-end=\"856\" \/>Olej konopny jest niezwykle cennym sk\u0142adnikiem, kt\u00f3ry wykazuje dzia\u0142anie regeneruj\u0105ce i \u0142agodz\u0105ce. Wspiera zdrowie dzi\u0105se\u0142, redukuje podra\u017cnienia, dzia\u0142a ochronnie i antybakteryjnie. Ponadto pomaga utrzyma\u0107 r\u00f3wnowag\u0119 w jamie ustnej, wspomagaj\u0105c naturalne procesy regeneracji.<\/p>\n<p data-start=\"1125\" data-end=\"1336\">\ud83c\udf38 <strong data-start=\"1128\" data-end=\"1146\">Spos\u00f3b u\u017cycia:<\/strong><br data-start=\"1146\" data-end=\"1149\" \/>Naniesienie niewielkiej ilo\u015bci pasty na szczoteczk\u0119 i szczotkowanie z\u0119b\u00f3w przez co najmniej 2 minuty, dwa razy dziennie.<br data-start=\"1257\" data-end=\"1260\" \/>W przypadku dzieci, upewnij si\u0119, \u017ce dok\u0142adnie wyp\u0142ukuj\u0105 usta i nie po\u0142ykaj\u0105 pasty.<\/p>\n<p data-start=\"1338\" data-end=\"1446\">\ud83e\uddfe <strong data-start=\"1341\" data-end=\"1363\">G\u0142\u00f3wne sk\u0142adniki:<\/strong><br data-start=\"1363\" data-end=\"1366\" \/>olej konopny, wap\u0144, skrobia kukurydziana, olejek mi\u0119towy, olejek any\u017cowy, mentol<\/p>\n<p data-start=\"1448\" data-end=\"1472\">\ud83d\udce6 <strong data-start=\"1451\" data-end=\"1465\">Pojemno\u015b\u0107:<\/strong> 75 g<\/p>\n","protected":false},"excerpt":{"rendered":"<p>\ud83e\uddb7 PALACIO \u2013 Pasta do z\u0119b\u00f3w Cannabis HEMP &amp; DENT 75 g \ud83c\udf3f\u2728 Odkryj naturalne korzy\u015bci konopi w pastach do z\u0119b\u00f3w PALACIO HEMP &amp; DENT, kt\u00f3re efektywnie oczyszczaj\u0105, delikatnie wybielaj\u0105 i pomagaj\u0105 przywr\u00f3ci\u0107 naturaln\u0105 \u015bwie\u017co\u015b\u0107 Twojemu u\u015bmiechowi. Dzi\u0119ki obecno\u015bci minera\u0142\u00f3w, pasta wzmacnia szkliwo, usuwa plamy i pozostawia z\u0119by g\u0142adkie oraz idealnie czyste. Ta delikatna i [&hellip;]<\/p>\n","protected":false},"featured_media":33473,"template":"","meta":[],"product_brand":[22],"product_cat":[21],"product_tag":[],"class_list":{"0":"post-2795","1":"product","2":"type-product","3":"status-publish","4":"has-post-thumbnail","6":"product_brand-palacio","7":"product_cat-palacio","9":"first","10":"instock","11":"taxable","12":"shipping-taxable","13":"purchasable","14":"product-type-simple"},"_links":{"self":[{"href":"https:\/\/27-215.pl\/index.php\/wp-json\/wp\/v2\/product\/2795","targetHints":{"allow":["GET"]}}],"collection":[{"href":"https:\/\/27-215.pl\/index.php\/wp-json\/wp\/v2\/product"}],"about":[{"href":"https:\/\/27-215.pl\/index.php\/wp-json\/wp\/v2\/types\/product"}],"wp:featuredmedia":[{"embeddable":true,"href":"https:\/\/27-215.pl\/index.php\/wp-json\/wp\/v2\/media\/33473"}],"wp:attachment":[{"href":"https:\/\/27-215.pl\/index.php\/wp-json\/wp\/v2\/media?parent=2795"}],"wp:term":[{"taxonomy":"product_brand","embeddable":true,"href":"https:\/\/27-215.pl\/index.php\/wp-json\/wp\/v2\/product_brand?post=2795"},{"taxonomy":"product_cat","embeddable":true,"href":"https:\/\/27-215.pl\/index.php\/wp-json\/wp\/v2\/product_cat?post=2795"},{"taxonomy":"product_tag","embeddable":true,"href":"https:\/\/27-215.pl\/index.php\/wp-json\/wp\/v2\/product_tag?post=2795"}],"curies":[{"name":"wp","href":"https:\/\/api.w.org\/{rel}","templated":true}]}}