{"id":2801,"date":"2025-12-05T20:30:13","date_gmt":"2025-12-05T19:30:13","guid":{"rendered":"https:\/\/www.27-215.pl\/?post_type=product&#038;p=2801"},"modified":"2026-04-04T08:54:16","modified_gmt":"2026-04-04T06:54:16","slug":"knoty-do-tealight-z-wosku-pszczelego-3cm","status":"publish","type":"product","link":"https:\/\/27-215.pl\/index.php\/produkt\/knoty-do-tealight-z-wosku-pszczelego-3cm\/","title":{"rendered":"Knoty do tealight z wosku pszczelego 3cm"},"content":{"rendered":"<p data-start=\"0\" data-end=\"59\">\ud83d\udd6f\ufe0f <strong data-start=\"4\" data-end=\"57\">Knoty do wosku pszczelego 6\/30<\/strong><\/p>\n<p data-start=\"61\" data-end=\"337\">Profesjonalne, gotowe knoty 6\/30 z blaszk\u0105, stworzone specjalnie do <strong data-start=\"129\" data-end=\"157\">\u015bwiec z wosku pszczelego<\/strong>. Dzi\u0119ki impregnacji i solidnemu bawe\u0142nianemu rdzeniowi zapewniaj\u0105 stabilny p\u0142omie\u0144, czyste spalanie i idealn\u0105 prac\u0119 w \u015bwiecach typu tealight oraz \u015bwiecach odlewanych w naczyniach.<\/p>\n<p data-start=\"339\" data-end=\"752\">\ud83d\udca1 <strong data-start=\"342\" data-end=\"375\">Najwa\u017cniejsze cechy produktu:<\/strong><br data-start=\"375\" data-end=\"378\" \/>\u2022 wysoko\u015b\u0107 knota: <strong data-start=\"406\" data-end=\"428\">3\u00a0cm<\/strong>,<br data-start=\"429\" data-end=\"432\" \/>\u2022 ka\u017cdy knot jest <strong data-start=\"450\" data-end=\"468\">zaimpregnowany<\/strong> \u2013 gwarantuje r\u00f3wnomierne spalanie,<br data-start=\"503\" data-end=\"506\" data-is-only-node=\"\" \/>\u2022 <strong data-start=\"508\" data-end=\"528\">bawe\u0142niany rdze\u0144<\/strong> z warstw\u0105 impregnatu,<br data-start=\"550\" data-end=\"553\" \/>\u2022 wyposa\u017cone w <strong data-start=\"568\" data-end=\"599\">blaszki stabilizuj\u0105ce<\/strong>,<br data-start=\"615\" data-end=\"618\" \/>\u2022 przeznaczone do \u015bwiec z <strong data-start=\"654\" data-end=\"674\">wosku pszczelego<\/strong>,<br data-start=\"675\" data-end=\"678\" \/>\u2022 \u015bwieczki wykonane na tych knotach <strong data-start=\"714\" data-end=\"751\">wypalaj\u0105 si\u0119 do ko\u0144ca i nie kopc\u0105<\/strong>.<\/p>\n<p data-start=\"754\" data-end=\"1035\">\ud83d\udd6f\ufe0f <strong data-start=\"758\" data-end=\"797\">Idealne do \u015bwiec z wosku pszczelego<\/strong><br data-start=\"797\" data-end=\"800\" \/>Knoty 6\/30 &#8211; 3cm szczeg\u00f3lnie dobrze sprawdzaj\u0105 si\u0119 w \u015bwiecach typu <strong data-start=\"861\" data-end=\"893\">tea light z wosku pszczelego<\/strong>. Aby p\u0142omie\u0144 by\u0142 stabilny i mocny, wosk musi by\u0107 <strong data-start=\"943\" data-end=\"968\">dok\u0142adnie oczyszczony<\/strong> \u2013 dzi\u0119ki temu knot nie zapycha si\u0119 i \u015bwieca pali si\u0119 r\u00f3wnomiernie.<\/p>\n<p data-start=\"1285\" data-end=\"1370\">\n","protected":false},"excerpt":{"rendered":"<p>\ud83d\udd6f\ufe0f Knoty do wosku pszczelego 6\/30 Profesjonalne, gotowe knoty 6\/30 z blaszk\u0105, stworzone specjalnie do \u015bwiec z wosku pszczelego. Dzi\u0119ki impregnacji i solidnemu bawe\u0142nianemu rdzeniowi zapewniaj\u0105 stabilny p\u0142omie\u0144, czyste spalanie i idealn\u0105 prac\u0119 w \u015bwiecach typu tealight oraz \u015bwiecach odlewanych w naczyniach. \ud83d\udca1 Najwa\u017cniejsze cechy produktu:\u2022 wysoko\u015b\u0107 knota: 3\u00a0cm,\u2022 ka\u017cdy knot jest zaimpregnowany \u2013 gwarantuje [&hellip;]<\/p>\n","protected":false},"featured_media":2802,"template":"","meta":[],"product_brand":[],"product_cat":[73],"product_tag":[],"class_list":{"0":"post-2801","1":"product","2":"type-product","3":"status-publish","4":"has-post-thumbnail","6":"product_cat-wosk-i-swiece","8":"first","9":"instock","10":"taxable","11":"shipping-taxable","12":"purchasable","13":"product-type-variable"},"_links":{"self":[{"href":"https:\/\/27-215.pl\/index.php\/wp-json\/wp\/v2\/product\/2801","targetHints":{"allow":["GET"]}}],"collection":[{"href":"https:\/\/27-215.pl\/index.php\/wp-json\/wp\/v2\/product"}],"about":[{"href":"https:\/\/27-215.pl\/index.php\/wp-json\/wp\/v2\/types\/product"}],"wp:featuredmedia":[{"embeddable":true,"href":"https:\/\/27-215.pl\/index.php\/wp-json\/wp\/v2\/media\/2802"}],"wp:attachment":[{"href":"https:\/\/27-215.pl\/index.php\/wp-json\/wp\/v2\/media?parent=2801"}],"wp:term":[{"taxonomy":"product_brand","embeddable":true,"href":"https:\/\/27-215.pl\/index.php\/wp-json\/wp\/v2\/product_brand?post=2801"},{"taxonomy":"product_cat","embeddable":true,"href":"https:\/\/27-215.pl\/index.php\/wp-json\/wp\/v2\/product_cat?post=2801"},{"taxonomy":"product_tag","embeddable":true,"href":"https:\/\/27-215.pl\/index.php\/wp-json\/wp\/v2\/product_tag?post=2801"}],"curies":[{"name":"wp","href":"https:\/\/api.w.org\/{rel}","templated":true}]}}