{"id":329,"date":"2025-01-17T19:46:24","date_gmt":"2025-01-17T18:46:24","guid":{"rendered":"https:\/\/www.27-215.pl\/?post_type=product&#038;p=329"},"modified":"2026-04-04T08:47:47","modified_gmt":"2026-04-04T06:47:47","slug":"pszczeli-pylek-kwiatowy-w-apiterapii","status":"publish","type":"product","link":"https:\/\/27-215.pl\/index.php\/produkt\/pszczeli-pylek-kwiatowy-w-apiterapii\/","title":{"rendered":"Pszczeli py\u0142ek kwiatowy w Apiterapii"},"content":{"rendered":"<p>Apiterapi\u0105 nazywamy metod\u0119 leczenia, w kt\u00f3rej do cel\u00f3w profilaktyki, wyleczenia i rekonwalescencji stosuje si\u0119 produkty pszczele . Apiterapia uwzgl\u0119dnia r\u00f3wnowa\u017cno\u015b\u0107 proces\u00f3w fizycznych, emocjonalnych i duchowych w przywr\u00f3ceniu zdrowia, wykorzystuj\u0105c si\u0142y natury dla dobra cz\u0142owieka. Apiterapia ma tylko jedno zadanie: zapewni\u0107 lepsze zdrowie cz\u0142owiekowi w ka\u017cdym wieku.<\/p>\n<p>Zamys\u0142em przy\u015bwiecaj\u0105cym powstaniu tego opracowania by\u0142o przedstawienie roli pszczelego py\u0142ku kwiatowego w profilaktyce i chorobie oraz jego unikalnych w\u0142a\u015bciwo\u015bci obrony ka\u017cdej kom\u00f3rki przed ingerencj\u0105 obcego jej zewn\u0119trznego \u015brodowiska \u2013 utrzymania homeostazy, zw\u0142aszcza w obliczu usilnego przeciwdzia\u0142ania chorobom cywilizacyjnym. W\u0142asne przekonanie o warto\u015bci cennego py\u0142ku kwiatowego autor chcia\u0142by przekaza\u0107 czytelnikom, pozostawiaj\u0105c jednocze\u015bnie przekonanie, \u017ce na w\u0142asne zdrowie mo\u017cna wp\u0142ywa\u0107, a nawet w pewnym stopniu nim kierowa\u0107.<\/p>\n<p>Autor: Ryszard Czarnecki<br \/>\nWydawnictwo: Towarzystwo S\u0142owak\u00f3w w Polsce<br \/>\nRok wydania: 2017<br \/>\nStron: 104<br \/>\nOprawa: mi\u0119kka<br \/>\nWymiary: 210 x 147 mm<br \/>\nZdj\u0119cie ksi\u0105\u017cki pogl\u0105dowe<br \/>\nISBN: 978-83-7490-812-2<\/p>\n","protected":false},"excerpt":{"rendered":"<p>Apiterapi\u0105 nazywamy metod\u0119 leczenia, w kt\u00f3rej do cel\u00f3w profilaktyki, wyleczenia i rekonwalescencji stosuje si\u0119 produkty pszczele . Apiterapia uwzgl\u0119dnia r\u00f3wnowa\u017cno\u015b\u0107 proces\u00f3w fizycznych, emocjonalnych i duchowych w przywr\u00f3ceniu zdrowia, wykorzystuj\u0105c si\u0142y natury dla dobra cz\u0142owieka. Apiterapia ma tylko jedno zadanie: zapewni\u0107 lepsze zdrowie cz\u0142owiekowi w ka\u017cdym wieku. Zamys\u0142em przy\u015bwiecaj\u0105cym powstaniu tego opracowania by\u0142o przedstawienie roli pszczelego [&hellip;]<\/p>\n","protected":false},"featured_media":330,"template":"","meta":[],"product_brand":[],"product_cat":[18],"product_tag":[],"class_list":{"0":"post-329","1":"product","2":"type-product","3":"status-publish","4":"has-post-thumbnail","6":"product_cat-literatura","8":"first","9":"outofstock","10":"taxable","11":"shipping-taxable","12":"purchasable","13":"product-type-simple"},"_links":{"self":[{"href":"https:\/\/27-215.pl\/index.php\/wp-json\/wp\/v2\/product\/329","targetHints":{"allow":["GET"]}}],"collection":[{"href":"https:\/\/27-215.pl\/index.php\/wp-json\/wp\/v2\/product"}],"about":[{"href":"https:\/\/27-215.pl\/index.php\/wp-json\/wp\/v2\/types\/product"}],"wp:featuredmedia":[{"embeddable":true,"href":"https:\/\/27-215.pl\/index.php\/wp-json\/wp\/v2\/media\/330"}],"wp:attachment":[{"href":"https:\/\/27-215.pl\/index.php\/wp-json\/wp\/v2\/media?parent=329"}],"wp:term":[{"taxonomy":"product_brand","embeddable":true,"href":"https:\/\/27-215.pl\/index.php\/wp-json\/wp\/v2\/product_brand?post=329"},{"taxonomy":"product_cat","embeddable":true,"href":"https:\/\/27-215.pl\/index.php\/wp-json\/wp\/v2\/product_cat?post=329"},{"taxonomy":"product_tag","embeddable":true,"href":"https:\/\/27-215.pl\/index.php\/wp-json\/wp\/v2\/product_tag?post=329"}],"curies":[{"name":"wp","href":"https:\/\/api.w.org\/{rel}","templated":true}]}}