{"id":33196,"date":"2026-02-19T10:39:49","date_gmt":"2026-02-19T09:39:49","guid":{"rendered":"https:\/\/www.27-215.pl\/?post_type=product&#038;p=33196"},"modified":"2026-04-15T12:12:12","modified_gmt":"2026-04-15T10:12:12","slug":"ciasto-cukrowe","status":"publish","type":"product","link":"https:\/\/27-215.pl\/index.php\/produkt\/ciasto-cukrowe\/","title":{"rendered":"Cukrowe ciasto"},"content":{"rendered":"<p data-start=\"205\" data-end=\"256\">\ud83d\udc1d <strong data-start=\"208\" data-end=\"251\">Cukrowe ciasto dla pszcz\u00f3\u0142 BRCtech 1 kg<\/strong> \ud83c\udf6f<\/p>\n<p data-start=\"258\" data-end=\"561\">Dokarmianie rodzin pszczelich w okresach niedoboru naturalnych po\u017cytk\u00f3w jest \u0142atwe dzi\u0119ki temu gotowemu pokarmowi energetycznemu. Ciasto BRCtech jest wygodnym i skutecznym rozwi\u0105zaniem na ka\u017cd\u0105 por\u0119 roku, w tym wczesn\u0105 wiosn\u0119, p\u00f3\u017ane lato oraz zim\u0119. Produkt jest gotowy do u\u017cycia i nie wymaga dodatkowych przygotowa\u0144.<\/p>\n<p data-start=\"563\" data-end=\"779\">Oparta na syropie glukozowo-fruktozowym formu\u0142a ciasta BRCtech umo\u017cliwia szybkie przyswajanie energii, co wspiera kondycj\u0119 pszcz\u00f3\u0142 oraz ich prawid\u0142owy rozw\u00f3j. Dodatkowo, stabilna konsystencja u\u0142atwia podawanie w ulu i zapobiega rozlewaniu.<\/p>\n<p data-start=\"781\" data-end=\"818\">\ud83c\udf6f <strong data-start=\"784\" data-end=\"818\">G\u0142\u00f3wne zalety produktu:<\/strong><\/p>\n<p data-start=\"820\" data-end=\"1082\">\u2705 produkt jest gotowy do natychmiastowego u\u017cycia<br data-start=\"853\" data-end=\"856\" \/>\u2705 zawiera wysoki poziom \u0142atwo przyswajalnych cukr\u00f3w<br data-start=\"902\" data-end=\"905\" \/>\u2705 wspomaga rozw\u00f3j i witalno\u015b\u0107 pszczelich rodzin<br data-start=\"952\" data-end=\"955\" \/>\u2705 idealne do dokarmiania w okresach bezpo\u017cytkowych i zimy<br data-start=\"1008\" data-end=\"1011\" \/>\u2705 wygodna forma 1 kg<br data-start=\"1037\" data-end=\"1040\" \/>\u2705 odpowiednie do stosowania przez ca\u0142y rok<\/p>\n<p data-start=\"1084\" data-end=\"1104\">\ud83d\udc1d <strong data-start=\"1087\" data-end=\"1104\">Stosowanie:<\/strong><\/p>\n<p data-start=\"1106\" data-end=\"1272\">\u2022 dokarmianie pszcz\u00f3\u0142 na wiosn\u0119<br data-start=\"1142\" data-end=\"1145\" \/>\u2022 wsparcie energetyczne w czasie braku po\u017cytk\u00f3w<br data-start=\"1192\" data-end=\"1195\" \/>\u2022 uzupe\u0142nienie zapas\u00f3w przed zim\u0105<br data-start=\"1228\" data-end=\"1231\" \/>\u2022 zimowe dokarmianie pszcz\u00f3\u0142<\/p>\n<p data-start=\"1274\" data-end=\"1362\">\ud83c\udf6f <strong data-start=\"1277\" data-end=\"1287\">Sk\u0142adniki:<\/strong><br data-start=\"1287\" data-end=\"1290\" \/>syrop glukozowo-fruktozowy (zawiera ok. 50% glukozy, 45% fruktozy, 5% sacharozy)<\/p>\n<p data-start=\"1364\" data-end=\"1446\">Jest to lekkostrawne, wysokoenergetyczne \u017ar\u00f3d\u0142o pokarmu, kt\u00f3re nie zawiera bia\u0142ka ani t\u0142uszczu.<\/p>\n<p data-start=\"1448\" data-end=\"1473\">\ud83d\udce6 <strong data-start=\"1451\" data-end=\"1466\">Waga:<\/strong> 1 kg<\/p>\n","protected":false},"excerpt":{"rendered":"<p>\ud83d\udc1d Cukrowe ciasto dla pszcz\u00f3\u0142 BRCtech 1 kg \ud83c\udf6f Dokarmianie rodzin pszczelich w okresach niedoboru naturalnych po\u017cytk\u00f3w jest \u0142atwe dzi\u0119ki temu gotowemu pokarmowi energetycznemu. Ciasto BRCtech jest wygodnym i skutecznym rozwi\u0105zaniem na ka\u017cd\u0105 por\u0119 roku, w tym wczesn\u0105 wiosn\u0119, p\u00f3\u017ane lato oraz zim\u0119. Produkt jest gotowy do u\u017cycia i nie wymaga dodatkowych przygotowa\u0144. Oparta na [&hellip;]<\/p>\n","protected":false},"featured_media":33451,"template":"","meta":[],"product_brand":[78],"product_cat":[32],"product_tag":[],"class_list":{"0":"post-33196","1":"product","2":"type-product","3":"status-publish","4":"has-post-thumbnail","6":"product_brand-brctech","7":"product_cat-pokarmy","9":"first","10":"instock","11":"taxable","12":"shipping-taxable","13":"purchasable","14":"product-type-simple"},"_links":{"self":[{"href":"https:\/\/27-215.pl\/index.php\/wp-json\/wp\/v2\/product\/33196","targetHints":{"allow":["GET"]}}],"collection":[{"href":"https:\/\/27-215.pl\/index.php\/wp-json\/wp\/v2\/product"}],"about":[{"href":"https:\/\/27-215.pl\/index.php\/wp-json\/wp\/v2\/types\/product"}],"wp:featuredmedia":[{"embeddable":true,"href":"https:\/\/27-215.pl\/index.php\/wp-json\/wp\/v2\/media\/33451"}],"wp:attachment":[{"href":"https:\/\/27-215.pl\/index.php\/wp-json\/wp\/v2\/media?parent=33196"}],"wp:term":[{"taxonomy":"product_brand","embeddable":true,"href":"https:\/\/27-215.pl\/index.php\/wp-json\/wp\/v2\/product_brand?post=33196"},{"taxonomy":"product_cat","embeddable":true,"href":"https:\/\/27-215.pl\/index.php\/wp-json\/wp\/v2\/product_cat?post=33196"},{"taxonomy":"product_tag","embeddable":true,"href":"https:\/\/27-215.pl\/index.php\/wp-json\/wp\/v2\/product_tag?post=33196"}],"curies":[{"name":"wp","href":"https:\/\/api.w.org\/{rel}","templated":true}]}}