{"id":33202,"date":"2026-02-19T10:44:25","date_gmt":"2026-02-19T09:44:25","guid":{"rendered":"https:\/\/www.27-215.pl\/?post_type=product&#038;p=33202"},"modified":"2026-04-21T14:23:24","modified_gmt":"2026-04-21T12:23:24","slug":"ciasto-cukrowe-z-witaminami","status":"publish","type":"product","link":"https:\/\/27-215.pl\/index.php\/produkt\/ciasto-cukrowe-z-witaminami\/","title":{"rendered":"Cukrowe ciasto wzbogacone witaminami"},"content":{"rendered":"<p data-start=\"0\" data-end=\"57\">\ud83d\udc1d <strong data-start=\"3\" data-end=\"51\">Wysokiej jako\u015bci ciasto dla pszcz\u00f3\u0142 z witaminami BRCtech 1 kg<\/strong> \ud83c\udf6f\u2728<\/p>\n<p data-start=\"59\" data-end=\"457\">To naturalne, gotowe do u\u017cycia <strong data-start=\"87\" data-end=\"129\">ciasto dla pszcz\u00f3\u0142 wzbogacone o witaminy<\/strong> stanowi pokarm energetyczny wspieraj\u0105cy zdrowie i kondycj\u0119 pszcz\u00f3\u0142, szczeg\u00f3lnie w okresach, gdy dost\u0119pno\u015b\u0107 nektaru jest ograniczona. Dzi\u0119ki precyzyjnie dobranym sk\u0142adnikom energetycznym oraz kompleksowi witamin, <strong data-start=\"315\" data-end=\"333\">ciasto BRCtech<\/strong> dostarcza nie tylko szybko przyswajaln\u0105 energi\u0119, ale r\u00f3wnie\u017c wsparcie dla utrzymania zdrowia i witalno\u015bci pszcz\u00f3\u0142 przez ca\u0142y sezon.<\/p>\n<p data-start=\"459\" data-end=\"814\">\ud83d\udca7 <strong data-start=\"462\" data-end=\"476\">G\u0142\u00f3wne w\u0142a\u015bciwo\u015bci:<\/strong><br data-start=\"476\" data-end=\"479\" \/>\u2022 <strong data-start=\"481\" data-end=\"503\">dostarcza pszczo\u0142om energi\u0119<\/strong>, kt\u00f3ra jest \u0142atwo przyswajalna,<br data-start=\"530\" data-end=\"533\" \/>\u2022 <strong data-start=\"535\" data-end=\"558\">wspiera kondycj\u0119<\/strong> i odporno\u015b\u0107 pszcz\u00f3\u0142,<br data-start=\"589\" data-end=\"592\" \/>\u2022 <strong data-start=\"594\" data-end=\"620\">bogate w kompleks witamin<\/strong>, niezb\u0119dnych dla prawid\u0142owego rozwoju pszcz\u00f3\u0142,<br data-start=\"657\" data-end=\"660\" \/>\u2022 <strong data-start=\"662\" data-end=\"680\">gotowe do u\u017cycia<\/strong> &#8211; nie wymaga przygotowania,<br data-start=\"706\" data-end=\"709\" \/>\u2022 <strong data-start=\"711\" data-end=\"729\">stabilna konsystencja<\/strong> u\u0142atwia podawanie w ulu,<br data-start=\"757\" data-end=\"760\" \/>\u2022 <strong data-start=\"762\" data-end=\"785\">idealne na okresy bezpo\u017cytkowe i zimowe dokarmianie<\/strong> pszcz\u00f3\u0142.<\/p>\n<p data-start=\"816\" data-end=\"1139\">\ud83d\udc1d <strong data-start=\"819\" data-end=\"836\">Witaminy &#8211; si\u0142a pszcz\u00f3\u0142:<\/strong><br data-start=\"836\" data-end=\"839\" \/>Dodatek kompleksu witamin korzystnie wp\u0142ywa na naturalne procesy \u017cyciowe pszcz\u00f3\u0142, ich aktywno\u015b\u0107, si\u0142\u0119 witaln\u0105 oraz zdolno\u015b\u0107 do radzenia sobie z trudnymi warunkami \u015brodowiskowymi. Jest to doskona\u0142e uzupe\u0142nienie diety pszcz\u00f3\u0142, szczeg\u00f3lnie wtedy, gdy naturalne po\u017cytki s\u0105 ograniczone.<\/p>\n<p data-start=\"1141\" data-end=\"1379\">\ud83c\udf3c <strong data-start=\"1144\" data-end=\"1161\">Sposoby zastosowania:<\/strong><br data-start=\"1161\" data-end=\"1164\" \/>\u2022 <strong data-start=\"1166\" data-end=\"1186\">wczesna wiosna<\/strong> &#8211; pobudzenie aktywno\u015bci pszcz\u00f3\u0142,<br data-start=\"1213\" data-end=\"1216\" \/>\u2022 <strong data-start=\"1218\" data-end=\"1243\">okresy bezpo\u017cytkowe<\/strong> &#8211; dostarczenie energii i wsparcia \u017cywieniowego,<br data-start=\"1285\" data-end=\"1288\" \/>\u2022 <strong data-start=\"1290\" data-end=\"1307\">zimowe dokarmianie<\/strong> pszcz\u00f3\u0142,<br data-start=\"1327\" data-end=\"1330\" \/>\u2022 <strong data-start=\"1332\" data-end=\"1357\">wsparcie w hodowli<\/strong> odk\u0142ad\u00f3w i matek pszczelich.<\/p>\n<p data-start=\"1381\" data-end=\"1528\">\ud83c\udf6f <strong data-start=\"1384\" data-end=\"1394\">Sk\u0142ad ciasta:<\/strong><br data-start=\"1394\" data-end=\"1397\" \/>sk\u0142ada si\u0119 z syropu glukozowo-fruktozowego, <strong data-start=\"1425\" data-end=\"1464\">kompleksu witamin (m.in. A, D, E, B)<\/strong>, oraz naturalnych sk\u0142adnik\u00f3w wspieraj\u0105cych od\u017cywienie i kondycj\u0119 pszcz\u00f3\u0142.<\/p>\n<p data-start=\"1530\" data-end=\"1555\">\ud83d\udce6 <strong data-start=\"1533\" data-end=\"1548\">Waga netto produktu:<\/strong> 1 kg<\/p>\n","protected":false},"excerpt":{"rendered":"<p>\ud83d\udc1d Wysokiej jako\u015bci ciasto dla pszcz\u00f3\u0142 z witaminami BRCtech 1 kg \ud83c\udf6f\u2728 To naturalne, gotowe do u\u017cycia ciasto dla pszcz\u00f3\u0142 wzbogacone o witaminy stanowi pokarm energetyczny wspieraj\u0105cy zdrowie i kondycj\u0119 pszcz\u00f3\u0142, szczeg\u00f3lnie w okresach, gdy dost\u0119pno\u015b\u0107 nektaru jest ograniczona. Dzi\u0119ki precyzyjnie dobranym sk\u0142adnikom energetycznym oraz kompleksowi witamin, ciasto BRCtech dostarcza nie tylko szybko przyswajaln\u0105 energi\u0119, [&hellip;]<\/p>\n","protected":false},"featured_media":33447,"template":"","meta":[],"product_brand":[78],"product_cat":[32],"product_tag":[],"class_list":{"0":"post-33202","1":"product","2":"type-product","3":"status-publish","4":"has-post-thumbnail","6":"product_brand-brctech","7":"product_cat-pokarmy","9":"first","10":"instock","11":"taxable","12":"shipping-taxable","13":"purchasable","14":"product-type-simple"},"_links":{"self":[{"href":"https:\/\/27-215.pl\/index.php\/wp-json\/wp\/v2\/product\/33202","targetHints":{"allow":["GET"]}}],"collection":[{"href":"https:\/\/27-215.pl\/index.php\/wp-json\/wp\/v2\/product"}],"about":[{"href":"https:\/\/27-215.pl\/index.php\/wp-json\/wp\/v2\/types\/product"}],"wp:featuredmedia":[{"embeddable":true,"href":"https:\/\/27-215.pl\/index.php\/wp-json\/wp\/v2\/media\/33447"}],"wp:attachment":[{"href":"https:\/\/27-215.pl\/index.php\/wp-json\/wp\/v2\/media?parent=33202"}],"wp:term":[{"taxonomy":"product_brand","embeddable":true,"href":"https:\/\/27-215.pl\/index.php\/wp-json\/wp\/v2\/product_brand?post=33202"},{"taxonomy":"product_cat","embeddable":true,"href":"https:\/\/27-215.pl\/index.php\/wp-json\/wp\/v2\/product_cat?post=33202"},{"taxonomy":"product_tag","embeddable":true,"href":"https:\/\/27-215.pl\/index.php\/wp-json\/wp\/v2\/product_tag?post=33202"}],"curies":[{"name":"wp","href":"https:\/\/api.w.org\/{rel}","templated":true}]}}