{"id":33203,"date":"2026-02-19T10:47:12","date_gmt":"2026-02-19T09:47:12","guid":{"rendered":"https:\/\/www.27-215.pl\/?post_type=product&#038;p=33203"},"modified":"2026-04-21T14:23:23","modified_gmt":"2026-04-21T12:23:23","slug":"ciasto-cukrowe-z-tymolem","status":"publish","type":"product","link":"https:\/\/27-215.pl\/index.php\/produkt\/ciasto-cukrowe-z-tymolem\/","title":{"rendered":"Tymiankowe ciasto cukrowe"},"content":{"rendered":"<p data-start=\"0\" data-end=\"54\">\ud83d\udc1d <strong data-start=\"3\" data-end=\"48\">Ciasto dla pszcz\u00f3\u0142 BRCtech z dodatkiem tymolu 1 kg<\/strong> \ud83c\udf6f\u2728<\/p>\n<p data-start=\"56\" data-end=\"422\">Ten gotowy, energetyczny pokarm dla pszcz\u00f3\u0142 zosta\u0142 wzbogacony o <strong data-start=\"107\" data-end=\"118\">tymol<\/strong> \u2014 naturalny zwi\u0105zek, kt\u00f3ry wspiera zdrowie i dobre funkcjonowanie rodzin pszczelich. Dzi\u0119ki temu ciasto BRCtech zapewnia \u0142atwo przyswajaln\u0105 energi\u0119 i wspomaga <strong data-start=\"277\" data-end=\"329\">odporno\u015b\u0107 pszcz\u00f3\u0142 oraz ich naturalne mechanizmy obronne<\/strong>, co jest szczeg\u00f3lnie wa\u017cne w okresach zimowania, bezpo\u017cytku oraz intensywnego rozwoju odk\u0142ad\u00f3w.<\/p>\n<p data-start=\"424\" data-end=\"844\">\ud83d\udca7 <strong data-start=\"427\" data-end=\"441\">Dzia\u0142anie ciasta:<\/strong><br data-start=\"441\" data-end=\"444\" \/>\u2022 <strong data-start=\"463\" data-end=\"507\">Dostarcza niezb\u0119dnej energii<\/strong> dla aktywno\u015bci pszcz\u00f3\u0142 w szybkim tempie,<br data-start=\"508\" data-end=\"511\" \/>\u2022 <strong data-start=\"518\" data-end=\"532\">Tymol<\/strong> wzmacnia naturalne mechanizmy obronne i wspiera zdrowie pszcz\u00f3\u0142,<br data-start=\"584\" data-end=\"587\" \/>\u2022 zawiera <strong data-start=\"601\" data-end=\"616\">substancje od\u017cywcze<\/strong> niezb\u0119dne do rozwoju i zdrowia pszcz\u00f3\u0142,<br data-start=\"651\" data-end=\"654\" \/>\u2022 jest <strong data-start=\"670\" data-end=\"685\">gotowe do u\u017cycia<\/strong>, nie wymaga przygotowywania ani mieszania,<br data-start=\"717\" data-end=\"720\" \/>\u2022 posiada <strong data-start=\"736\" data-end=\"751\">stabiln\u0105 konsystencj\u0119<\/strong>, co u\u0142atwia aplikacj\u0119 w ulu,<br data-start=\"768\" data-end=\"771\" \/>\u2022 jest idealne na okresy <strong data-start=\"785\" data-end=\"801\">bezpo\u017cytku, wiosenne pobudzenie i zimowe dokarmianie<\/strong>.<\/p>\n<p data-start=\"846\" data-end=\"1162\">\ud83c\udf3f <strong data-start=\"849\" data-end=\"865\">W\u0142a\u015bciwo\u015bci tymolu:<\/strong><br data-start=\"865\" data-end=\"868\" \/>Tymol jest naturaln\u0105 substancj\u0105 pochodzenia ro\u015blinnego, kt\u00f3ra jest znana ze swoich korzystnych w\u0142a\u015bciwo\u015bci dla zdrowia i dobrej kondycji rodzin pszczelich. Dzi\u0119ki niemu ciasto staje si\u0119 bardziej efektywnym pokarmem, kt\u00f3ry <strong data-start=\"943\" data-end=\"965\">wzmacnia zdrowie i odporno\u015b\u0107 pszcz\u00f3\u0142<\/strong>, szczeg\u00f3lnie w momentach os\u0142abienia lub stresu.<\/p>\n<p data-start=\"1164\" data-end=\"1410\">\ud83c\udf3c <strong data-start=\"1167\" data-end=\"1184\">Stosowanie ciasta:<\/strong><br data-start=\"1184\" data-end=\"1187\" \/>\u2022 w <strong data-start=\"1202\" data-end=\"1215\">okresie wiosennym i bezpo\u017cytku<\/strong> \u2014 dostarcza energii i wsparcia \u017cywieniowego,<br data-start=\"1258\" data-end=\"1261\" \/>\u2022 <strong data-start=\"1272\" data-end=\"1285\">zimowe dokarmianie<\/strong> rodzin pszczelich,<br data-start=\"1300\" data-end=\"1303\" \/>\u2022 <strong data-start=\"1314\" data-end=\"1327\">wspomaga rozw\u00f3j odk\u0142ad\u00f3w<\/strong> i zdrowie pszcz\u00f3\u0142,<br data-start=\"1350\" data-end=\"1353\" \/>\u2022 <strong data-start=\"1362\" data-end=\"1375\">codzienne od\u017cywianie<\/strong> pszcz\u00f3\u0142 w sytuacji ograniczonego po\u017cytku.<\/p>\n<p data-start=\"1412\" data-end=\"1534\">\ud83c\udf6f <strong data-start=\"1415\" data-end=\"1425\">Sk\u0142ad ciasta:<\/strong><br data-start=\"1425\" data-end=\"1428\" \/>sk\u0142ada si\u0119 z syropu glukozowo-fruktozowego, <strong data-start=\"1456\" data-end=\"1465\">tymolu<\/strong> oraz naturalnych sk\u0142adnik\u00f3w od\u017cywczych, kt\u00f3re wspieraj\u0105 zdrowie i rozw\u00f3j rodzin pszczelich.<\/p>\n<p data-start=\"1536\" data-end=\"1561\">\ud83d\udce6 <strong data-start=\"1539\" data-end=\"1554\">Waga netto:<\/strong> 1 kg<\/p>\n","protected":false},"excerpt":{"rendered":"<p>\ud83d\udc1d Ciasto dla pszcz\u00f3\u0142 BRCtech z dodatkiem tymolu 1 kg \ud83c\udf6f\u2728 Ten gotowy, energetyczny pokarm dla pszcz\u00f3\u0142 zosta\u0142 wzbogacony o tymol \u2014 naturalny zwi\u0105zek, kt\u00f3ry wspiera zdrowie i dobre funkcjonowanie rodzin pszczelich. Dzi\u0119ki temu ciasto BRCtech zapewnia \u0142atwo przyswajaln\u0105 energi\u0119 i wspomaga odporno\u015b\u0107 pszcz\u00f3\u0142 oraz ich naturalne mechanizmy obronne, co jest szczeg\u00f3lnie wa\u017cne w okresach [&hellip;]<\/p>\n","protected":false},"featured_media":33445,"template":"","meta":[],"product_brand":[78],"product_cat":[32],"product_tag":[],"class_list":{"0":"post-33203","1":"product","2":"type-product","3":"status-publish","4":"has-post-thumbnail","6":"product_brand-brctech","7":"product_cat-pokarmy","9":"first","10":"instock","11":"taxable","12":"shipping-taxable","13":"purchasable","14":"product-type-simple"},"_links":{"self":[{"href":"https:\/\/27-215.pl\/index.php\/wp-json\/wp\/v2\/product\/33203","targetHints":{"allow":["GET"]}}],"collection":[{"href":"https:\/\/27-215.pl\/index.php\/wp-json\/wp\/v2\/product"}],"about":[{"href":"https:\/\/27-215.pl\/index.php\/wp-json\/wp\/v2\/types\/product"}],"wp:featuredmedia":[{"embeddable":true,"href":"https:\/\/27-215.pl\/index.php\/wp-json\/wp\/v2\/media\/33445"}],"wp:attachment":[{"href":"https:\/\/27-215.pl\/index.php\/wp-json\/wp\/v2\/media?parent=33203"}],"wp:term":[{"taxonomy":"product_brand","embeddable":true,"href":"https:\/\/27-215.pl\/index.php\/wp-json\/wp\/v2\/product_brand?post=33203"},{"taxonomy":"product_cat","embeddable":true,"href":"https:\/\/27-215.pl\/index.php\/wp-json\/wp\/v2\/product_cat?post=33203"},{"taxonomy":"product_tag","embeddable":true,"href":"https:\/\/27-215.pl\/index.php\/wp-json\/wp\/v2\/product_tag?post=33203"}],"curies":[{"name":"wp","href":"https:\/\/api.w.org\/{rel}","templated":true}]}}