{"id":33217,"date":"2026-02-26T17:24:30","date_gmt":"2026-02-26T16:24:30","guid":{"rendered":"https:\/\/www.27-215.pl\/?post_type=product&#038;p=33217"},"modified":"2026-04-04T08:54:25","modified_gmt":"2026-04-04T06:54:25","slug":"rose-rio-pasta-do-zebow-homeopatyczna-z-woda-rozana-65ml","status":"publish","type":"product","link":"https:\/\/27-215.pl\/index.php\/produkt\/rose-rio-pasta-do-zebow-homeopatyczna-z-woda-rozana-65ml\/","title":{"rendered":"Pasta do z\u0119b\u00f3w Rose Rio homeopatyczna, z dodatkiem wody r\u00f3\u017canej, 65ml"},"content":{"rendered":"<p data-start=\"0\" data-end=\"78\">\ud83e\udea5 <strong data-start=\"3\" data-end=\"72\">Palacio \u2013 Homeopatyczna pasta do z\u0119b\u00f3w Rose Rio Homeopathic 65 ml<\/strong> \ud83c\udf38\u2728<\/p>\n<p data-start=\"80\" data-end=\"493\">Dzi\u0119ki po\u0142\u0105czeniu skutecznych w\u0142a\u015bciwo\u015bci ochronnych z delikatn\u0105 piel\u0119gnacj\u0105 opart\u0105 na sk\u0142adnikach organicznych, nasza <strong data-start=\"232\" data-end=\"285\">homeopatyczna pasta do z\u0119b\u00f3w Rose Rio Homeopathic<\/strong> jest idealnym wyborem do codziennej higieny jamy ustnej. Zosta\u0142a stworzona z my\u015bl\u0105 o wspieraniu zdrowia z\u0119b\u00f3w i dzi\u0105se\u0142 podczas kuracji homeopatycznej, oraz aby zapewni\u0107 naturaln\u0105 ochron\u0119 bez fluoru, cukru i paraben\u00f3w.<\/p>\n<p data-start=\"495\" data-end=\"862\">\ud83d\udca7 <strong data-start=\"498\" data-end=\"512\">W\u0142a\u015bciwo\u015bci:<\/strong><br data-start=\"512\" data-end=\"515\" \/>\u2022 chroni z\u0119by przed osadem i nalotem,<br data-start=\"576\" data-end=\"579\" \/>\u2022 wykazuje dzia\u0142anie przeciwzapalne i przeciwbakteryjne dzi\u0119ki zawarto\u015bci organicznej wody r\u00f3\u017canej,<br data-start=\"659\" data-end=\"662\" \/>\u2022 zawarty ksylitol pomaga w likwidacji p\u0142ytki naz\u0119bnej i chroni przed pr\u00f3chnic\u0105,<br data-start=\"741\" data-end=\"744\" \/>\u2022 delikatnie od\u015bwie\u017ca oddech,<br data-start=\"773\" data-end=\"776\" \/>\u2022 formu\u0142a wolna od fluoru, cukru, paraben\u00f3w i mi\u0119ty.<\/p>\n<p data-start=\"864\" data-end=\"1236\">\ud83c\udf3f <strong data-start=\"867\" data-end=\"901\">W\u0142a\u015bciwo\u015bci organicznej wody r\u00f3\u017canej:<\/strong><br data-start=\"901\" data-end=\"904\" \/>Organiczna woda r\u00f3\u017cana, pozyskiwana z p\u0142atk\u00f3w Rosa damascena z doliny Rose w Bu\u0142garii, posiada naturalne w\u0142a\u015bciwo\u015bci przeciwzapalne i bakteriob\u00f3jcze. Pomaga w utrzymaniu zdrowych dzi\u0105se\u0142 i wspiera naturaln\u0105 ochron\u0119 jamy ustnej. Dodatkowo, ksylitol wykazuje dzia\u0142anie przeciwpr\u00f3chnicze i redukuje nie\u015bwie\u017cy oddech.<\/p>\n<p data-start=\"1238\" data-end=\"1514\">\ud83c\udf38 <strong data-start=\"1241\" data-end=\"1259\">Spos\u00f3b stosowania:<\/strong><br data-start=\"1259\" data-end=\"1262\" \/>Aplikuj niewielk\u0105 ilo\u015b\u0107 pasty na wilgotn\u0105 szczoteczk\u0119 i szczotkuj z\u0119by przez oko\u0142o 2\u20133 minuty. Nast\u0119pnie, dok\u0142adnie wyp\u0142ucz jam\u0119 ustn\u0105 letni\u0105 wod\u0105. Zalecane jest stosowanie co najmniej dwa razy dziennie, najlepiej po posi\u0142kach.<\/p>\n<p data-start=\"1516\" data-end=\"1650\">\ud83e\uddfe <strong data-start=\"1519\" data-end=\"1541\">G\u0142\u00f3wne sk\u0142adniki:<\/strong><br data-start=\"1541\" data-end=\"1544\" \/>woda r\u00f3\u017cana ekologiczna, ksylitol, sorbitol, krzemionka, gliceryna.<\/p>\n<p data-start=\"1652\" data-end=\"1677\">\ud83d\udce6 <strong data-start=\"1655\" data-end=\"1669\">Pojemno\u015b\u0107:<\/strong> 65 ml<\/p>\n","protected":false},"excerpt":{"rendered":"<p>\ud83e\udea5 Palacio \u2013 Homeopatyczna pasta do z\u0119b\u00f3w Rose Rio Homeopathic 65 ml \ud83c\udf38\u2728 Dzi\u0119ki po\u0142\u0105czeniu skutecznych w\u0142a\u015bciwo\u015bci ochronnych z delikatn\u0105 piel\u0119gnacj\u0105 opart\u0105 na sk\u0142adnikach organicznych, nasza homeopatyczna pasta do z\u0119b\u00f3w Rose Rio Homeopathic jest idealnym wyborem do codziennej higieny jamy ustnej. Zosta\u0142a stworzona z my\u015bl\u0105 o wspieraniu zdrowia z\u0119b\u00f3w i dzi\u0105se\u0142 podczas kuracji homeopatycznej, oraz [&hellip;]<\/p>\n","protected":false},"featured_media":33443,"template":"","meta":[],"product_brand":[30],"product_cat":[29],"product_tag":[],"class_list":{"0":"post-33217","1":"product","2":"type-product","3":"status-publish","4":"has-post-thumbnail","6":"product_brand-rose-rio","7":"product_cat-rose-rio","9":"first","10":"instock","11":"taxable","12":"shipping-taxable","13":"purchasable","14":"product-type-simple"},"_links":{"self":[{"href":"https:\/\/27-215.pl\/index.php\/wp-json\/wp\/v2\/product\/33217","targetHints":{"allow":["GET"]}}],"collection":[{"href":"https:\/\/27-215.pl\/index.php\/wp-json\/wp\/v2\/product"}],"about":[{"href":"https:\/\/27-215.pl\/index.php\/wp-json\/wp\/v2\/types\/product"}],"wp:featuredmedia":[{"embeddable":true,"href":"https:\/\/27-215.pl\/index.php\/wp-json\/wp\/v2\/media\/33443"}],"wp:attachment":[{"href":"https:\/\/27-215.pl\/index.php\/wp-json\/wp\/v2\/media?parent=33217"}],"wp:term":[{"taxonomy":"product_brand","embeddable":true,"href":"https:\/\/27-215.pl\/index.php\/wp-json\/wp\/v2\/product_brand?post=33217"},{"taxonomy":"product_cat","embeddable":true,"href":"https:\/\/27-215.pl\/index.php\/wp-json\/wp\/v2\/product_cat?post=33217"},{"taxonomy":"product_tag","embeddable":true,"href":"https:\/\/27-215.pl\/index.php\/wp-json\/wp\/v2\/product_tag?post=33217"}],"curies":[{"name":"wp","href":"https:\/\/api.w.org\/{rel}","templated":true}]}}