{"id":33226,"date":"2026-02-27T12:27:33","date_gmt":"2026-02-27T11:27:33","guid":{"rendered":"https:\/\/www.27-215.pl\/?post_type=product&#038;p=33226"},"modified":"2026-04-04T08:54:27","modified_gmt":"2026-04-04T06:54:27","slug":"alpa-sport-emulsja-rozgrzewajaca-do-masazu-210-ml","status":"publish","type":"product","link":"https:\/\/27-215.pl\/index.php\/produkt\/alpa-sport-emulsja-rozgrzewajaca-do-masazu-210-ml\/","title":{"rendered":"Emulsja rozgrzewaj\u0105ca Alpa Sport do masa\u017cu, 210 ml"},"content":{"rendered":"<p data-start=\"0\" data-end=\"463\">\ud83d\udfe1 <strong data-start=\"3\" data-end=\"44\"><span class=\"inline align-baseline\"><span class=\"whitespace-normal\"><span class=\"hover:entity-accent entity-underline cursor-pointer\">Emulsja Alpa 210\u202fml<\/span><\/span><\/span><\/strong> to naturalny preparat do masa\u017cu, kt\u00f3ry wykazuje intensywne dzia\u0142anie rozgrzewaj\u0105ce. Jego zadaniem jest przygotowanie mi\u0119\u015bni i staw\u00f3w do wysi\u0142ku fizycznego oraz wspieranie ich regeneracji po treningu lub ci\u0119\u017cszej pracy. Poprawia kr\u0105\u017cenie i ukrwienie, co skutkuje zwi\u0119kszeniem elastyczno\u015bci tkanek, zmniejszeniem napi\u0119\u0107 i lepszym przygotowaniem cia\u0142a do obci\u0105\u017ce\u0144.<\/p>\n<p data-start=\"465\" data-end=\"1063\">\ud83d\udcaa <strong data-start=\"468\" data-end=\"482\">Dzia\u0142anie emulsji:<\/strong><br data-start=\"482\" data-end=\"485\" \/>\u2022 rozgrzewa skutecznie miejsce aplikacji, przygotowuj\u0105c mi\u0119\u015bnie i stawy do wysi\u0142ku fizycznego, <br data-start=\"613\" data-end=\"616\" \/>\u2022 ekstrakt z imbiru, kamfora i zio\u0142a poprawiaj\u0105 ukrwienie, <br data-start=\"722\" data-end=\"725\" \/>\u2022 zapobiega kontuzjom dzi\u0119ki lepszemu dotlenieniu mi\u0119\u015bni, <br data-start=\"835\" data-end=\"838\" \/>\u2022 przyspiesza regeneracj\u0119, zmniejszaj\u0105c sztywno\u015b\u0107 po \u0107wiczeniach, <br data-start=\"948\" data-end=\"951\" \/>\u2022 zio\u0142owe sk\u0142adniki wspieraj\u0105 relaksacj\u0119 tkanek i komfort sk\u00f3ry.<\/p>\n<p data-start=\"1065\" data-end=\"1375\">\ud83c\udf3f <strong data-start=\"1068\" data-end=\"1092\">Sk\u0142adniki naturalne:<\/strong><br data-start=\"1092\" data-end=\"1095\" \/>Emulsja zawiera wyci\u0105gi z imbiru, kamfor\u0119 oraz rozmaryn, kt\u00f3re s\u0105 znane z dzia\u0142ania rozgrzewaj\u0105cego i stymuluj\u0105cego kr\u0105\u017cenie. Formu\u0142a ta mo\u017ce wspomaga\u0107 regeneracj\u0119 obola\u0142ych miejsc i przygotowywa\u0107 organizm do intensywnego wysi\u0142ku.<\/p>\n<p data-start=\"1377\" data-end=\"1757\">\ud83c\udfc3\u200d\u2642\ufe0f <strong data-start=\"1383\" data-end=\"1400\">Spos\u00f3b u\u017cycia:<\/strong><br data-start=\"1400\" data-end=\"1403\" \/>Produkt jest idealny dla os\u00f3b aktywnych i sportowc\u00f3w. Nale\u017cy nanie\u015b\u0107 emulsj\u0119 na such\u0105 sk\u00f3r\u0119 w miejscu, kt\u00f3re wymaga przygotowania lub rozlu\u017anienia, na przyk\u0142ad na uda, \u0142ydki, plecy czy barki. Mo\u017cna stosowa\u0107 przed i po wysi\u0142ku fizycznym, aby wspom\u00f3c regeneracj\u0119 i odpr\u0119\u017cy\u0107 mi\u0119\u015bnie.<\/p>\n<p data-start=\"1759\" data-end=\"1850\">\ud83d\udce6 <strong data-start=\"1762\" data-end=\"1776\">Pojemno\u015b\u0107:<\/strong> 210 ml<\/p>\n","protected":false},"excerpt":{"rendered":"<p>\ud83d\udfe1 Emulsja Alpa 210\u202fml to naturalny preparat do masa\u017cu, kt\u00f3ry wykazuje intensywne dzia\u0142anie rozgrzewaj\u0105ce. Jego zadaniem jest przygotowanie mi\u0119\u015bni i staw\u00f3w do wysi\u0142ku fizycznego oraz wspieranie ich regeneracji po treningu lub ci\u0119\u017cszej pracy. Poprawia kr\u0105\u017cenie i ukrwienie, co skutkuje zwi\u0119kszeniem elastyczno\u015bci tkanek, zmniejszeniem napi\u0119\u0107 i lepszym przygotowaniem cia\u0142a do obci\u0105\u017ce\u0144. \ud83d\udcaa Dzia\u0142anie emulsji:\u2022 rozgrzewa skutecznie [&hellip;]<\/p>\n","protected":false},"featured_media":33439,"template":"","meta":[],"product_brand":[24],"product_cat":[23],"product_tag":[],"class_list":{"0":"post-33226","1":"product","2":"type-product","3":"status-publish","4":"has-post-thumbnail","6":"product_brand-alpa","7":"product_cat-alpa","9":"first","10":"instock","11":"taxable","12":"shipping-taxable","13":"purchasable","14":"product-type-simple"},"_links":{"self":[{"href":"https:\/\/27-215.pl\/index.php\/wp-json\/wp\/v2\/product\/33226","targetHints":{"allow":["GET"]}}],"collection":[{"href":"https:\/\/27-215.pl\/index.php\/wp-json\/wp\/v2\/product"}],"about":[{"href":"https:\/\/27-215.pl\/index.php\/wp-json\/wp\/v2\/types\/product"}],"wp:featuredmedia":[{"embeddable":true,"href":"https:\/\/27-215.pl\/index.php\/wp-json\/wp\/v2\/media\/33439"}],"wp:attachment":[{"href":"https:\/\/27-215.pl\/index.php\/wp-json\/wp\/v2\/media?parent=33226"}],"wp:term":[{"taxonomy":"product_brand","embeddable":true,"href":"https:\/\/27-215.pl\/index.php\/wp-json\/wp\/v2\/product_brand?post=33226"},{"taxonomy":"product_cat","embeddable":true,"href":"https:\/\/27-215.pl\/index.php\/wp-json\/wp\/v2\/product_cat?post=33226"},{"taxonomy":"product_tag","embeddable":true,"href":"https:\/\/27-215.pl\/index.php\/wp-json\/wp\/v2\/product_tag?post=33226"}],"curies":[{"name":"wp","href":"https:\/\/api.w.org\/{rel}","templated":true}]}}