{"id":33229,"date":"2026-02-27T16:13:44","date_gmt":"2026-02-27T15:13:44","guid":{"rendered":"https:\/\/www.27-215.pl\/?post_type=product&#038;p=33229"},"modified":"2026-04-04T08:54:33","modified_gmt":"2026-04-04T06:54:33","slug":"odstepniki-plastikowe-100-szt","status":"publish","type":"product","link":"https:\/\/27-215.pl\/index.php\/produkt\/odstepniki-plastikowe-100-szt\/","title":{"rendered":"100 sztuk odstawnych element\u00f3w z plastiku"},"content":{"rendered":"<blockquote>\n<p>Odst\u0119pniki plastikowe, kt\u00f3re nadaj\u0105 si\u0119 do monta\u017cu na ramkach, umo\u017cliwiaj\u0105 uzyskanie odpowiednich odleg\u0142o\u015bci mi\u0119dzy nimi.<\/p>\n<p>Zbudowane z wysokiej jako\u015bci materia\u0142u sztucznego, cechuj\u0105cego si\u0119 odporno\u015bci\u0105 na warunki atmosferyczne.<\/p>\n<p>Parametry techniczne:<br \/>\n\u015arednica podstawy: 9mm<br \/>\n\u015arednica szczytu: 7mm<br \/>\nWysoko\u015b\u0107: 11mm<\/p>\n<\/blockquote>\n","protected":false},"excerpt":{"rendered":"<p>Odst\u0119pniki plastikowe, kt\u00f3re nadaj\u0105 si\u0119 do monta\u017cu na ramkach, umo\u017cliwiaj\u0105 uzyskanie odpowiednich odleg\u0142o\u015bci mi\u0119dzy nimi. Zbudowane z wysokiej jako\u015bci materia\u0142u sztucznego, cechuj\u0105cego si\u0119 odporno\u015bci\u0105 na warunki atmosferyczne. Parametry techniczne: \u015arednica podstawy: 9mm \u015arednica szczytu: 7mm Wysoko\u015b\u0107: 11mm<\/p>\n","protected":false},"featured_media":33437,"template":"","meta":[],"product_brand":[],"product_cat":[55],"product_tag":[],"class_list":{"0":"post-33229","1":"product","2":"type-product","3":"status-publish","4":"has-post-thumbnail","6":"product_cat-ramki","8":"first","9":"outofstock","10":"taxable","11":"shipping-taxable","12":"purchasable","13":"product-type-simple"},"_links":{"self":[{"href":"https:\/\/27-215.pl\/index.php\/wp-json\/wp\/v2\/product\/33229","targetHints":{"allow":["GET"]}}],"collection":[{"href":"https:\/\/27-215.pl\/index.php\/wp-json\/wp\/v2\/product"}],"about":[{"href":"https:\/\/27-215.pl\/index.php\/wp-json\/wp\/v2\/types\/product"}],"wp:featuredmedia":[{"embeddable":true,"href":"https:\/\/27-215.pl\/index.php\/wp-json\/wp\/v2\/media\/33437"}],"wp:attachment":[{"href":"https:\/\/27-215.pl\/index.php\/wp-json\/wp\/v2\/media?parent=33229"}],"wp:term":[{"taxonomy":"product_brand","embeddable":true,"href":"https:\/\/27-215.pl\/index.php\/wp-json\/wp\/v2\/product_brand?post=33229"},{"taxonomy":"product_cat","embeddable":true,"href":"https:\/\/27-215.pl\/index.php\/wp-json\/wp\/v2\/product_cat?post=33229"},{"taxonomy":"product_tag","embeddable":true,"href":"https:\/\/27-215.pl\/index.php\/wp-json\/wp\/v2\/product_tag?post=33229"}],"curies":[{"name":"wp","href":"https:\/\/api.w.org\/{rel}","templated":true}]}}