{"id":33247,"date":"2026-03-11T09:29:55","date_gmt":"2026-03-11T08:29:55","guid":{"rendered":"https:\/\/www.27-215.pl\/?post_type=product&#038;p=33247"},"modified":"2026-04-04T08:54:31","modified_gmt":"2026-04-04T06:54:31","slug":"cedzidlo-podwojne-oczka-10-x-16","status":"publish","type":"product","link":"https:\/\/27-215.pl\/index.php\/produkt\/cedzidlo-podwojne-oczka-10-x-16\/","title":{"rendered":"Cedzid\u0142o z oczkami podw\u00f3jnymi, wymiary 1,0 x 1,6"},"content":{"rendered":"<p>Cedzid\u0142o podw\u00f3jne wykonane z ocynowanego materia\u0142u posiada dwa sita o oczkach o \u015brednicach 1,0 oraz 1,6.<\/p>\n<p>Dzi\u0119ki rozsuwanym ramionom, cedzid\u0142o mo\u017cna \u0142atwo dostosowa\u0107 do r\u00f3\u017cnych rozmiar\u00f3w odstojnik\u00f3w.<\/p>\n","protected":false},"excerpt":{"rendered":"<p>Cedzid\u0142o podw\u00f3jne wykonane z ocynowanego materia\u0142u posiada dwa sita o oczkach o \u015brednicach 1,0 oraz 1,6. Dzi\u0119ki rozsuwanym ramionom, cedzid\u0142o mo\u017cna \u0142atwo dostosowa\u0107 do r\u00f3\u017cnych rozmiar\u00f3w odstojnik\u00f3w.<\/p>\n","protected":false},"featured_media":33431,"template":"","meta":[],"product_brand":[81],"product_cat":[80],"product_tag":[],"class_list":{"0":"post-33247","1":"product","2":"type-product","3":"status-publish","4":"has-post-thumbnail","6":"product_brand-kokoszka","7":"product_cat-cedzidla","9":"first","10":"instock","11":"taxable","12":"shipping-taxable","13":"purchasable","14":"product-type-simple"},"_links":{"self":[{"href":"https:\/\/27-215.pl\/index.php\/wp-json\/wp\/v2\/product\/33247","targetHints":{"allow":["GET"]}}],"collection":[{"href":"https:\/\/27-215.pl\/index.php\/wp-json\/wp\/v2\/product"}],"about":[{"href":"https:\/\/27-215.pl\/index.php\/wp-json\/wp\/v2\/types\/product"}],"wp:featuredmedia":[{"embeddable":true,"href":"https:\/\/27-215.pl\/index.php\/wp-json\/wp\/v2\/media\/33431"}],"wp:attachment":[{"href":"https:\/\/27-215.pl\/index.php\/wp-json\/wp\/v2\/media?parent=33247"}],"wp:term":[{"taxonomy":"product_brand","embeddable":true,"href":"https:\/\/27-215.pl\/index.php\/wp-json\/wp\/v2\/product_brand?post=33247"},{"taxonomy":"product_cat","embeddable":true,"href":"https:\/\/27-215.pl\/index.php\/wp-json\/wp\/v2\/product_cat?post=33247"},{"taxonomy":"product_tag","embeddable":true,"href":"https:\/\/27-215.pl\/index.php\/wp-json\/wp\/v2\/product_tag?post=33247"}],"curies":[{"name":"wp","href":"https:\/\/api.w.org\/{rel}","templated":true}]}}