{"id":33248,"date":"2026-03-11T09:35:24","date_gmt":"2026-03-11T08:35:24","guid":{"rendered":"https:\/\/www.27-215.pl\/?post_type=product&#038;p=33248"},"modified":"2026-04-04T08:54:28","modified_gmt":"2026-04-04T06:54:28","slug":"cedzidlo-podwojne-kwasoodporne-oczka-08-x-20","status":"publish","type":"product","link":"https:\/\/27-215.pl\/index.php\/produkt\/cedzidlo-podwojne-kwasoodporne-oczka-08-x-20\/","title":{"rendered":"Cedzid\u0142o kwasoodporne podw\u00f3jne z oczkami o wymiarach 0,8 x 2,0"},"content":{"rendered":"<p>Cedzid\u0142o podw\u00f3jne, odporne na kwasy, sk\u0142ada si\u0119 z sita wst\u0119pnego o oczkach 2,0 mm oraz g\u0142\u00f3wnego sita o oczkach 0,8 mm.<\/p>\n<p>Dzi\u0119ki rozsuwanym ramionom, cedzid\u0142o mo\u017cna \u0142atwo dostosowa\u0107 do r\u00f3\u017cnych rozmiar\u00f3w odstojnik\u00f3w.<\/p>\n<p>Parametry techniczne:<br \/>\n\u015arednica: 20 cm<br \/>\nRozstaw ramion: w zakresie od 26 do 42 cm<\/p>\n<p>Wysoko\u015bci poszczeg\u00f3lnych element\u00f3w:<br \/>\nWysoko\u015b\u0107 sita wst\u0119pnego: 6 cm<br \/>\nWysoko\u015b\u0107 sita g\u0142\u00f3wnego: 7,5 cm<br \/>\nWysoko\u015b\u0107 z\u0142o\u017conych sit: 11 cm<\/p>\n","protected":false},"excerpt":{"rendered":"<p>Cedzid\u0142o podw\u00f3jne, odporne na kwasy, sk\u0142ada si\u0119 z sita wst\u0119pnego o oczkach 2,0 mm oraz g\u0142\u00f3wnego sita o oczkach 0,8 mm. Dzi\u0119ki rozsuwanym ramionom, cedzid\u0142o mo\u017cna \u0142atwo dostosowa\u0107 do r\u00f3\u017cnych rozmiar\u00f3w odstojnik\u00f3w. Parametry techniczne: \u015arednica: 20 cm Rozstaw ramion: w zakresie od 26 do 42 cm Wysoko\u015bci poszczeg\u00f3lnych element\u00f3w: Wysoko\u015b\u0107 sita wst\u0119pnego: 6 cm Wysoko\u015b\u0107 [&hellip;]<\/p>\n","protected":false},"featured_media":33429,"template":"","meta":[],"product_brand":[81],"product_cat":[80],"product_tag":[],"class_list":{"0":"post-33248","1":"product","2":"type-product","3":"status-publish","4":"has-post-thumbnail","6":"product_brand-kokoszka","7":"product_cat-cedzidla","9":"first","10":"instock","11":"taxable","12":"shipping-taxable","13":"purchasable","14":"product-type-simple"},"_links":{"self":[{"href":"https:\/\/27-215.pl\/index.php\/wp-json\/wp\/v2\/product\/33248","targetHints":{"allow":["GET"]}}],"collection":[{"href":"https:\/\/27-215.pl\/index.php\/wp-json\/wp\/v2\/product"}],"about":[{"href":"https:\/\/27-215.pl\/index.php\/wp-json\/wp\/v2\/types\/product"}],"wp:featuredmedia":[{"embeddable":true,"href":"https:\/\/27-215.pl\/index.php\/wp-json\/wp\/v2\/media\/33429"}],"wp:attachment":[{"href":"https:\/\/27-215.pl\/index.php\/wp-json\/wp\/v2\/media?parent=33248"}],"wp:term":[{"taxonomy":"product_brand","embeddable":true,"href":"https:\/\/27-215.pl\/index.php\/wp-json\/wp\/v2\/product_brand?post=33248"},{"taxonomy":"product_cat","embeddable":true,"href":"https:\/\/27-215.pl\/index.php\/wp-json\/wp\/v2\/product_cat?post=33248"},{"taxonomy":"product_tag","embeddable":true,"href":"https:\/\/27-215.pl\/index.php\/wp-json\/wp\/v2\/product_tag?post=33248"}],"curies":[{"name":"wp","href":"https:\/\/api.w.org\/{rel}","templated":true}]}}