{"id":33250,"date":"2026-03-11T09:38:25","date_gmt":"2026-03-11T08:38:25","guid":{"rendered":"https:\/\/www.27-215.pl\/?post_type=product&#038;p=33250"},"modified":"2026-04-28T15:51:51","modified_gmt":"2026-04-28T13:51:51","slug":"miotelka-pszczelarska-krotka","status":"publish","type":"product","link":"https:\/\/27-215.pl\/index.php\/produkt\/miotelka-pszczelarska-krotka\/","title":{"rendered":"Kr\u00f3tka miote\u0142ka do pszczelarstwa"},"content":{"rendered":"<p>Do pracy na pasieczysku s\u0142u\u017cy p\u0142aska miote\u0142ka pszczelarska, wykonana z naturalnego w\u0142osia, kt\u00f3re zosta\u0142o oprawione w drewniany uchwyt z trzonkiem. Miote\u0142ka ta jest przeznaczona do omiatania \u015bcian ula oraz plastr\u00f3w, zapewniaj\u0105c bezpieczn\u0105 prac\u0119 w s\u0105siedztwie pszcz\u00f3\u0142.<\/p>\n<p>Parametry techniczne:<br \/>\nD\u0142ugo\u015b\u0107: 36 cm<br \/>\nD\u0142ugo\u015b\u0107 w\u0142osia: 5 cm<br \/>\nSzeroko\u015b\u0107 w\u0142osia: 17 cm<\/p>\n","protected":false},"excerpt":{"rendered":"<p>Do pracy na pasieczysku s\u0142u\u017cy p\u0142aska miote\u0142ka pszczelarska, wykonana z naturalnego w\u0142osia, kt\u00f3re zosta\u0142o oprawione w drewniany uchwyt z trzonkiem. Miote\u0142ka ta jest przeznaczona do omiatania \u015bcian ula oraz plastr\u00f3w, zapewniaj\u0105c bezpieczn\u0105 prac\u0119 w s\u0105siedztwie pszcz\u00f3\u0142. Parametry techniczne: D\u0142ugo\u015b\u0107: 36 cm D\u0142ugo\u015b\u0107 w\u0142osia: 5 cm Szeroko\u015b\u0107 w\u0142osia: 17 cm<\/p>\n","protected":false},"featured_media":33427,"template":"","meta":[],"product_brand":[81],"product_cat":[61],"product_tag":[],"class_list":{"0":"post-33250","1":"product","2":"type-product","3":"status-publish","4":"has-post-thumbnail","6":"product_brand-kokoszka","7":"product_cat-inny","9":"first","10":"instock","11":"taxable","12":"shipping-taxable","13":"purchasable","14":"product-type-simple"},"_links":{"self":[{"href":"https:\/\/27-215.pl\/index.php\/wp-json\/wp\/v2\/product\/33250","targetHints":{"allow":["GET"]}}],"collection":[{"href":"https:\/\/27-215.pl\/index.php\/wp-json\/wp\/v2\/product"}],"about":[{"href":"https:\/\/27-215.pl\/index.php\/wp-json\/wp\/v2\/types\/product"}],"wp:featuredmedia":[{"embeddable":true,"href":"https:\/\/27-215.pl\/index.php\/wp-json\/wp\/v2\/media\/33427"}],"wp:attachment":[{"href":"https:\/\/27-215.pl\/index.php\/wp-json\/wp\/v2\/media?parent=33250"}],"wp:term":[{"taxonomy":"product_brand","embeddable":true,"href":"https:\/\/27-215.pl\/index.php\/wp-json\/wp\/v2\/product_brand?post=33250"},{"taxonomy":"product_cat","embeddable":true,"href":"https:\/\/27-215.pl\/index.php\/wp-json\/wp\/v2\/product_cat?post=33250"},{"taxonomy":"product_tag","embeddable":true,"href":"https:\/\/27-215.pl\/index.php\/wp-json\/wp\/v2\/product_tag?post=33250"}],"curies":[{"name":"wp","href":"https:\/\/api.w.org\/{rel}","templated":true}]}}