{"id":33258,"date":"2026-03-13T19:36:33","date_gmt":"2026-03-13T18:36:33","guid":{"rendered":"https:\/\/www.27-215.pl\/?post_type=product&#038;p=33258"},"modified":"2026-04-04T08:54:54","modified_gmt":"2026-04-04T06:54:54","slug":"odsklepiacz-widelcowy-giety-17-igiel","status":"publish","type":"product","link":"https:\/\/27-215.pl\/index.php\/produkt\/odsklepiacz-widelcowy-giety-17-igiel\/","title":{"rendered":"Widelcowy odsklepiacz gi\u0119ty z 17 ig\u0142ami"},"content":{"rendered":"<p>\u0141opatka odsklepiacza widelcowego jest wykonana z polerowanego aluminium, natomiast trzonek jest drewniany, a ig\u0142y zosta\u0142y wykonane z nierdzewnej stali.<\/p>\n<p>Wymiary tego produktu to: <br \/>\nD\u0142ugo\u015b\u0107 trzonka: 12 cm<br \/>\nSzeroko\u015b\u0107 igie\u0142: 6 cm<br \/>\nLiczba igie\u0142: 17<\/p>\n","protected":false},"excerpt":{"rendered":"<p>\u0141opatka odsklepiacza widelcowego jest wykonana z polerowanego aluminium, natomiast trzonek jest drewniany, a ig\u0142y zosta\u0142y wykonane z nierdzewnej stali. Wymiary tego produktu to: D\u0142ugo\u015b\u0107 trzonka: 12 cm Szeroko\u015b\u0107 igie\u0142: 6 cm Liczba igie\u0142: 17<\/p>\n","protected":false},"featured_media":33423,"template":"","meta":[],"product_brand":[81],"product_cat":[45],"product_tag":[],"class_list":{"0":"post-33258","1":"product","2":"type-product","3":"status-publish","4":"has-post-thumbnail","6":"product_brand-kokoszka","7":"product_cat-odsklepianie","9":"first","10":"outofstock","11":"taxable","12":"shipping-taxable","13":"purchasable","14":"product-type-simple"},"_links":{"self":[{"href":"https:\/\/27-215.pl\/index.php\/wp-json\/wp\/v2\/product\/33258","targetHints":{"allow":["GET"]}}],"collection":[{"href":"https:\/\/27-215.pl\/index.php\/wp-json\/wp\/v2\/product"}],"about":[{"href":"https:\/\/27-215.pl\/index.php\/wp-json\/wp\/v2\/types\/product"}],"wp:featuredmedia":[{"embeddable":true,"href":"https:\/\/27-215.pl\/index.php\/wp-json\/wp\/v2\/media\/33423"}],"wp:attachment":[{"href":"https:\/\/27-215.pl\/index.php\/wp-json\/wp\/v2\/media?parent=33258"}],"wp:term":[{"taxonomy":"product_brand","embeddable":true,"href":"https:\/\/27-215.pl\/index.php\/wp-json\/wp\/v2\/product_brand?post=33258"},{"taxonomy":"product_cat","embeddable":true,"href":"https:\/\/27-215.pl\/index.php\/wp-json\/wp\/v2\/product_cat?post=33258"},{"taxonomy":"product_tag","embeddable":true,"href":"https:\/\/27-215.pl\/index.php\/wp-json\/wp\/v2\/product_tag?post=33258"}],"curies":[{"name":"wp","href":"https:\/\/api.w.org\/{rel}","templated":true}]}}