{"id":33262,"date":"2026-03-13T19:50:47","date_gmt":"2026-03-13T18:50:47","guid":{"rendered":"https:\/\/www.27-215.pl\/?post_type=product&#038;p=33262"},"modified":"2026-04-04T08:54:41","modified_gmt":"2026-04-04T06:54:41","slug":"knot-do-swiec-bawelniany","status":"publish","type":"product","link":"https:\/\/27-215.pl\/index.php\/produkt\/knot-do-swiec-bawelniany\/","title":{"rendered":"Knot do \u015bwiec bawe\u0142niany"},"content":{"rendered":"<p>Niebielony knot najwy\u017cszej jako\u015bci, wykonany z bawe\u0142ny o przekroju p\u0142askim, typowym do \u015bwiec.<\/p>\n<p>\u015arednica jest podana orientacyjnie, prosz\u0119 sugerowa\u0107 si\u0119 ilo\u015bci\u0105 nitek \u2013 im wi\u0119ksza ilo\u015b\u0107, tym wi\u0119kszy p\u0142omie\u0144 \u015bwiecy.<\/p>\n<p>(Dla przyk\u0142adu, do \u015bwiecy standardowej o \u015brednicy ok. 5-7 cm stosujemy 27 nitek, czyli 3\u00d78 nitek.)<\/p>\n<p>D\u0142ugo\u015b\u0107: 10 m<\/p>\n","protected":false},"excerpt":{"rendered":"<p>Niebielony knot najwy\u017cszej jako\u015bci, wykonany z bawe\u0142ny o przekroju p\u0142askim, typowym do \u015bwiec. \u015arednica jest podana orientacyjnie, prosz\u0119 sugerowa\u0107 si\u0119 ilo\u015bci\u0105 nitek \u2013 im wi\u0119ksza ilo\u015b\u0107, tym wi\u0119kszy p\u0142omie\u0144 \u015bwiecy. (Dla przyk\u0142adu, do \u015bwiecy standardowej o \u015brednicy ok. 5-7 cm stosujemy 27 nitek, czyli 3\u00d78 nitek.) D\u0142ugo\u015b\u0107: 10 m<\/p>\n","protected":false},"featured_media":33267,"template":"","meta":[],"product_brand":[],"product_cat":[73],"product_tag":[],"class_list":{"0":"post-33262","1":"product","2":"type-product","3":"status-publish","4":"has-post-thumbnail","6":"product_cat-wosk-i-swiece","8":"first","9":"outofstock","10":"taxable","11":"shipping-taxable","12":"purchasable","13":"product-type-variable"},"_links":{"self":[{"href":"https:\/\/27-215.pl\/index.php\/wp-json\/wp\/v2\/product\/33262","targetHints":{"allow":["GET"]}}],"collection":[{"href":"https:\/\/27-215.pl\/index.php\/wp-json\/wp\/v2\/product"}],"about":[{"href":"https:\/\/27-215.pl\/index.php\/wp-json\/wp\/v2\/types\/product"}],"wp:featuredmedia":[{"embeddable":true,"href":"https:\/\/27-215.pl\/index.php\/wp-json\/wp\/v2\/media\/33267"}],"wp:attachment":[{"href":"https:\/\/27-215.pl\/index.php\/wp-json\/wp\/v2\/media?parent=33262"}],"wp:term":[{"taxonomy":"product_brand","embeddable":true,"href":"https:\/\/27-215.pl\/index.php\/wp-json\/wp\/v2\/product_brand?post=33262"},{"taxonomy":"product_cat","embeddable":true,"href":"https:\/\/27-215.pl\/index.php\/wp-json\/wp\/v2\/product_cat?post=33262"},{"taxonomy":"product_tag","embeddable":true,"href":"https:\/\/27-215.pl\/index.php\/wp-json\/wp\/v2\/product_tag?post=33262"}],"curies":[{"name":"wp","href":"https:\/\/api.w.org\/{rel}","templated":true}]}}