{"id":33270,"date":"2026-03-13T20:02:22","date_gmt":"2026-03-13T19:02:22","guid":{"rendered":"https:\/\/www.27-215.pl\/?post_type=product&#038;p=33270"},"modified":"2026-04-14T17:02:31","modified_gmt":"2026-04-14T15:02:31","slug":"dluto-nierdzewne-z-plastikowa-raczka","status":"publish","type":"product","link":"https:\/\/27-215.pl\/index.php\/produkt\/dluto-nierdzewne-z-plastikowa-raczka\/","title":{"rendered":"D\u0142uto z nierdzewnej stali, wyposa\u017cone w ergonomiczn\u0105 r\u0105czk\u0119 z plastiku"},"content":{"rendered":"<p>Doskona\u0142e do prac ulowych, d\u0142uto pasieczne typu Roota jest wielofunkcyjnym i uniwersalnym narz\u0119dziem, kt\u00f3re sprawdza si\u0119 przy rozrywaniu spoiwa (propolisu) \u0142\u0105cz\u0105cego ramki, a tak\u017ce przy rozdzielaniu, rozsuwaniu i podwa\u017caniu ramek, korpus\u00f3w, p\u00f3\u0142korpus\u00f3w i nadstawek, oraz przy czyszczeniu i skrobania ramek, \u015bcian oraz dennic uli.<\/p>\n<p>Narz\u0119dzie to zosta\u0142o wyposa\u017cone w dwie r\u00f3\u017cne g\u0142ownie, co umo\u017cliwia szerokie mo\u017cliwo\u015bci jego zastosowania.<\/p>\n<p>Komfort u\u017cytkowania i trwa\u0142o\u015b\u0107 d\u0142uta zapewniaj\u0105 ostrza wykonane z kwasoodpornej stali nierdzewnej oraz ergonomiczny, plastikowy uchwyt, kt\u00f3ry spe\u0142nia wymogi higieny.<\/p>\n<p>Parametry techniczne narz\u0119dzia to:<br \/>\nD\u0142ugo\u015b\u0107 ca\u0142kowita: 20 cm<br \/>\nSzeroko\u015b\u0107 ostrza: 4,5 cm<\/p>\n","protected":false},"excerpt":{"rendered":"<p>Doskona\u0142e do prac ulowych, d\u0142uto pasieczne typu Roota jest wielofunkcyjnym i uniwersalnym narz\u0119dziem, kt\u00f3re sprawdza si\u0119 przy rozrywaniu spoiwa (propolisu) \u0142\u0105cz\u0105cego ramki, a tak\u017ce przy rozdzielaniu, rozsuwaniu i podwa\u017caniu ramek, korpus\u00f3w, p\u00f3\u0142korpus\u00f3w i nadstawek, oraz przy czyszczeniu i skrobania ramek, \u015bcian oraz dennic uli. Narz\u0119dzie to zosta\u0142o wyposa\u017cone w dwie r\u00f3\u017cne g\u0142ownie, co umo\u017cliwia szerokie [&hellip;]<\/p>\n","protected":false},"featured_media":33419,"template":"","meta":[],"product_brand":[],"product_cat":[57],"product_tag":[],"class_list":{"0":"post-33270","1":"product","2":"type-product","3":"status-publish","4":"has-post-thumbnail","6":"product_cat-dluta","8":"first","9":"instock","10":"taxable","11":"shipping-taxable","12":"purchasable","13":"product-type-simple"},"_links":{"self":[{"href":"https:\/\/27-215.pl\/index.php\/wp-json\/wp\/v2\/product\/33270","targetHints":{"allow":["GET"]}}],"collection":[{"href":"https:\/\/27-215.pl\/index.php\/wp-json\/wp\/v2\/product"}],"about":[{"href":"https:\/\/27-215.pl\/index.php\/wp-json\/wp\/v2\/types\/product"}],"wp:featuredmedia":[{"embeddable":true,"href":"https:\/\/27-215.pl\/index.php\/wp-json\/wp\/v2\/media\/33419"}],"wp:attachment":[{"href":"https:\/\/27-215.pl\/index.php\/wp-json\/wp\/v2\/media?parent=33270"}],"wp:term":[{"taxonomy":"product_brand","embeddable":true,"href":"https:\/\/27-215.pl\/index.php\/wp-json\/wp\/v2\/product_brand?post=33270"},{"taxonomy":"product_cat","embeddable":true,"href":"https:\/\/27-215.pl\/index.php\/wp-json\/wp\/v2\/product_cat?post=33270"},{"taxonomy":"product_tag","embeddable":true,"href":"https:\/\/27-215.pl\/index.php\/wp-json\/wp\/v2\/product_tag?post=33270"}],"curies":[{"name":"wp","href":"https:\/\/api.w.org\/{rel}","templated":true}]}}