{"id":33272,"date":"2026-03-13T20:03:38","date_gmt":"2026-03-13T19:03:38","guid":{"rendered":"https:\/\/www.27-215.pl\/?post_type=product&#038;p=33272"},"modified":"2026-04-27T14:25:28","modified_gmt":"2026-04-27T12:25:28","slug":"dluto-nierdzewne-z-drewniana-raczka","status":"publish","type":"product","link":"https:\/\/27-215.pl\/index.php\/produkt\/dluto-nierdzewne-z-drewniana-raczka\/","title":{"rendered":"Nierdzewne d\u0142uto z r\u0105czk\u0105 wykonan\u0105 z drewna"},"content":{"rendered":"<p>Doskona\u0142e do r\u00f3\u017cnych prac w ulu, d\u0142uto pasieczne typu Roota jest uniwersalnym i wielofunkcyjnym narz\u0119dziem. Mo\u017ce by\u0107 wykorzystywane do rozrywania spoiwa, kt\u00f3re \u0142\u0105czy ramki, a tak\u017ce do rozdzielania, rozsuwania i podwa\u017cania ramek, korpus\u00f3w, p\u00f3\u0142korpus\u00f3w i nadstawek. Ponadto, jest przydatne do czyszczenia i skrobania ramek, \u015bcian oraz dennic uli.<\/p>\n<p>Narz\u0119dzie to charakteryzuje si\u0119 dwoma r\u00f3\u017cnymi g\u0142owniami, co pozwala na szerokie mo\u017cliwo\u015bci zastosowania.<\/p>\n<p>Komfort u\u017cytkowania i trwa\u0142o\u015b\u0107 d\u0142uta zapewniaj\u0105 ostrza wykonane z kwasoodpornej stali nierdzewnej oraz drewniany uchwyt.<\/p>\n<p>Wymiary d\u0142uta to: d\u0142ugo\u015b\u0107 ca\u0142kowita &#8211; 20 cm, <br \/>\nszeroko\u015b\u0107 ostrza &#8211; 4,5 cm<\/p>\n","protected":false},"excerpt":{"rendered":"<p>Doskona\u0142e do r\u00f3\u017cnych prac w ulu, d\u0142uto pasieczne typu Roota jest uniwersalnym i wielofunkcyjnym narz\u0119dziem. Mo\u017ce by\u0107 wykorzystywane do rozrywania spoiwa, kt\u00f3re \u0142\u0105czy ramki, a tak\u017ce do rozdzielania, rozsuwania i podwa\u017cania ramek, korpus\u00f3w, p\u00f3\u0142korpus\u00f3w i nadstawek. Ponadto, jest przydatne do czyszczenia i skrobania ramek, \u015bcian oraz dennic uli. Narz\u0119dzie to charakteryzuje si\u0119 dwoma r\u00f3\u017cnymi g\u0142owniami, [&hellip;]<\/p>\n","protected":false},"featured_media":33417,"template":"","meta":[],"product_brand":[],"product_cat":[57],"product_tag":[],"class_list":{"0":"post-33272","1":"product","2":"type-product","3":"status-publish","4":"has-post-thumbnail","6":"product_cat-dluta","8":"first","9":"instock","10":"taxable","11":"shipping-taxable","12":"purchasable","13":"product-type-simple"},"_links":{"self":[{"href":"https:\/\/27-215.pl\/index.php\/wp-json\/wp\/v2\/product\/33272","targetHints":{"allow":["GET"]}}],"collection":[{"href":"https:\/\/27-215.pl\/index.php\/wp-json\/wp\/v2\/product"}],"about":[{"href":"https:\/\/27-215.pl\/index.php\/wp-json\/wp\/v2\/types\/product"}],"wp:featuredmedia":[{"embeddable":true,"href":"https:\/\/27-215.pl\/index.php\/wp-json\/wp\/v2\/media\/33417"}],"wp:attachment":[{"href":"https:\/\/27-215.pl\/index.php\/wp-json\/wp\/v2\/media?parent=33272"}],"wp:term":[{"taxonomy":"product_brand","embeddable":true,"href":"https:\/\/27-215.pl\/index.php\/wp-json\/wp\/v2\/product_brand?post=33272"},{"taxonomy":"product_cat","embeddable":true,"href":"https:\/\/27-215.pl\/index.php\/wp-json\/wp\/v2\/product_cat?post=33272"},{"taxonomy":"product_tag","embeddable":true,"href":"https:\/\/27-215.pl\/index.php\/wp-json\/wp\/v2\/product_tag?post=33272"}],"curies":[{"name":"wp","href":"https:\/\/api.w.org\/{rel}","templated":true}]}}