{"id":33279,"date":"2026-03-13T21:13:37","date_gmt":"2026-03-13T20:13:37","guid":{"rendered":"https:\/\/www.27-215.pl\/?post_type=product&#038;p=33279"},"modified":"2026-04-14T17:02:39","modified_gmt":"2026-04-14T15:02:39","slug":"kolko-do-ulika-o-68-weselnego-odkladowego","status":"publish","type":"product","link":"https:\/\/27-215.pl\/index.php\/produkt\/kolko-do-ulika-o-68-weselnego-odkladowego\/","title":{"rendered":"K\u00f3\u0142ko do ulika \u00d8 68 weselnego\/odk\u0142adowego"},"content":{"rendered":"<p data-start=\"1584\" data-end=\"1826\">Funkcjonalny <strong data-start=\"1597\" data-end=\"1625\">regulator wylotka do ula<\/strong>, kt\u00f3ry umo\u017cliwia kontrol\u0119 dost\u0119pu do wn\u0119trza ula oraz regulacj\u0119 wielko\u015bci otworu wylotowego. To praktyczne rozwi\u0105zanie dla ka\u017cdego pszczelarza \u2013 zar\u00f3wno w pasiekach amatorskich, jak i profesjonalnych.<\/p>\n<p data-start=\"1828\" data-end=\"1938\">Dzi\u0119ki czterem pozycjom regulator pozwala szybko dopasowa\u0107 ustawienie wylotka do aktualnej sytuacji w pasiece.<\/p>\n<p data-start=\"1940\" data-end=\"1959\">4 tryby ustawienia:<\/p>\n<ul data-start=\"1960\" data-end=\"2200\">\n<li data-section-id=\"uy6zz3\" data-start=\"1960\" data-end=\"2006\">\n<p data-start=\"1962\" data-end=\"2006\"><strong data-start=\"1962\" data-end=\"1980\">pe\u0142ne otwarcie<\/strong> \u2013 swobodny ruch pszcz\u00f3\u0142<\/p>\n<\/li>\n<li data-section-id=\"1nlgk4a\" data-start=\"2007\" data-end=\"2083\">\n<p data-start=\"2009\" data-end=\"2083\"><strong data-start=\"2009\" data-end=\"2037\">tylko pszczo\u0142y robotnice<\/strong> \u2013 ograniczenie dost\u0119pu dla wi\u0119kszych owad\u00f3w<\/p>\n<\/li>\n<li data-section-id=\"16iw98z\" data-start=\"2084\" data-end=\"2138\">\n<p data-start=\"2086\" data-end=\"2138\"><strong data-start=\"2086\" data-end=\"2100\">wentylacja<\/strong> \u2013 zapewnia przep\u0142yw powietrza w ulu<\/p>\n<\/li>\n<li data-section-id=\"1vzz5h2\" data-start=\"2139\" data-end=\"2200\">\n<p data-start=\"2141\" data-end=\"2200\"><strong data-start=\"2141\" data-end=\"2161\">pe\u0142ne zamkni\u0119cie<\/strong> \u2013 przydatne np. podczas transportu uli<\/p>\n<\/li>\n<\/ul>\n<p data-start=\"2202\" data-end=\"2315\">Regulator pomaga r\u00f3wnie\u017c <strong data-start=\"2227\" data-end=\"2276\">chroni\u0107 ul przed myszami i innymi szkodnikami<\/strong>, ograniczaj\u0105c wielko\u015b\u0107 wej\u015bcia do ula.<\/p>\n<p data-start=\"2317\" data-end=\"2425\">Produkt wykonany z trwa\u0142ego plastiku, pasuje do wi\u0119kszo\u015bci <strong data-start=\"2376\" data-end=\"2424\">uli, skrzynek rojowych oraz ulik\u00f3w weselnych<\/strong>.<\/p>\n<p data-start=\"2427\" data-end=\"2580\">Najwa\u017cniejsze cechy:<br \/>\n\u2714 4 funkcje regulacji wylotka<br data-start=\"2477\" data-end=\"2480\" \/>\u2714 poprawia wentylacj\u0119 ula<br data-start=\"2505\" data-end=\"2508\" \/>\u2714 chroni przed szkodnikami<br data-start=\"2534\" data-end=\"2537\" \/>\u2714 prosty monta\u017c<br data-start=\"2552\" data-end=\"2555\" \/>\u2714 lekki i trwa\u0142y materia\u0142<\/p>\n<p data-start=\"2582\" data-end=\"2595\">Specyfikacja:<\/p>\n<ul data-start=\"2596\" data-end=\"2796\">\n<li data-section-id=\"1vnijrj\" data-start=\"2596\" data-end=\"2617\">\n<p data-start=\"2598\" data-end=\"2617\">materia\u0142: plastik<\/p>\n<\/li>\n<li data-section-id=\"1fbibar\" data-start=\"2618\" data-end=\"2653\">\n<p data-start=\"2620\" data-end=\"2653\">\u015brednica regulatora: <strong data-start=\"2641\" data-end=\"2651\">6,8 cm<\/strong><\/p>\n<\/li>\n<li data-section-id=\"1a9tcyk\" data-start=\"2654\" data-end=\"2692\">\n<p data-start=\"2656\" data-end=\"2692\">\u015brednica ma\u0142ego otworu: <strong data-start=\"2680\" data-end=\"2690\">2,4 cm<\/strong><\/p>\n<\/li>\n<li data-section-id=\"296mpa\" data-start=\"2693\" data-end=\"2768\">\n<p data-start=\"2695\" data-end=\"2768\">dost\u0119pne kolory: <strong data-start=\"2712\" data-end=\"2766\">\u017c\u00f3\u0142ty, zielony, czarny, bia\u0142y, czerwony, niebieski, fioletowy<\/strong><\/p>\n<\/li>\n<\/ul>\n","protected":false},"excerpt":{"rendered":"<p>Funkcjonalny regulator wylotka do ula, kt\u00f3ry umo\u017cliwia kontrol\u0119 dost\u0119pu do wn\u0119trza ula oraz regulacj\u0119 wielko\u015bci otworu wylotowego. To praktyczne rozwi\u0105zanie dla ka\u017cdego pszczelarza \u2013 zar\u00f3wno w pasiekach amatorskich, jak i profesjonalnych. Dzi\u0119ki czterem pozycjom regulator pozwala szybko dopasowa\u0107 ustawienie wylotka do aktualnej sytuacji w pasiece. 4 tryby ustawienia: pe\u0142ne otwarcie \u2013 swobodny ruch pszcz\u00f3\u0142 tylko [&hellip;]<\/p>\n","protected":false},"featured_media":33294,"template":"","meta":[],"product_brand":[],"product_cat":[44],"product_tag":[],"class_list":{"0":"post-33279","1":"product","2":"type-product","3":"status-publish","4":"has-post-thumbnail","6":"product_cat-zasuwki","8":"first","9":"instock","10":"taxable","11":"shipping-taxable","12":"purchasable","13":"product-type-variable"},"_links":{"self":[{"href":"https:\/\/27-215.pl\/index.php\/wp-json\/wp\/v2\/product\/33279","targetHints":{"allow":["GET"]}}],"collection":[{"href":"https:\/\/27-215.pl\/index.php\/wp-json\/wp\/v2\/product"}],"about":[{"href":"https:\/\/27-215.pl\/index.php\/wp-json\/wp\/v2\/types\/product"}],"wp:featuredmedia":[{"embeddable":true,"href":"https:\/\/27-215.pl\/index.php\/wp-json\/wp\/v2\/media\/33294"}],"wp:attachment":[{"href":"https:\/\/27-215.pl\/index.php\/wp-json\/wp\/v2\/media?parent=33279"}],"wp:term":[{"taxonomy":"product_brand","embeddable":true,"href":"https:\/\/27-215.pl\/index.php\/wp-json\/wp\/v2\/product_brand?post=33279"},{"taxonomy":"product_cat","embeddable":true,"href":"https:\/\/27-215.pl\/index.php\/wp-json\/wp\/v2\/product_cat?post=33279"},{"taxonomy":"product_tag","embeddable":true,"href":"https:\/\/27-215.pl\/index.php\/wp-json\/wp\/v2\/product_tag?post=33279"}],"curies":[{"name":"wp","href":"https:\/\/api.w.org\/{rel}","templated":true}]}}