{"id":33315,"date":"2026-03-14T20:54:20","date_gmt":"2026-03-14T19:54:20","guid":{"rendered":"https:\/\/www.27-215.pl\/?post_type=product&#038;p=33315"},"modified":"2026-04-04T08:55:13","modified_gmt":"2026-04-04T06:55:13","slug":"zasuwka-na-wylotek-nierdzewna","status":"publish","type":"product","link":"https:\/\/27-215.pl\/index.php\/produkt\/zasuwka-na-wylotek-nierdzewna\/","title":{"rendered":"Zasuwka na wylotek nierdzewna"},"content":{"rendered":"<p data-start=\"0\" data-end=\"39\"><strong data-start=\"0\" data-end=\"39\">Zasuwka do ula ze stali nierdzewnej<\/strong><\/p>\n<p data-start=\"41\" data-end=\"322\">Zasuwka do ula wykonana ze stali nierdzewnej to trwa\u0142y i praktyczny element wyposa\u017cenia pasieki, s\u0142u\u017c\u0105cy do zamykania, otwierania oraz regulowania wielko\u015bci wylotka. Umo\u017cliwia kontrolowanie przelotu pszcz\u00f3\u0142, a jednocze\u015bnie skutecznie chroni ul przed szkodnikami i innymi insektami.<\/p>\n<p data-start=\"324\" data-end=\"557\">Dzi\u0119ki wykonaniu ze stali nierdzewnej zasuwka jest bardziej wytrzyma\u0142a, odporna na warunki atmosferyczne oraz d\u0142ugotrwa\u0142e u\u017cytkowanie. Pomaga r\u00f3wnie\u017c utrzyma\u0107 odpowiedni\u0105 wentylacj\u0119 w ulu, co jest szczeg\u00f3lnie wa\u017cne w okresie zimowym.<\/p>\n<p data-start=\"559\" data-end=\"706\">Produkt polecany jest do uli drewnianych oraz uli le\u017cakowych. Monta\u017c jest szybki i prosty \u2013 wystarczy przymocowa\u0107 zasuwk\u0119 do ula za pomoc\u0105 gwo\u017adzi.<\/p>\n<p data-start=\"708\" data-end=\"719\"><strong data-start=\"708\" data-end=\"719\">Zalety:<\/strong><\/p>\n<ul data-start=\"720\" data-end=\"880\" data-is-last-node=\"\" data-is-only-node=\"\">\n<li data-section-id=\"ekel2q\" data-start=\"720\" data-end=\"752\">\n<p data-start=\"722\" data-end=\"752\">kontrolowany przelot pszcz\u00f3\u0142<\/p>\n<\/li>\n<li data-section-id=\"1s84v7j\" data-start=\"753\" data-end=\"786\">\n<p data-start=\"755\" data-end=\"786\">ochrona ula przed szkodnikami<\/p>\n<\/li>\n<li data-section-id=\"kvz4ri\" data-start=\"787\" data-end=\"809\">\n<p data-start=\"789\" data-end=\"809\">poprawa wentylacji<\/p>\n<\/li>\n<li data-section-id=\"1srlxkv\" data-start=\"810\" data-end=\"855\">\n<p data-start=\"812\" data-end=\"855\">wi\u0119ksza trwa\u0142o\u015b\u0107 dzi\u0119ki stali nierdzewnej<\/p>\n<\/li>\n<li data-section-id=\"1vz0xqf\" data-start=\"856\" data-end=\"880\" data-is-last-node=\"\">\n<p data-start=\"858\" data-end=\"880\" data-is-last-node=\"\">szybki i prosty monta\u017c<\/p>\n<\/li>\n<\/ul>\n","protected":false},"excerpt":{"rendered":"<p>Zasuwka do ula ze stali nierdzewnej Zasuwka do ula wykonana ze stali nierdzewnej to trwa\u0142y i praktyczny element wyposa\u017cenia pasieki, s\u0142u\u017c\u0105cy do zamykania, otwierania oraz regulowania wielko\u015bci wylotka. Umo\u017cliwia kontrolowanie przelotu pszcz\u00f3\u0142, a jednocze\u015bnie skutecznie chroni ul przed szkodnikami i innymi insektami. Dzi\u0119ki wykonaniu ze stali nierdzewnej zasuwka jest bardziej wytrzyma\u0142a, odporna na warunki atmosferyczne [&hellip;]<\/p>\n","protected":false},"featured_media":33322,"template":"","meta":[],"product_brand":[82],"product_cat":[44],"product_tag":[],"class_list":{"0":"post-33315","1":"product","2":"type-product","3":"status-publish","4":"has-post-thumbnail","6":"product_brand-pietrzak-kubiak","7":"product_cat-zasuwki","9":"first","10":"outofstock","11":"taxable","12":"shipping-taxable","13":"purchasable","14":"product-type-variable"},"_links":{"self":[{"href":"https:\/\/27-215.pl\/index.php\/wp-json\/wp\/v2\/product\/33315","targetHints":{"allow":["GET"]}}],"collection":[{"href":"https:\/\/27-215.pl\/index.php\/wp-json\/wp\/v2\/product"}],"about":[{"href":"https:\/\/27-215.pl\/index.php\/wp-json\/wp\/v2\/types\/product"}],"wp:featuredmedia":[{"embeddable":true,"href":"https:\/\/27-215.pl\/index.php\/wp-json\/wp\/v2\/media\/33322"}],"wp:attachment":[{"href":"https:\/\/27-215.pl\/index.php\/wp-json\/wp\/v2\/media?parent=33315"}],"wp:term":[{"taxonomy":"product_brand","embeddable":true,"href":"https:\/\/27-215.pl\/index.php\/wp-json\/wp\/v2\/product_brand?post=33315"},{"taxonomy":"product_cat","embeddable":true,"href":"https:\/\/27-215.pl\/index.php\/wp-json\/wp\/v2\/product_cat?post=33315"},{"taxonomy":"product_tag","embeddable":true,"href":"https:\/\/27-215.pl\/index.php\/wp-json\/wp\/v2\/product_tag?post=33315"}],"curies":[{"name":"wp","href":"https:\/\/api.w.org\/{rel}","templated":true}]}}