{"id":33332,"date":"2026-03-14T21:11:09","date_gmt":"2026-03-14T20:11:09","guid":{"rendered":"https:\/\/www.27-215.pl\/?post_type=product&#038;p=33332"},"modified":"2026-04-04T08:54:57","modified_gmt":"2026-04-04T06:54:57","slug":"karbownik-napinacz-drutu-drewniany","status":"publish","type":"product","link":"https:\/\/27-215.pl\/index.php\/produkt\/karbownik-napinacz-drutu-drewniany\/","title":{"rendered":"Drewniany karbownik do napinania drutu"},"content":{"rendered":"<p>Urz\u0105dzenie przeznaczone do naci\u0105gania oraz karbowania drutu umieszczonego w ramce.<\/p>\n<p>Dzi\u0119ki karbowaniu drutu, mo\u017cliwe jest uzyskanie optymalnego napi\u0119cia drutu, co przek\u0142ada si\u0119 na lepsze utrzymanie w\u0119zy.<\/p>\n","protected":false},"excerpt":{"rendered":"<p>Urz\u0105dzenie przeznaczone do naci\u0105gania oraz karbowania drutu umieszczonego w ramce. Dzi\u0119ki karbowaniu drutu, mo\u017cliwe jest uzyskanie optymalnego napi\u0119cia drutu, co przek\u0142ada si\u0119 na lepsze utrzymanie w\u0119zy.<\/p>\n","protected":false},"featured_media":33409,"template":"","meta":[],"product_brand":[],"product_cat":[61],"product_tag":[],"class_list":{"0":"post-33332","1":"product","2":"type-product","3":"status-publish","4":"has-post-thumbnail","6":"product_cat-inny","8":"first","9":"outofstock","10":"taxable","11":"shipping-taxable","12":"purchasable","13":"product-type-simple"},"_links":{"self":[{"href":"https:\/\/27-215.pl\/index.php\/wp-json\/wp\/v2\/product\/33332","targetHints":{"allow":["GET"]}}],"collection":[{"href":"https:\/\/27-215.pl\/index.php\/wp-json\/wp\/v2\/product"}],"about":[{"href":"https:\/\/27-215.pl\/index.php\/wp-json\/wp\/v2\/types\/product"}],"wp:featuredmedia":[{"embeddable":true,"href":"https:\/\/27-215.pl\/index.php\/wp-json\/wp\/v2\/media\/33409"}],"wp:attachment":[{"href":"https:\/\/27-215.pl\/index.php\/wp-json\/wp\/v2\/media?parent=33332"}],"wp:term":[{"taxonomy":"product_brand","embeddable":true,"href":"https:\/\/27-215.pl\/index.php\/wp-json\/wp\/v2\/product_brand?post=33332"},{"taxonomy":"product_cat","embeddable":true,"href":"https:\/\/27-215.pl\/index.php\/wp-json\/wp\/v2\/product_cat?post=33332"},{"taxonomy":"product_tag","embeddable":true,"href":"https:\/\/27-215.pl\/index.php\/wp-json\/wp\/v2\/product_tag?post=33332"}],"curies":[{"name":"wp","href":"https:\/\/api.w.org\/{rel}","templated":true}]}}