{"id":33334,"date":"2026-03-14T21:12:10","date_gmt":"2026-03-14T20:12:10","guid":{"rendered":"https:\/\/www.27-215.pl\/?post_type=product&#038;p=33334"},"modified":"2026-04-24T14:07:41","modified_gmt":"2026-04-24T12:07:41","slug":"karbownik-napinacz-drutu-plastikowy","status":"publish","type":"product","link":"https:\/\/27-215.pl\/index.php\/produkt\/karbownik-napinacz-drutu-plastikowy\/","title":{"rendered":"Napinacz drutu z karbownikiem, wersja plastikowa"},"content":{"rendered":"<p>Urz\u0105dzenie to jest przeznaczone do naci\u0105gania oraz karbowania drutu umieszczonego w ramce.<\/p>\n<p>Dzi\u0119ki karbowaniu drutu, mo\u017cliwe jest uzyskanie optymalnego napi\u0119cia, co skutkuje lepszym trzymaniem si\u0119 plastra w\u0119zy.<\/p>\n","protected":false},"excerpt":{"rendered":"<p>Urz\u0105dzenie to jest przeznaczone do naci\u0105gania oraz karbowania drutu umieszczonego w ramce. Dzi\u0119ki karbowaniu drutu, mo\u017cliwe jest uzyskanie optymalnego napi\u0119cia, co skutkuje lepszym trzymaniem si\u0119 plastra w\u0119zy.<\/p>\n","protected":false},"featured_media":33407,"template":"","meta":[],"product_brand":[],"product_cat":[61],"product_tag":[],"class_list":{"0":"post-33334","1":"product","2":"type-product","3":"status-publish","4":"has-post-thumbnail","6":"product_cat-inny","8":"first","9":"instock","10":"taxable","11":"shipping-taxable","12":"purchasable","13":"product-type-simple"},"_links":{"self":[{"href":"https:\/\/27-215.pl\/index.php\/wp-json\/wp\/v2\/product\/33334","targetHints":{"allow":["GET"]}}],"collection":[{"href":"https:\/\/27-215.pl\/index.php\/wp-json\/wp\/v2\/product"}],"about":[{"href":"https:\/\/27-215.pl\/index.php\/wp-json\/wp\/v2\/types\/product"}],"wp:featuredmedia":[{"embeddable":true,"href":"https:\/\/27-215.pl\/index.php\/wp-json\/wp\/v2\/media\/33407"}],"wp:attachment":[{"href":"https:\/\/27-215.pl\/index.php\/wp-json\/wp\/v2\/media?parent=33334"}],"wp:term":[{"taxonomy":"product_brand","embeddable":true,"href":"https:\/\/27-215.pl\/index.php\/wp-json\/wp\/v2\/product_brand?post=33334"},{"taxonomy":"product_cat","embeddable":true,"href":"https:\/\/27-215.pl\/index.php\/wp-json\/wp\/v2\/product_cat?post=33334"},{"taxonomy":"product_tag","embeddable":true,"href":"https:\/\/27-215.pl\/index.php\/wp-json\/wp\/v2\/product_tag?post=33334"}],"curies":[{"name":"wp","href":"https:\/\/api.w.org\/{rel}","templated":true}]}}