{"id":33358,"date":"2026-03-16T19:55:36","date_gmt":"2026-03-16T18:55:36","guid":{"rendered":"https:\/\/27-215.pl\/?post_type=product&#038;p=33358"},"modified":"2026-04-24T11:37:57","modified_gmt":"2026-04-24T09:37:57","slug":"swieca-do-masazu-navel-candle","status":"publish","type":"product","link":"https:\/\/27-215.pl\/index.php\/produkt\/swieca-do-masazu-navel-candle\/","title":{"rendered":"\u015awieca do masa\u017cu &#8211; Navel Candle"},"content":{"rendered":"<p>\u015awieca do masa\u017cu malezyjskiego -zwanego w Polsce  \u015bwiecami do p\u0119pkowania lub \u015bwiecami do brzucha<\/p>\n<p>NAVEL CANDLE z p\u0142\u00f3tna bawe\u0142nianego<\/p>\n<p>d\u0142ugo\u015b\u0107 25cm, czas palenia 13-15min<\/p>\n","protected":false},"excerpt":{"rendered":"<p>\u015awieca do masa\u017cu malezyjskiego -zwanego w Polsce \u015bwiecami do p\u0119pkowania lub \u015bwiecami do brzucha NAVEL CANDLE z p\u0142\u00f3tna bawe\u0142nianego d\u0142ugo\u015b\u0107 25cm, czas palenia 13-15min<\/p>\n","protected":false},"featured_media":33359,"template":"","meta":[],"product_brand":[],"product_cat":[68],"product_tag":[],"class_list":{"0":"post-33358","1":"product","2":"type-product","3":"status-publish","4":"has-post-thumbnail","6":"product_cat-inne-kosmetyki","8":"first","9":"instock","10":"taxable","11":"shipping-taxable","12":"purchasable","13":"product-type-simple"},"_links":{"self":[{"href":"https:\/\/27-215.pl\/index.php\/wp-json\/wp\/v2\/product\/33358","targetHints":{"allow":["GET"]}}],"collection":[{"href":"https:\/\/27-215.pl\/index.php\/wp-json\/wp\/v2\/product"}],"about":[{"href":"https:\/\/27-215.pl\/index.php\/wp-json\/wp\/v2\/types\/product"}],"wp:featuredmedia":[{"embeddable":true,"href":"https:\/\/27-215.pl\/index.php\/wp-json\/wp\/v2\/media\/33359"}],"wp:attachment":[{"href":"https:\/\/27-215.pl\/index.php\/wp-json\/wp\/v2\/media?parent=33358"}],"wp:term":[{"taxonomy":"product_brand","embeddable":true,"href":"https:\/\/27-215.pl\/index.php\/wp-json\/wp\/v2\/product_brand?post=33358"},{"taxonomy":"product_cat","embeddable":true,"href":"https:\/\/27-215.pl\/index.php\/wp-json\/wp\/v2\/product_cat?post=33358"},{"taxonomy":"product_tag","embeddable":true,"href":"https:\/\/27-215.pl\/index.php\/wp-json\/wp\/v2\/product_tag?post=33358"}],"curies":[{"name":"wp","href":"https:\/\/api.w.org\/{rel}","templated":true}]}}