{"id":33382,"date":"2026-03-18T10:50:15","date_gmt":"2026-03-18T09:50:15","guid":{"rendered":"https:\/\/27-215.pl\/?post_type=product&#038;p=33382"},"modified":"2026-04-04T08:55:01","modified_gmt":"2026-04-04T06:55:01","slug":"ul-warszawski-zwykly-lezak-z-nadstawka","status":"publish","type":"product","link":"https:\/\/27-215.pl\/index.php\/produkt\/ul-warszawski-zwykly-lezak-z-nadstawka\/","title":{"rendered":"Ul warszawski zwyk\u0142y le\u017cak z nadstawk\u0105"},"content":{"rendered":"<p>Ul warszawski zwyk\u0142y le\u017cak produkowany jest z drewna lipowego lub sosnowego.<\/p>\n<p>Posiada dwa wylotki oraz daszek kryty blach\u0105.<\/p>\n<p>Dno i dwa boki ocieplone s\u0105 we\u0142n\u0105 mineraln\u0105.<\/p>\n<p>Wykonane s\u0105 drzwiczki do czyszczenia w bocznej \u015bcianie.<\/p>\n<p>&nbsp;<\/p>\n","protected":false},"excerpt":{"rendered":"<p>Ul warszawski zwyk\u0142y le\u017cak produkowany jest z drewna lipowego lub sosnowego. Posiada dwa wylotki oraz daszek kryty blach\u0105. Dno i dwa boki ocieplone s\u0105 we\u0142n\u0105 mineraln\u0105. Wykonane s\u0105 drzwiczki do czyszczenia w bocznej \u015bcianie. &nbsp;<\/p>\n","protected":false},"featured_media":33383,"template":"","meta":[],"product_brand":[84],"product_cat":[40],"product_tag":[],"class_list":{"0":"post-33382","1":"product","2":"type-product","3":"status-publish","4":"has-post-thumbnail","6":"product_brand-sulkowski","7":"product_cat-ule","9":"first","10":"instock","11":"taxable","12":"shipping-taxable","13":"purchasable","14":"product-type-simple"},"_links":{"self":[{"href":"https:\/\/27-215.pl\/index.php\/wp-json\/wp\/v2\/product\/33382","targetHints":{"allow":["GET"]}}],"collection":[{"href":"https:\/\/27-215.pl\/index.php\/wp-json\/wp\/v2\/product"}],"about":[{"href":"https:\/\/27-215.pl\/index.php\/wp-json\/wp\/v2\/types\/product"}],"wp:featuredmedia":[{"embeddable":true,"href":"https:\/\/27-215.pl\/index.php\/wp-json\/wp\/v2\/media\/33383"}],"wp:attachment":[{"href":"https:\/\/27-215.pl\/index.php\/wp-json\/wp\/v2\/media?parent=33382"}],"wp:term":[{"taxonomy":"product_brand","embeddable":true,"href":"https:\/\/27-215.pl\/index.php\/wp-json\/wp\/v2\/product_brand?post=33382"},{"taxonomy":"product_cat","embeddable":true,"href":"https:\/\/27-215.pl\/index.php\/wp-json\/wp\/v2\/product_cat?post=33382"},{"taxonomy":"product_tag","embeddable":true,"href":"https:\/\/27-215.pl\/index.php\/wp-json\/wp\/v2\/product_tag?post=33382"}],"curies":[{"name":"wp","href":"https:\/\/api.w.org\/{rel}","templated":true}]}}