{"id":33386,"date":"2026-03-18T11:00:00","date_gmt":"2026-03-18T10:00:00","guid":{"rendered":"https:\/\/27-215.pl\/?post_type=product&#038;p=33386"},"modified":"2026-04-04T08:55:02","modified_gmt":"2026-04-04T06:55:02","slug":"ul-wielkopolski-10r-burnat","status":"publish","type":"product","link":"https:\/\/27-215.pl\/index.php\/produkt\/ul-wielkopolski-10r-burnat\/","title":{"rendered":"Ul wielkopolski 10R &#8211; Burnat"},"content":{"rendered":"<p>Styropian jest materia\u0142em lekkim, ale wytrzyma\u0142ym. Ule z niego wykonane w pe\u0142ni nadaj\u0105 si\u0119 zatem do przewozu i pod tym wzgl\u0119dem nie odbiegaj\u0105 cechami od uli poliuretanowych.<br \/>\nLekko\u015b\u0107 materia\u0142u to tak\u017ce cecha dla os\u00f3b starszych czy s\u0142abszych fizycznie.<\/p>\n<p>W sk\u0142ad zestawu wchodzi:<\/p>\n<ul>\n<li>1 x dennica higieniczna<\/li>\n<li>2 x korpus<\/li>\n<li>1 x p\u00f3\u0142nadstawka (p\u00f3\u0142korpus, korpus 1\/2)<\/li>\n<li>1 x powa\u0142ka<\/li>\n<li>1 x daszek wysoki<\/li>\n<\/ul>\n","protected":false},"excerpt":{"rendered":"<p>Styropian jest materia\u0142em lekkim, ale wytrzyma\u0142ym. Ule z niego wykonane w pe\u0142ni nadaj\u0105 si\u0119 zatem do przewozu i pod tym wzgl\u0119dem nie odbiegaj\u0105 cechami od uli poliuretanowych. Lekko\u015b\u0107 materia\u0142u to tak\u017ce cecha dla os\u00f3b starszych czy s\u0142abszych fizycznie. W sk\u0142ad zestawu wchodzi: 1 x dennica higieniczna 2 x korpus 1 x p\u00f3\u0142nadstawka (p\u00f3\u0142korpus, korpus 1\/2) [&hellip;]<\/p>\n","protected":false},"featured_media":33387,"template":"","meta":[],"product_brand":[85],"product_cat":[40],"product_tag":[],"class_list":{"0":"post-33386","1":"product","2":"type-product","3":"status-publish","4":"has-post-thumbnail","6":"product_brand-burnat","7":"product_cat-ule","9":"first","10":"instock","11":"taxable","12":"shipping-taxable","13":"purchasable","14":"product-type-simple"},"_links":{"self":[{"href":"https:\/\/27-215.pl\/index.php\/wp-json\/wp\/v2\/product\/33386","targetHints":{"allow":["GET"]}}],"collection":[{"href":"https:\/\/27-215.pl\/index.php\/wp-json\/wp\/v2\/product"}],"about":[{"href":"https:\/\/27-215.pl\/index.php\/wp-json\/wp\/v2\/types\/product"}],"wp:featuredmedia":[{"embeddable":true,"href":"https:\/\/27-215.pl\/index.php\/wp-json\/wp\/v2\/media\/33387"}],"wp:attachment":[{"href":"https:\/\/27-215.pl\/index.php\/wp-json\/wp\/v2\/media?parent=33386"}],"wp:term":[{"taxonomy":"product_brand","embeddable":true,"href":"https:\/\/27-215.pl\/index.php\/wp-json\/wp\/v2\/product_brand?post=33386"},{"taxonomy":"product_cat","embeddable":true,"href":"https:\/\/27-215.pl\/index.php\/wp-json\/wp\/v2\/product_cat?post=33386"},{"taxonomy":"product_tag","embeddable":true,"href":"https:\/\/27-215.pl\/index.php\/wp-json\/wp\/v2\/product_tag?post=33386"}],"curies":[{"name":"wp","href":"https:\/\/api.w.org\/{rel}","templated":true}]}}