{"id":33524,"date":"2026-04-14T16:49:32","date_gmt":"2026-04-14T14:49:32","guid":{"rendered":"https:\/\/27-215.pl\/?post_type=product&#038;p=33524"},"modified":"2026-04-17T08:08:27","modified_gmt":"2026-04-17T06:08:27","slug":"chwytak-do-lapania-matki-pszczelej","status":"publish","type":"product","link":"https:\/\/27-215.pl\/index.php\/produkt\/chwytak-do-lapania-matki-pszczelej\/","title":{"rendered":"Chwytak do bezpiecznego przechwytywania matki pszczelej"},"content":{"rendered":"<p data-start=\"0\" data-end=\"46\"><strong data-start=\"0\" data-end=\"46\">Chwytacz do matek pszczelich o przejrzystej konstrukcji<\/strong><\/p>\n<p data-start=\"48\" data-end=\"247\">Zaprojektowany z my\u015bl\u0105 o precyzyjnej pracy w pasiece, ten funkcjonalny i bezpieczny chwytacz do matek pszczelich zosta\u0142 wykonany z lekkiego, trwa\u0142ego tworzywa, co zapewnia wygod\u0119 u\u017cytkowania oraz d\u0142ug\u0105 \u017cywotno\u015b\u0107.<\/p>\n<p data-start=\"249\" data-end=\"480\">Dzi\u0119ki przejrzystej konstrukcji, mo\u017cliwa jest pe\u0142na kontrola podczas chwytania kr\u00f3lowej, co minimalizuje ryzyko uszkodze\u0144 i ogranicza stres owada. Ergonomiczny kszta\u0142t umo\u017cliwia bezpieczn\u0105 obs\u0142ug\u0119 jedn\u0105 r\u0119k\u0105.<\/p>\n<p data-start=\"482\" data-end=\"506\"><strong data-start=\"482\" data-end=\"506\">G\u0142\u00f3wne zalety:<\/strong><\/p>\n<ul data-start=\"507\" data-end=\"732\">\n<li data-section-id=\"yi82o4\" data-start=\"507\" data-end=\"554\">wysoka przejrzysto\u015b\u0107 zapewniaj\u0105ca lepsz\u0105 widoczno\u015b\u0107,<\/li>\n<li data-section-id=\"17xz8dd\" data-start=\"595\" data-end=\"625\">konstrukcja lekka i wygodna w u\u017cyciu,<\/li>\n<li data-section-id=\"1la0ets\" data-start=\"626\" data-end=\"670\">wytrzyma\u0142y materia\u0142, \u0142atwy do czyszczenia,<\/li>\n<li data-section-id=\"nmlhn\" data-start=\"671\" data-end=\"732\">obs\u0142uga intuicyjna, odpowiednia dla pocz\u0105tkuj\u0105cych i profesjonalist\u00f3w.<\/li>\n<\/ul>\n<p data-start=\"734\" data-end=\"859\"><strong data-start=\"734\" data-end=\"751\">Stosowanie:<\/strong><br \/>\nIdealny do pracy z matkami pszczelimi, w tym do chwytania, przenoszenia i znakowania podczas przegl\u0105d\u00f3w i podmian.<\/p>\n","protected":false},"excerpt":{"rendered":"<p>Chwytacz do matek pszczelich o przejrzystej konstrukcji Zaprojektowany z my\u015bl\u0105 o precyzyjnej pracy w pasiece, ten funkcjonalny i bezpieczny chwytacz do matek pszczelich zosta\u0142 wykonany z lekkiego, trwa\u0142ego tworzywa, co zapewnia wygod\u0119 u\u017cytkowania oraz d\u0142ug\u0105 \u017cywotno\u015b\u0107. Dzi\u0119ki przejrzystej konstrukcji, mo\u017cliwa jest pe\u0142na kontrola podczas chwytania kr\u00f3lowej, co minimalizuje ryzyko uszkodze\u0144 i ogranicza stres owada. Ergonomiczny [&hellip;]<\/p>\n","protected":false},"featured_media":33535,"template":"","meta":[],"product_brand":[],"product_cat":[61],"product_tag":[],"class_list":{"0":"post-33524","1":"product","2":"type-product","3":"status-publish","4":"has-post-thumbnail","6":"product_cat-inny","8":"first","9":"instock","10":"taxable","11":"shipping-taxable","12":"purchasable","13":"product-type-simple"},"_links":{"self":[{"href":"https:\/\/27-215.pl\/index.php\/wp-json\/wp\/v2\/product\/33524","targetHints":{"allow":["GET"]}}],"collection":[{"href":"https:\/\/27-215.pl\/index.php\/wp-json\/wp\/v2\/product"}],"about":[{"href":"https:\/\/27-215.pl\/index.php\/wp-json\/wp\/v2\/types\/product"}],"wp:featuredmedia":[{"embeddable":true,"href":"https:\/\/27-215.pl\/index.php\/wp-json\/wp\/v2\/media\/33535"}],"wp:attachment":[{"href":"https:\/\/27-215.pl\/index.php\/wp-json\/wp\/v2\/media?parent=33524"}],"wp:term":[{"taxonomy":"product_brand","embeddable":true,"href":"https:\/\/27-215.pl\/index.php\/wp-json\/wp\/v2\/product_brand?post=33524"},{"taxonomy":"product_cat","embeddable":true,"href":"https:\/\/27-215.pl\/index.php\/wp-json\/wp\/v2\/product_cat?post=33524"},{"taxonomy":"product_tag","embeddable":true,"href":"https:\/\/27-215.pl\/index.php\/wp-json\/wp\/v2\/product_tag?post=33524"}],"curies":[{"name":"wp","href":"https:\/\/api.w.org\/{rel}","templated":true}]}}