{"id":33526,"date":"2026-04-14T16:52:12","date_gmt":"2026-04-14T14:52:12","guid":{"rendered":"https:\/\/27-215.pl\/?post_type=product&#038;p=33526"},"modified":"2026-04-14T17:04:14","modified_gmt":"2026-04-14T15:04:14","slug":"karbownik-i-napinacz-drutu-do-ramek-pszczelich","status":"publish","type":"product","link":"https:\/\/27-215.pl\/index.php\/produkt\/karbownik-i-napinacz-drutu-do-ramek-pszczelich\/","title":{"rendered":"Karbownik i napinacz drutu do ramek pszczelich"},"content":{"rendered":"<p data-start=\"52\" data-end=\"258\">Funkcjonalne narz\u0119dzie do szybkiego napinania i karbowania drutu w ramkach pszczelich. Umo\u017cliwia uzyskanie odpowiedniego napi\u0119cia oraz poprawia przyczepno\u015b\u0107 w\u0119zy, co wp\u0142ywa na trwa\u0142o\u015b\u0107 i stabilno\u015b\u0107 plastra.<\/p>\n<p data-start=\"260\" data-end=\"458\">Dzi\u0119ki lekkiej, solidnej konstrukcji z tworzywa oraz precyzyjnym k\u00f3\u0142kom z\u0119batym praca jest wygodna i efektywna. Narz\u0119dzie pozwala ograniczy\u0107 czas przygotowania ramek i zwi\u0119ksza jako\u015b\u0107 ich wykonania.<\/p>\n","protected":false},"excerpt":{"rendered":"<p>Funkcjonalne narz\u0119dzie do szybkiego napinania i karbowania drutu w ramkach pszczelich. Umo\u017cliwia uzyskanie odpowiedniego napi\u0119cia oraz poprawia przyczepno\u015b\u0107 w\u0119zy, co wp\u0142ywa na trwa\u0142o\u015b\u0107 i stabilno\u015b\u0107 plastra. Dzi\u0119ki lekkiej, solidnej konstrukcji z tworzywa oraz precyzyjnym k\u00f3\u0142kom z\u0119batym praca jest wygodna i efektywna. Narz\u0119dzie pozwala ograniczy\u0107 czas przygotowania ramek i zwi\u0119ksza jako\u015b\u0107 ich wykonania.<\/p>\n","protected":false},"featured_media":33527,"template":"","meta":[],"product_brand":[],"product_cat":[55],"product_tag":[],"class_list":{"0":"post-33526","1":"product","2":"type-product","3":"status-publish","4":"has-post-thumbnail","6":"product_cat-ramki","8":"first","9":"instock","10":"taxable","11":"shipping-taxable","12":"purchasable","13":"product-type-simple"},"_links":{"self":[{"href":"https:\/\/27-215.pl\/index.php\/wp-json\/wp\/v2\/product\/33526","targetHints":{"allow":["GET"]}}],"collection":[{"href":"https:\/\/27-215.pl\/index.php\/wp-json\/wp\/v2\/product"}],"about":[{"href":"https:\/\/27-215.pl\/index.php\/wp-json\/wp\/v2\/types\/product"}],"wp:featuredmedia":[{"embeddable":true,"href":"https:\/\/27-215.pl\/index.php\/wp-json\/wp\/v2\/media\/33527"}],"wp:attachment":[{"href":"https:\/\/27-215.pl\/index.php\/wp-json\/wp\/v2\/media?parent=33526"}],"wp:term":[{"taxonomy":"product_brand","embeddable":true,"href":"https:\/\/27-215.pl\/index.php\/wp-json\/wp\/v2\/product_brand?post=33526"},{"taxonomy":"product_cat","embeddable":true,"href":"https:\/\/27-215.pl\/index.php\/wp-json\/wp\/v2\/product_cat?post=33526"},{"taxonomy":"product_tag","embeddable":true,"href":"https:\/\/27-215.pl\/index.php\/wp-json\/wp\/v2\/product_tag?post=33526"}],"curies":[{"name":"wp","href":"https:\/\/api.w.org\/{rel}","templated":true}]}}