{"id":33627,"date":"2026-04-24T11:17:46","date_gmt":"2026-04-24T09:17:46","guid":{"rendered":"https:\/\/27-215.pl\/?post_type=product&#038;p=33627"},"modified":"2026-04-24T11:38:00","modified_gmt":"2026-04-24T09:38:00","slug":"apiarom-250ml","status":"publish","type":"product","link":"https:\/\/27-215.pl\/index.php\/produkt\/apiarom-250ml\/","title":{"rendered":"Apiarom 250ml"},"content":{"rendered":"<p data-start=\"298\" data-end=\"604\"><strong data-start=\"298\" data-end=\"316\">Apiarom 250 ml<\/strong>\u00a0to specjalistyczny \u015brodek pszczelarski oparty na naturalnych olejkach eterycznych, stworzony z my\u015bl\u0105 o\u00a0<strong data-start=\"420\" data-end=\"462\">bezpiecznym \u0142\u0105czeniu rodzin pszczelich<\/strong>\u00a0oraz\u00a0<strong data-start=\"468\" data-end=\"488\">poddawaniu matek<\/strong>. Dzi\u0119ki intensywnemu zapachowi maskuje zapachy feromon\u00f3w, zmniejszaj\u0105c agresj\u0119 pszcz\u00f3\u0142 i u\u0142atwiaj\u0105c ich akceptacj\u0119.<\/p>\n<p data-start=\"606\" data-end=\"834\"><img decoding=\"async\" class=\"emoji\" role=\"img\" draggable=\"false\" src=\"https:\/\/s.w.org\/images\/core\/emoji\/17.0.2\/svg\/2705.svg\" alt=\"\u2705\" \/>\u00a0<strong data-start=\"608\" data-end=\"648\">Do \u0142\u0105czenia rodzin bez walki i strat<\/strong><br data-start=\"648\" data-end=\"651\" \/><img decoding=\"async\" class=\"emoji\" role=\"img\" draggable=\"false\" src=\"https:\/\/s.w.org\/images\/core\/emoji\/17.0.2\/svg\/2705.svg\" alt=\"\u2705\" \/>\u00a0<strong data-start=\"653\" data-end=\"686\">U\u0142atwia przyj\u0119cie nowej matki<\/strong>\u00a0przez robotnice<br data-start=\"702\" data-end=\"705\" \/><img decoding=\"async\" class=\"emoji\" role=\"img\" draggable=\"false\" src=\"https:\/\/s.w.org\/images\/core\/emoji\/17.0.2\/svg\/2705.svg\" alt=\"\u2705\" \/>\u00a0<strong data-start=\"707\" data-end=\"751\">Na bazie naturalnych olejk\u00f3w eterycznych<\/strong>\u00a0\u2013 bezpieczny i skuteczny<br data-start=\"776\" data-end=\"779\" \/><img decoding=\"async\" class=\"emoji\" role=\"img\" draggable=\"false\" src=\"https:\/\/s.w.org\/images\/core\/emoji\/17.0.2\/svg\/2705.svg\" alt=\"\u2705\" \/>\u00a0<strong data-start=\"781\" data-end=\"801\">\u0141atwe stosowanie<\/strong>\u00a0\u2013 rozpyli\u0107 na pszczo\u0142y lub ramki<\/p>\n<p data-start=\"841\" data-end=\"860\"><strong data-start=\"841\" data-end=\"858\">Zastosowanie:<\/strong><\/p>\n<ul data-start=\"861\" data-end=\"997\">\n<li data-start=\"861\" data-end=\"914\">\n<p data-start=\"863\" data-end=\"914\">\u0142\u0105czenie rodzin pszczelich<\/p>\n<\/li>\n<li data-start=\"915\" data-end=\"957\">\n<p data-start=\"917\" data-end=\"957\">bezpieczne poddawanie matek pszczelich<\/p>\n<\/li>\n<li data-start=\"958\" data-end=\"997\">\n<p data-start=\"960\" data-end=\"997\">zmniejszenie napi\u0119cia i agresji w ulu<\/p>\n<\/li>\n<\/ul>\n","protected":false},"excerpt":{"rendered":"<p>Apiarom 250 ml\u00a0to specjalistyczny \u015brodek pszczelarski oparty na naturalnych olejkach eterycznych, stworzony z my\u015bl\u0105 o\u00a0bezpiecznym \u0142\u0105czeniu rodzin pszczelich\u00a0oraz\u00a0poddawaniu matek. Dzi\u0119ki intensywnemu zapachowi maskuje zapachy feromon\u00f3w, zmniejszaj\u0105c agresj\u0119 pszcz\u00f3\u0142 i u\u0142atwiaj\u0105c ich akceptacj\u0119. \u00a0Do \u0142\u0105czenia rodzin bez walki i strat\u00a0U\u0142atwia przyj\u0119cie nowej matki\u00a0przez robotnice\u00a0Na bazie naturalnych olejk\u00f3w eterycznych\u00a0\u2013 bezpieczny i skuteczny\u00a0\u0141atwe stosowanie\u00a0\u2013 rozpyli\u0107 na pszczo\u0142y lub [&hellip;]<\/p>\n","protected":false},"featured_media":33628,"template":"","meta":[],"product_brand":[],"product_cat":[36],"product_tag":[],"class_list":{"0":"post-33627","1":"product","2":"type-product","3":"status-publish","4":"has-post-thumbnail","6":"product_cat-chemia-pszczelarska","8":"first","9":"instock","10":"taxable","11":"shipping-taxable","12":"purchasable","13":"product-type-simple"},"_links":{"self":[{"href":"https:\/\/27-215.pl\/index.php\/wp-json\/wp\/v2\/product\/33627","targetHints":{"allow":["GET"]}}],"collection":[{"href":"https:\/\/27-215.pl\/index.php\/wp-json\/wp\/v2\/product"}],"about":[{"href":"https:\/\/27-215.pl\/index.php\/wp-json\/wp\/v2\/types\/product"}],"wp:featuredmedia":[{"embeddable":true,"href":"https:\/\/27-215.pl\/index.php\/wp-json\/wp\/v2\/media\/33628"}],"wp:attachment":[{"href":"https:\/\/27-215.pl\/index.php\/wp-json\/wp\/v2\/media?parent=33627"}],"wp:term":[{"taxonomy":"product_brand","embeddable":true,"href":"https:\/\/27-215.pl\/index.php\/wp-json\/wp\/v2\/product_brand?post=33627"},{"taxonomy":"product_cat","embeddable":true,"href":"https:\/\/27-215.pl\/index.php\/wp-json\/wp\/v2\/product_cat?post=33627"},{"taxonomy":"product_tag","embeddable":true,"href":"https:\/\/27-215.pl\/index.php\/wp-json\/wp\/v2\/product_tag?post=33627"}],"curies":[{"name":"wp","href":"https:\/\/api.w.org\/{rel}","templated":true}]}}