{"id":33629,"date":"2026-04-28T10:44:24","date_gmt":"2026-04-28T08:44:24","guid":{"rendered":"https:\/\/27-215.pl\/?post_type=product&#038;p=33629"},"modified":"2026-04-28T10:44:24","modified_gmt":"2026-04-28T08:44:24","slug":"paliwo-do-podkurzacza-prasowane-wiory","status":"publish","type":"product","link":"https:\/\/27-215.pl\/index.php\/produkt\/paliwo-do-podkurzacza-prasowane-wiory\/","title":{"rendered":"Paliwo do podkurzacza, prasowane wi\u00f3ry"},"content":{"rendered":"<p>Drewniane wi\u00f3ry drzew li\u015bciastych sprasowane w posta\u0107 kr\u0105\u017ck\u00f3w, \u015bwietnie nadaje si\u0119 do ka\u017cdego typu podkurzacza.<\/p>\n<p>Opakowanie 0.4 kg<\/p>\n","protected":false},"excerpt":{"rendered":"<p>Drewniane wi\u00f3ry drzew li\u015bciastych sprasowane w posta\u0107 kr\u0105\u017ck\u00f3w, \u015bwietnie nadaje si\u0119 do ka\u017cdego typu podkurzacza. Opakowanie 0.4 kg<\/p>\n","protected":false},"featured_media":33630,"template":"","meta":[],"product_brand":[],"product_cat":[66],"product_tag":[],"class_list":{"0":"post-33629","1":"product","2":"type-product","3":"status-publish","4":"has-post-thumbnail","6":"product_cat-odymiacze","8":"first","9":"outofstock","10":"taxable","11":"shipping-taxable","12":"purchasable","13":"product-type-simple"},"_links":{"self":[{"href":"https:\/\/27-215.pl\/index.php\/wp-json\/wp\/v2\/product\/33629","targetHints":{"allow":["GET"]}}],"collection":[{"href":"https:\/\/27-215.pl\/index.php\/wp-json\/wp\/v2\/product"}],"about":[{"href":"https:\/\/27-215.pl\/index.php\/wp-json\/wp\/v2\/types\/product"}],"wp:featuredmedia":[{"embeddable":true,"href":"https:\/\/27-215.pl\/index.php\/wp-json\/wp\/v2\/media\/33630"}],"wp:attachment":[{"href":"https:\/\/27-215.pl\/index.php\/wp-json\/wp\/v2\/media?parent=33629"}],"wp:term":[{"taxonomy":"product_brand","embeddable":true,"href":"https:\/\/27-215.pl\/index.php\/wp-json\/wp\/v2\/product_brand?post=33629"},{"taxonomy":"product_cat","embeddable":true,"href":"https:\/\/27-215.pl\/index.php\/wp-json\/wp\/v2\/product_cat?post=33629"},{"taxonomy":"product_tag","embeddable":true,"href":"https:\/\/27-215.pl\/index.php\/wp-json\/wp\/v2\/product_tag?post=33629"}],"curies":[{"name":"wp","href":"https:\/\/api.w.org\/{rel}","templated":true}]}}