{"id":33631,"date":"2026-04-28T10:48:27","date_gmt":"2026-04-28T08:48:27","guid":{"rendered":"https:\/\/27-215.pl\/?post_type=product&#038;p=33631"},"modified":"2026-04-28T10:48:35","modified_gmt":"2026-04-28T08:48:35","slug":"dennica-higieniczna-wielkopolska-10r-plastikowa","status":"publish","type":"product","link":"https:\/\/27-215.pl\/index.php\/produkt\/dennica-higieniczna-wielkopolska-10r-plastikowa\/","title":{"rendered":"Dennica higieniczna wielkopolska 10R Plastikowa"},"content":{"rendered":"<p data-start=\"0\" data-end=\"543\">Dennica plastikowa wielkopolska umo\u017cliwia kontrol\u0119 osypu paso\u017cyt\u00f3w <em data-start=\"67\" data-end=\"86\">Varroa destructor<\/em>, co pozwala na skuteczny monitoring stopnia pora\u017cenia rodzin pszczelich warroz\u0105. Jej budowa obejmuje siatk\u0119 oraz wysuwan\u0105 szuflad\u0119. Zanieczyszczenia i paso\u017cyty opadaj\u0105 przez siatk\u0119 bezpo\u015brednio do szuflady, natomiast jej oczka s\u0105 na tyle drobne, \u017ce uniemo\u017cliwiaj\u0105 pszczo\u0142om kontakt z nagromadzonymi tam nieczysto\u015bciami. Dzi\u0119ki temu mo\u017cna precyzyjnie oceni\u0107 poziom pora\u017cenia bez ingerencji w gniazdo \u2013 wystarczy wysun\u0105\u0107 szuflad\u0119 i policzy\u0107 osypane paso\u017cyty.<\/p>\n<p data-start=\"545\" data-end=\"701\">Dennica wykonana z tworzywa sztucznego jest \u0142atwa do utrzymania w czysto\u015bci \u2013 mo\u017cna j\u0105 my\u0107 myjk\u0105 ci\u015bnieniow\u0105 oraz dezynfekowa\u0107 przy u\u017cyciu sody kaustycznej.<\/p>\n<p data-start=\"703\" data-end=\"955\">Materia\u0142 u\u017cyty do produkcji cechuje si\u0119 wysok\u0105 trwa\u0142o\u015bci\u0105, odporno\u015bci\u0105 na uszkodzenia mechaniczne, zgryzanie oraz dzia\u0142anie czynnik\u00f3w atmosferycznych. Dzi\u0119ki temu dennica sprawdza si\u0119 r\u00f3wnie\u017c przy intensywnej eksploatacji, w tym w pasiekach w\u0119drownych.<\/p>\n<p data-start=\"957\" data-end=\"1168\">Konstrukcja zapewnia odpowiedni\u0105 wentylacj\u0119 ula, z mo\u017cliwo\u015bci\u0105 jej regulacji za pomoc\u0105 zasuwki oraz wysuwanej szuflady, co pomaga ograniczy\u0107 nadmiern\u0105 wilgo\u0107. Produkt dobrze sprawdza si\u0119 tak\u017ce w okresie zimowli.<\/p>\n<p data-start=\"1170\" data-end=\"1334\" data-is-last-node=\"\" data-is-only-node=\"\">Dennica plastikowa wielkopolska to rozwi\u0105zanie uniwersalne \u2013 usprawnia prac\u0119 w pasiece, zwi\u0119ksza jej efektywno\u015b\u0107 oraz pozwala oszcz\u0119dza\u0107 czas i koszty eksploatacji.<\/p>\n","protected":false},"excerpt":{"rendered":"<p>Dennica plastikowa wielkopolska umo\u017cliwia kontrol\u0119 osypu paso\u017cyt\u00f3w Varroa destructor, co pozwala na skuteczny monitoring stopnia pora\u017cenia rodzin pszczelich warroz\u0105. Jej budowa obejmuje siatk\u0119 oraz wysuwan\u0105 szuflad\u0119. Zanieczyszczenia i paso\u017cyty opadaj\u0105 przez siatk\u0119 bezpo\u015brednio do szuflady, natomiast jej oczka s\u0105 na tyle drobne, \u017ce uniemo\u017cliwiaj\u0105 pszczo\u0142om kontakt z nagromadzonymi tam nieczysto\u015bciami. Dzi\u0119ki temu mo\u017cna precyzyjnie oceni\u0107 [&hellip;]<\/p>\n","protected":false},"featured_media":33632,"template":"","meta":[],"product_brand":[],"product_cat":[87],"product_tag":[],"class_list":{"0":"post-33631","1":"product","2":"type-product","3":"status-publish","4":"has-post-thumbnail","6":"product_cat-dennice","8":"first","9":"outofstock","10":"taxable","11":"shipping-taxable","12":"purchasable","13":"product-type-simple"},"_links":{"self":[{"href":"https:\/\/27-215.pl\/index.php\/wp-json\/wp\/v2\/product\/33631","targetHints":{"allow":["GET"]}}],"collection":[{"href":"https:\/\/27-215.pl\/index.php\/wp-json\/wp\/v2\/product"}],"about":[{"href":"https:\/\/27-215.pl\/index.php\/wp-json\/wp\/v2\/types\/product"}],"wp:featuredmedia":[{"embeddable":true,"href":"https:\/\/27-215.pl\/index.php\/wp-json\/wp\/v2\/media\/33632"}],"wp:attachment":[{"href":"https:\/\/27-215.pl\/index.php\/wp-json\/wp\/v2\/media?parent=33631"}],"wp:term":[{"taxonomy":"product_brand","embeddable":true,"href":"https:\/\/27-215.pl\/index.php\/wp-json\/wp\/v2\/product_brand?post=33631"},{"taxonomy":"product_cat","embeddable":true,"href":"https:\/\/27-215.pl\/index.php\/wp-json\/wp\/v2\/product_cat?post=33631"},{"taxonomy":"product_tag","embeddable":true,"href":"https:\/\/27-215.pl\/index.php\/wp-json\/wp\/v2\/product_tag?post=33631"}],"curies":[{"name":"wp","href":"https:\/\/api.w.org\/{rel}","templated":true}]}}