{"id":33633,"date":"2026-04-28T10:55:06","date_gmt":"2026-04-28T08:55:06","guid":{"rendered":"https:\/\/27-215.pl\/?post_type=product&#038;p=33633"},"modified":"2026-04-28T10:55:32","modified_gmt":"2026-04-28T08:55:32","slug":"daszek-niski-wielkopolski-10r-lyson","status":"publish","type":"product","link":"https:\/\/27-215.pl\/index.php\/produkt\/daszek-niski-wielkopolski-10r-lyson\/","title":{"rendered":"Daszek niski wielkopolski 10R \u0141yso\u0144"},"content":{"rendered":"<p data-start=\"0\" data-end=\"268\">Malowany daszek niski z wentylacj\u0105 do ula wielkopolskiego\/Ostrowskiej, wykonany ze styropianu. Lekki, a jednocze\u015bnie trwa\u0142y i odporny na dzia\u0142anie s\u0142o\u0144ca, wilgoci oraz mrozu. Zapewnia bardzo dobr\u0105 izolacj\u0119 ciepln\u0105 i d\u017awi\u0119kow\u0105, wspieraj\u0105c stabilne warunki wewn\u0105trz ula.<\/p>\n<p data-start=\"270\" data-end=\"529\">Wyposa\u017cony w 4 otwory wentylacyjne o wymiarach zgodnych z korpusami, co umo\u017cliwia \u0142atw\u0105 regulacj\u0119 wentylacji przy u\u017cyciu standardowych kork\u00f3w. Daszek pe\u0142ni r\u00f3wnie\u017c funkcj\u0119 okapu \u2013 jego wi\u0119ksze wymiary zewn\u0119trzne chroni\u0105 ul przed wnikaniem wody podczas opad\u00f3w.<\/p>\n<p data-start=\"531\" data-end=\"807\" data-is-last-node=\"\" data-is-only-node=\"\">P\u0142aska konstrukcja u\u0142atwia prac\u0119 w pasiece (mo\u017cliwo\u015b\u0107 odk\u0142adania narz\u0119dzi lub korpus\u00f3w) oraz przechowywanie. Dzi\u0119ki niewielkiej wadze zwi\u0119ksza komfort u\u017cytkowania podczas przegl\u0105d\u00f3w. Produkt jest pomalowany farb\u0105 ochronn\u0105, gotowy do u\u017cycia i nie wymaga dodatkowej konserwacji.<\/p>\n","protected":false},"excerpt":{"rendered":"<p>Malowany daszek niski z wentylacj\u0105 do ula wielkopolskiego\/Ostrowskiej, wykonany ze styropianu. Lekki, a jednocze\u015bnie trwa\u0142y i odporny na dzia\u0142anie s\u0142o\u0144ca, wilgoci oraz mrozu. Zapewnia bardzo dobr\u0105 izolacj\u0119 ciepln\u0105 i d\u017awi\u0119kow\u0105, wspieraj\u0105c stabilne warunki wewn\u0105trz ula. Wyposa\u017cony w 4 otwory wentylacyjne o wymiarach zgodnych z korpusami, co umo\u017cliwia \u0142atw\u0105 regulacj\u0119 wentylacji przy u\u017cyciu standardowych kork\u00f3w. Daszek [&hellip;]<\/p>\n","protected":false},"featured_media":33634,"template":"","meta":[],"product_brand":[],"product_cat":[88],"product_tag":[],"class_list":{"0":"post-33633","1":"product","2":"type-product","3":"status-publish","4":"has-post-thumbnail","6":"product_cat-daszki","7":"product_shipping_class-brak-wysylki","9":"first","10":"outofstock","11":"taxable","12":"shipping-taxable","13":"purchasable","14":"product-type-simple"},"_links":{"self":[{"href":"https:\/\/27-215.pl\/index.php\/wp-json\/wp\/v2\/product\/33633","targetHints":{"allow":["GET"]}}],"collection":[{"href":"https:\/\/27-215.pl\/index.php\/wp-json\/wp\/v2\/product"}],"about":[{"href":"https:\/\/27-215.pl\/index.php\/wp-json\/wp\/v2\/types\/product"}],"wp:featuredmedia":[{"embeddable":true,"href":"https:\/\/27-215.pl\/index.php\/wp-json\/wp\/v2\/media\/33634"}],"wp:attachment":[{"href":"https:\/\/27-215.pl\/index.php\/wp-json\/wp\/v2\/media?parent=33633"}],"wp:term":[{"taxonomy":"product_brand","embeddable":true,"href":"https:\/\/27-215.pl\/index.php\/wp-json\/wp\/v2\/product_brand?post=33633"},{"taxonomy":"product_cat","embeddable":true,"href":"https:\/\/27-215.pl\/index.php\/wp-json\/wp\/v2\/product_cat?post=33633"},{"taxonomy":"product_tag","embeddable":true,"href":"https:\/\/27-215.pl\/index.php\/wp-json\/wp\/v2\/product_tag?post=33633"}],"curies":[{"name":"wp","href":"https:\/\/api.w.org\/{rel}","templated":true}]}}