{"id":33647,"date":"2026-05-08T14:44:50","date_gmt":"2026-05-08T12:44:50","guid":{"rendered":"https:\/\/27-215.pl\/?post_type=product&#038;p=33647"},"modified":"2026-05-12T15:07:19","modified_gmt":"2026-05-12T13:07:19","slug":"topiarka-sloneczna","status":"publish","type":"product","link":"https:\/\/27-215.pl\/index.php\/produkt\/topiarka-sloneczna\/","title":{"rendered":"Topiarka s\u0142oneczna"},"content":{"rendered":"<p data-start=\"1797\" data-end=\"2098\"><strong data-start=\"1797\" data-end=\"1848\">Topiarka s\u0142oneczna pszczelarska do wytopu wosku<\/strong> to niezawodne wyposa\u017cenie pasieki, kt\u00f3re pozwala wykorzysta\u0107 energi\u0119 s\u0142oneczn\u0105 do topienia wosku z ramek i woskowiny. Dzi\u0119ki uniwersalnej konstrukcji urz\u0105dzenie jest dostosowane do r\u00f3\u017cnych typ\u00f3w ramek, a jednorazowo mie\u015bci <strong data-start=\"2072\" data-end=\"2097\">4 ramki wielkopolskie<\/strong>.<\/p>\n<p data-start=\"2100\" data-end=\"2350\">Model ma wymiary zewn\u0119trzne <strong data-start=\"2128\" data-end=\"2142\">54 x 73 cm<\/strong> i zosta\u0142 wykonany z materia\u0142\u00f3w dobranych pod k\u0105tem trwa\u0142o\u015bci oraz efektywnego nagrzewania. Szczelna budowa pozwala szybko uzyska\u0107 wysok\u0105 temperatur\u0119 wewn\u0105trz topiarki i ogranicza utrat\u0119 ciep\u0142a podczas pracy.<\/p>\n<p data-start=\"2352\" data-end=\"2677\">Pokrywa zosta\u0142a wyposa\u017cona w szyb\u0119 z <strong data-start=\"2389\" data-end=\"2415\">poliw\u0119glanu komorowego<\/strong>, osadzon\u0105 w drewnianej ramie. Poliw\u0119glan jest odporny na uszkodzenia mechaniczne i nie t\u0142ucze si\u0119 jak szk\u0142o, co zwi\u0119ksza bezpiecze\u0144stwo u\u017cytkowania. Materia\u0142 ten pomaga osi\u0105gn\u0105\u0107 odpowiednie warunki do skutecznego wytapiania wosku za pomoc\u0105 promieni s\u0142onecznych.<\/p>\n<p data-start=\"2679\" data-end=\"3053\">\u015arodek topiarki wykonany jest z <strong data-start=\"2711\" data-end=\"2746\">lustrzanej blachy kwasoodpornej<\/strong>, kt\u00f3ra dobrze sprawdza si\u0119 przy kontakcie z woskiem i u\u0142atwia czyszczenie po zako\u0144czonej pracy. Wewn\u0105trz znajduje si\u0119 metalowa kratka, kt\u00f3rej zadaniem jest zatrzymywanie zanieczyszcze\u0144 oraz oddzielenie ramek z woskowin\u0105 od wanienki, do kt\u00f3rej sp\u0142ywa czysty wosk. Topiarka posiada tak\u017ce praktyczn\u0105 rynienk\u0119.<\/p>\n<p data-start=\"3055\" data-end=\"3236\">Zewn\u0119trzna cz\u0119\u015b\u0107 urz\u0105dzenia wykonana zosta\u0142a ze <strong data-start=\"3103\" data-end=\"3145\">sklejki wodoodpornej szalunkowej 18 mm<\/strong>, zapewniaj\u0105cej wysok\u0105 odporno\u015b\u0107 i d\u0142ug\u0105 \u017cywotno\u015b\u0107. Waga topiarki wynosi oko\u0142o <strong data-start=\"3224\" data-end=\"3235\">11,5 kg<\/strong>.<\/p>\n<p data-start=\"3238\" data-end=\"3427\" data-is-last-node=\"\" data-is-only-node=\"\">To bardzo trwa\u0142a i solidna topiarka s\u0142oneczna do pasieki, przeznaczona dla pszczelarzy, kt\u00f3rzy ceni\u0105 prost\u0105 obs\u0142ug\u0119, szczelno\u015b\u0107, bezpiecze\u0144stwo oraz skuteczne odzyskiwanie wosku pszczelego.<\/p>\n","protected":false},"excerpt":{"rendered":"<p>Topiarka s\u0142oneczna pszczelarska do wytopu wosku to niezawodne wyposa\u017cenie pasieki, kt\u00f3re pozwala wykorzysta\u0107 energi\u0119 s\u0142oneczn\u0105 do topienia wosku z ramek i woskowiny. Dzi\u0119ki uniwersalnej konstrukcji urz\u0105dzenie jest dostosowane do r\u00f3\u017cnych typ\u00f3w ramek, a jednorazowo mie\u015bci 4 ramki wielkopolskie. Model ma wymiary zewn\u0119trzne 54 x 73 cm i zosta\u0142 wykonany z materia\u0142\u00f3w dobranych pod k\u0105tem trwa\u0142o\u015bci [&hellip;]<\/p>\n","protected":false},"featured_media":33648,"template":"","meta":[],"product_brand":[84],"product_cat":[90],"product_tag":[],"class_list":{"0":"post-33647","1":"product","2":"type-product","3":"status-publish","4":"has-post-thumbnail","6":"product_brand-sulkowski","7":"product_cat-topiarki","9":"first","10":"instock","11":"taxable","12":"shipping-taxable","13":"purchasable","14":"product-type-simple"},"_links":{"self":[{"href":"https:\/\/27-215.pl\/index.php\/wp-json\/wp\/v2\/product\/33647","targetHints":{"allow":["GET"]}}],"collection":[{"href":"https:\/\/27-215.pl\/index.php\/wp-json\/wp\/v2\/product"}],"about":[{"href":"https:\/\/27-215.pl\/index.php\/wp-json\/wp\/v2\/types\/product"}],"wp:featuredmedia":[{"embeddable":true,"href":"https:\/\/27-215.pl\/index.php\/wp-json\/wp\/v2\/media\/33648"}],"wp:attachment":[{"href":"https:\/\/27-215.pl\/index.php\/wp-json\/wp\/v2\/media?parent=33647"}],"wp:term":[{"taxonomy":"product_brand","embeddable":true,"href":"https:\/\/27-215.pl\/index.php\/wp-json\/wp\/v2\/product_brand?post=33647"},{"taxonomy":"product_cat","embeddable":true,"href":"https:\/\/27-215.pl\/index.php\/wp-json\/wp\/v2\/product_cat?post=33647"},{"taxonomy":"product_tag","embeddable":true,"href":"https:\/\/27-215.pl\/index.php\/wp-json\/wp\/v2\/product_tag?post=33647"}],"curies":[{"name":"wp","href":"https:\/\/api.w.org\/{rel}","templated":true}]}}