{"id":33649,"date":"2026-05-08T14:48:16","date_gmt":"2026-05-08T12:48:16","guid":{"rendered":"https:\/\/27-215.pl\/?post_type=product&#038;p=33649"},"modified":"2026-05-12T15:07:17","modified_gmt":"2026-05-12T13:07:17","slug":"ramka-wielkopolska-sekcyjna-10-szt","status":"publish","type":"product","link":"https:\/\/27-215.pl\/index.php\/produkt\/ramka-wielkopolska-sekcyjna-10-szt\/","title":{"rendered":"Ramka Wielkopolska sekcyjna &#8211; 10 szt"},"content":{"rendered":"<p data-start=\"1334\" data-end=\"1603\"><strong data-start=\"1334\" data-end=\"1365\">Ramka sekcyjna Wielkopolska<\/strong> s\u0142u\u017cy do produkcji miodu sekcyjnego, czyli naturalnego plastra miodu sprzedawanego bez odwirowywania i przelewania. To rozwi\u0105zanie dla pszczelarzy, kt\u00f3rzy chc\u0105 oferowa\u0107 klientom mi\u00f3d w jednej z najbardziej naturalnych i efektownych form.<\/p>\n<p data-start=\"1605\" data-end=\"1951\">Ramka wykonana jest z drewna o grubo\u015bci <strong data-start=\"1645\" data-end=\"1653\">3 mm<\/strong>, co zapewnia odpowiedni\u0105 trwa\u0142o\u015b\u0107 przy zachowaniu lekkiej konstrukcji. Czopowane elementy u\u0142atwiaj\u0105 sk\u0142adanie i poprawiaj\u0105 stabilno\u015b\u0107 po zmontowaniu. Produkt jest dopasowany do ramek wielkopolskich: w ramce gniazdowej mie\u015bci si\u0119 <strong data-start=\"1883\" data-end=\"1905\">6 ramek sekcyjnych<\/strong>, a w ramce nadstawkowej <strong data-start=\"1930\" data-end=\"1950\">3 ramki sekcyjne<\/strong>.<\/p>\n<p data-start=\"1953\" data-end=\"2084\">Towar pakowany jest po <strong data-start=\"1976\" data-end=\"1988\">10 sztuk<\/strong>, dzi\u0119ki czemu komplet dobrze sprawdzi si\u0119 przy przygotowaniu uli do produkcji miodu sekcyjnego.<\/p>\n<p data-start=\"2086\" data-end=\"2407\">Mi\u00f3d w plastrze jest atrakcyjnym produktem dla klient\u00f3w, poniewa\u017c zachowuje naturaln\u0105 posta\u0107, nie jest wielokrotnie przelewany i zawiera sk\u0142adniki obecne w plastrze pszczelim, takie jak wosk, py\u0142ek i pierzga. Mo\u017cna go spo\u017cywa\u0107 bezpo\u015brednio z plastrem, \u017cu\u0107 jak naturaln\u0105 przek\u0105sk\u0119 albo wycisn\u0105\u0107 z plastra i zje\u015b\u0107 sam mi\u00f3d.<\/p>\n<p data-start=\"2409\" data-end=\"2733\" data-is-last-node=\"\" data-is-only-node=\"\">Produkcja miodu sekcyjnego pozwala pszczelarzowi poszerzy\u0107 ofert\u0119 o produkt o wy\u017cszej warto\u015bci handlowej ni\u017c klasyczny mi\u00f3d w s\u0142oiku. Ramki sekcyjne Wielkopolskie s\u0105 wi\u0119c praktycznym wyposa\u017ceniem pasieki dla os\u00f3b, kt\u00f3re chc\u0105 zwi\u0119kszy\u0107 atrakcyjno\u015b\u0107 swojej sprzeda\u017cy i zaoferowa\u0107 klientom naturalny plaster miodu prosto z ula.<\/p>\n","protected":false},"excerpt":{"rendered":"<p>Ramka sekcyjna Wielkopolska s\u0142u\u017cy do produkcji miodu sekcyjnego, czyli naturalnego plastra miodu sprzedawanego bez odwirowywania i przelewania. To rozwi\u0105zanie dla pszczelarzy, kt\u00f3rzy chc\u0105 oferowa\u0107 klientom mi\u00f3d w jednej z najbardziej naturalnych i efektownych form. Ramka wykonana jest z drewna o grubo\u015bci 3 mm, co zapewnia odpowiedni\u0105 trwa\u0142o\u015b\u0107 przy zachowaniu lekkiej konstrukcji. Czopowane elementy u\u0142atwiaj\u0105 sk\u0142adanie [&hellip;]<\/p>\n","protected":false},"featured_media":33650,"template":"","meta":[],"product_brand":[84],"product_cat":[55],"product_tag":[],"class_list":{"0":"post-33649","1":"product","2":"type-product","3":"status-publish","4":"has-post-thumbnail","6":"product_brand-sulkowski","7":"product_cat-ramki","9":"first","10":"instock","11":"taxable","12":"shipping-taxable","13":"purchasable","14":"product-type-simple"},"_links":{"self":[{"href":"https:\/\/27-215.pl\/index.php\/wp-json\/wp\/v2\/product\/33649","targetHints":{"allow":["GET"]}}],"collection":[{"href":"https:\/\/27-215.pl\/index.php\/wp-json\/wp\/v2\/product"}],"about":[{"href":"https:\/\/27-215.pl\/index.php\/wp-json\/wp\/v2\/types\/product"}],"wp:featuredmedia":[{"embeddable":true,"href":"https:\/\/27-215.pl\/index.php\/wp-json\/wp\/v2\/media\/33650"}],"wp:attachment":[{"href":"https:\/\/27-215.pl\/index.php\/wp-json\/wp\/v2\/media?parent=33649"}],"wp:term":[{"taxonomy":"product_brand","embeddable":true,"href":"https:\/\/27-215.pl\/index.php\/wp-json\/wp\/v2\/product_brand?post=33649"},{"taxonomy":"product_cat","embeddable":true,"href":"https:\/\/27-215.pl\/index.php\/wp-json\/wp\/v2\/product_cat?post=33649"},{"taxonomy":"product_tag","embeddable":true,"href":"https:\/\/27-215.pl\/index.php\/wp-json\/wp\/v2\/product_tag?post=33649"}],"curies":[{"name":"wp","href":"https:\/\/api.w.org\/{rel}","templated":true}]}}