{"id":33651,"date":"2026-05-12T12:47:21","date_gmt":"2026-05-12T10:47:21","guid":{"rendered":"https:\/\/27-215.pl\/?post_type=product&#038;p=33651"},"modified":"2026-05-12T19:01:28","modified_gmt":"2026-05-12T17:01:28","slug":"nakretka-do-podkarmiania","status":"publish","type":"product","link":"https:\/\/27-215.pl\/index.php\/produkt\/nakretka-do-podkarmiania\/","title":{"rendered":"Nakr\u0119tka do podkarmiania"},"content":{"rendered":"<p data-start=\"11\" data-end=\"305\"><strong data-start=\"11\" data-end=\"70\">Plastikowa nakr\u0119tka z dziurkami do podkarmiania pszcz\u00f3\u0142<\/strong> to prosty i praktyczny element wyposa\u017cenia pasieki, przeznaczony do podkarmiania s\u0142oikowego. Nakr\u0119tka ma \u015brednic\u0119 <strong data-start=\"185\" data-end=\"194\">82 mm<\/strong>, dzi\u0119ki czemu pasuje do wi\u0119kszo\u015bci popularnych du\u017cych s\u0142oik\u00f3w u\u017cywanych w gospodarstwach domowych i pasiekach.<\/p>\n<p data-start=\"307\" data-end=\"593\">Produkt sprawdzi si\u0119 przy podawaniu syropu cukrowego rodzinom pszczelim. Wystarczy nape\u0142ni\u0107 s\u0142oik syropem, zakr\u0119ci\u0107 go nakr\u0119tk\u0105 z otworami, odwr\u00f3ci\u0107 do g\u00f3ry dnem i ustawi\u0107 w ulu na ramkach. Otwory umo\u017cliwiaj\u0105 pszczo\u0142om stopniowe pobieranie pokarmu, co u\u0142atwia kontrolowane podkarmianie.<\/p>\n<p data-start=\"595\" data-end=\"820\">Nakr\u0119tka pasuje do standardowych du\u017cych s\u0142oik\u00f3w o pojemno\u015bci <strong data-start=\"656\" data-end=\"686\">500 ml, 720 ml oraz 900 ml<\/strong>. Mo\u017ce by\u0107 r\u00f3wnie\u017c stosowana z plastikowym pier\u015bcieniem z sitopaj\u0105czka powa\u0142kowego, co zwi\u0119ksza jej praktyczne zastosowanie w pasiece.<\/p>\n<p data-start=\"822\" data-end=\"1144\">To ekonomiczne, lekkie i \u0142atwe w u\u017cyciu rozwi\u0105zanie dla pszczelarzy, kt\u00f3rzy szukaj\u0105 sprawdzonego sposobu na podkarmianie pszcz\u00f3\u0142 bez konieczno\u015bci stosowania rozbudowanych podkarmiaczek. Nakr\u0119tka plastikowa z dziurkami jest wygodna w przechowywaniu, szybka w monta\u017cu i przydatna zar\u00f3wno w ma\u0142ych, jak i wi\u0119kszych pasiekach.<\/p>\n","protected":false},"excerpt":{"rendered":"<p>Plastikowa nakr\u0119tka z dziurkami do podkarmiania pszcz\u00f3\u0142 to prosty i praktyczny element wyposa\u017cenia pasieki, przeznaczony do podkarmiania s\u0142oikowego. Nakr\u0119tka ma \u015brednic\u0119 82 mm, dzi\u0119ki czemu pasuje do wi\u0119kszo\u015bci popularnych du\u017cych s\u0142oik\u00f3w u\u017cywanych w gospodarstwach domowych i pasiekach. Produkt sprawdzi si\u0119 przy podawaniu syropu cukrowego rodzinom pszczelim. Wystarczy nape\u0142ni\u0107 s\u0142oik syropem, zakr\u0119ci\u0107 go nakr\u0119tk\u0105 z otworami, [&hellip;]<\/p>\n","protected":false},"featured_media":33652,"template":"","meta":[],"product_brand":[],"product_cat":[60],"product_tag":[],"class_list":{"0":"post-33651","1":"product","2":"type-product","3":"status-publish","4":"has-post-thumbnail","6":"product_cat-podkarmiaczki","8":"first","9":"instock","10":"taxable","11":"shipping-taxable","12":"purchasable","13":"product-type-simple"},"_links":{"self":[{"href":"https:\/\/27-215.pl\/index.php\/wp-json\/wp\/v2\/product\/33651","targetHints":{"allow":["GET"]}}],"collection":[{"href":"https:\/\/27-215.pl\/index.php\/wp-json\/wp\/v2\/product"}],"about":[{"href":"https:\/\/27-215.pl\/index.php\/wp-json\/wp\/v2\/types\/product"}],"wp:featuredmedia":[{"embeddable":true,"href":"https:\/\/27-215.pl\/index.php\/wp-json\/wp\/v2\/media\/33652"}],"wp:attachment":[{"href":"https:\/\/27-215.pl\/index.php\/wp-json\/wp\/v2\/media?parent=33651"}],"wp:term":[{"taxonomy":"product_brand","embeddable":true,"href":"https:\/\/27-215.pl\/index.php\/wp-json\/wp\/v2\/product_brand?post=33651"},{"taxonomy":"product_cat","embeddable":true,"href":"https:\/\/27-215.pl\/index.php\/wp-json\/wp\/v2\/product_cat?post=33651"},{"taxonomy":"product_tag","embeddable":true,"href":"https:\/\/27-215.pl\/index.php\/wp-json\/wp\/v2\/product_tag?post=33651"}],"curies":[{"name":"wp","href":"https:\/\/api.w.org\/{rel}","templated":true}]}}